{"id":1388,"date":"2025-01-28T16:01:14","date_gmt":"2025-01-28T16:01:14","guid":{"rendered":"https:\/\/agatlabs.com\/initiatives-copy\/"},"modified":"2025-05-08T14:52:31","modified_gmt":"2025-05-08T20:52:31","slug":"horizontes-energeticos","status":"publish","type":"page","link":"https:\/\/agatlabs.com\/es\/initiatives\/energy-horizons\/","title":{"rendered":"Horizontes energ\u00e9ticos"},"content":{"rendered":"<div class=\"wp-block-stackable-columns alignfull stk-block-columns stk-block stk-f5554c3 stk-block-background stk--has-background-overlay\" data-block-id=\"f5554c3\"><style>.stk-f5554c3 {background-color:#000000 !important;background-image:url(https:\/\/agatlabs.com\/wp-content\/uploads\/2025\/01\/dramatic-orange-sky-over-forest.jpg) !important;background-position:center center !important;background-repeat:no-repeat !important;background-size:cover !important;overflow:hidden !important;padding-top:180px !important;padding-right:80px !important;padding-bottom:150px !important;padding-left:80px !important;margin-bottom:0px !important;opacity:1 !important;}.stk-f5554c3:before{background-color:#000000 !important;opacity:0.1 !important;}@media screen and (max-width:689px){.stk-f5554c3 {padding-top:100px !important;padding-right:25px !important;padding-bottom:60px !important;padding-left:25px !important;}}<\/style><div class=\"stk-row stk-inner-blocks has-text-align-left-tablet has-text-align-left-mobile stk-block-content stk-content-align stk-f5554c3-column\">\n<div class=\"wp-block-stackable-column stk-block-column stk-column stk-block stk-3f739b8\" data-v=\"4\" data-block-id=\"3f739b8\"><style>.stk-3f739b8-container{margin-top:0px !important;margin-right:0px !important;margin-bottom:0px !important;margin-left:0px !important;}<\/style><div class=\"stk-column-wrapper stk-block-column__content stk-container stk-3f739b8-container stk--no-background stk--no-padding\"><div class=\"stk-block-content stk-inner-blocks stk-3f739b8-inner-blocks\">\n\n\n<div class=\"wp-block-stackable-heading stk-block-heading stk-block-heading--v2 stk-block stk-ba93f5b\" id=\"energy-horizons\" data-block-id=\"ba93f5b\"><style>.stk-ba93f5b {margin-bottom:0px !important;}.stk-ba93f5b .stk-block-heading__text{color:var(--theme-palette-color-8, #ffffff) !important;line-height:1.1em !important;}@media screen and (max-width:999px){.stk-ba93f5b {max-width:100% !important;min-width:auto !important;}}<\/style><h1 class=\"stk-block-heading__text has-text-color has-palette-color-8-color\">Horizontes energ\u00e9ticos<\/h1><\/div>\n<\/div><\/div><\/div>\n<\/div><\/div>\n\n\n\n<div class=\"wp-block-stackable-spacer stk-block-spacer stk--no-padding stk-block stk-351fd8a\" data-block-id=\"351fd8a\"><style>.stk-351fd8a {height:50px !important;}@media screen and (max-width:999px){.stk-351fd8a {height:70px !important;}}<\/style><\/div>\n\n\n\n<div class=\"wp-block-stackable-columns stk-block-columns stk-block stk-1378dab\" id=\"energy-horizons-where-science-meets-sustainability\" data-block-id=\"1378dab\"><style>.stk-1378dab .stk--block-align-1378dab{align-items:center !important;}.stk-1378dab {border-top-left-radius:25px !important;border-top-right-radius:25px !important;border-bottom-right-radius:25px !important;border-bottom-left-radius:25px !important;overflow:hidden !important;padding-top:4.5% !important;padding-right:4.5% !important;padding-bottom:4.5% !important;padding-left:4.5% !important;margin-bottom:0px !important;}.stk-1378dab-column{--stk-column-gap:35px !important;row-gap:35px !important;}@media screen and (max-width:999px){.stk-1378dab {padding-top:5% !important;padding-right:5% !important;padding-bottom:5% !important;padding-left:5% !important;}}@media screen and (max-width:689px){.stk-1378dab {padding-top:10% !important;padding-right:10% !important;padding-bottom:10% !important;padding-left:10% !important;}}<\/style><div class=\"stk-row stk-inner-blocks has-text-align-center-mobile stk--block-align-1378dab stk-block-content stk-content-align stk-1378dab-column\">\n<div class=\"wp-block-stackable-column stk-block-column stk-column stk-block stk-b0fdfc3\" data-v=\"4\" data-block-id=\"b0fdfc3\"><style>.stk-b0fdfc3-container{margin-top:0px !important;margin-right:0px !important;margin-bottom:0px !important;margin-left:0px !important;}@media screen and (max-width:999px){.stk-b0fdfc3 {margin-left:0px !important;}}@media screen and (max-width:689px){.stk-b0fdfc3 {padding-top:20px !important;padding-bottom:20px !important;}}<\/style><div class=\"stk-column-wrapper stk-block-column__content stk-container stk-b0fdfc3-container stk--no-background stk--no-padding\"><div class=\"has-text-align-center has-text-align-center-mobile stk-block-content stk-inner-blocks stk-b0fdfc3-inner-blocks\">\n<div class=\"wp-block-stackable-image stk-block-image stk-block stk-5107d44\" data-block-id=\"5107d44\"><style>.stk-5107d44 .stk-img-wrapper{width:50% !important;}@media screen and (max-width:999px){.stk-5107d44 .stk-img-wrapper{width:75% !important;}}@media screen and (max-width:689px){.stk-5107d44 .stk-img-wrapper{width:100% !important;}}<\/style><figure><span class=\"stk-img-wrapper stk-image--shape-stretch\"><img loading=\"lazy\" decoding=\"async\" class=\"stk-img wp-image-1401\" src=\"https:\/\/agatlabs.com\/wp-content\/uploads\/2025\/01\/energy-horizons.png\" width=\"1000\" height=\"211\" srcset=\"https:\/\/agatlabs.com\/wp-content\/uploads\/2025\/01\/energy-horizons.png 1000w, https:\/\/agatlabs.com\/wp-content\/uploads\/2025\/01\/energy-horizons-300x63.png 300w, https:\/\/agatlabs.com\/wp-content\/uploads\/2025\/01\/energy-horizons-768x162.png 768w, https:\/\/agatlabs.com\/wp-content\/uploads\/2025\/01\/energy-horizons-600x127.png 600w\" sizes=\"auto, (max-width: 1000px) 100vw, 1000px\" \/><\/span><\/figure><\/div>\n<\/div><\/div><\/div>\n<\/div><\/div>\n\n\n\n<div class=\"wp-block-stackable-columns stk-block-columns stk-block stk-47b0687\" id=\"earth-soft\" data-block-id=\"47b0687\"><style>.stk-47b0687 .stk--block-align-47b0687{align-items:center !important;}.stk-47b0687 {border-top-left-radius:25px !important;border-top-right-radius:25px !important;border-bottom-right-radius:25px !important;border-bottom-left-radius:25px !important;overflow:hidden !important;padding-top:4.5% !important;padding-right:4.5% !important;padding-bottom:4.5% !important;padding-left:4.5% !important;margin-bottom:0px !important;}.stk-47b0687-column{--stk-column-gap:35px !important;row-gap:35px !important;}@media screen and (max-width:999px){.stk-47b0687 {padding-top:5% !important;padding-right:5% !important;padding-bottom:5% !important;padding-left:5% !important;}}@media screen and (max-width:689px){.stk-47b0687 {padding-top:10% !important;padding-right:10% !important;padding-bottom:10% !important;padding-left:10% !important;}}<\/style><div class=\"stk-row stk-inner-blocks has-text-align-center-mobile stk--block-align-47b0687 stk-block-content stk-content-align stk-47b0687-column\">\n<div class=\"wp-block-stackable-column stk-block-column stk-column stk-block stk-b50abf4\" data-v=\"4\" data-block-id=\"b50abf4\"><style>.stk-b50abf4-container{margin-top:0px !important;margin-right:0px !important;margin-bottom:0px !important;margin-left:0px !important;}.stk-b50abf4 {margin-right:26px !important;}<\/style><div class=\"stk-column-wrapper stk-block-column__content stk-container stk-b50abf4-container stk--no-background stk--no-padding\"><div class=\"has-text-align-left-mobile stk-block-content stk-inner-blocks stk-b50abf4-inner-blocks\">\n<div class=\"wp-block-stackable-heading stk-block-heading stk-block-heading--v2 stk-block stk-31466f1\" id=\"at-agat-laboratories-we-believe-in-the-power-of-science-to-shape-a-more-sustainable-future\" data-block-id=\"31466f1\"><style>.stk-31466f1 {overflow:hidden !important;border-style:solid !important;border-color:var(--theme-palette-color-2, #ffc900) !important;border-top-width:0px !important;border-right-width:0px !important;border-bottom-width:0px !important;border-left-width:6px !important;padding-left:14px !important;margin-bottom:28px !important;margin-left:-20px !important;}.stk-31466f1 .stk-block-heading__text{font-weight:800 !important;}<\/style><h2 class=\"stk-block-heading__text\">En AGAT Laboratories creemos en el poder de la ciencia para construir un futuro m\u00e1s sostenible. <\/h2><\/div>\n\n\n\n<div class=\"wp-block-stackable-text stk-block-text stk-block stk-2c44b3d\" data-block-id=\"2c44b3d\"><style>.stk-2c44b3d .stk-block-text__text{color:var(--theme-palette-color-4, #000000) !important;}<\/style><p class=\"stk-block-text__text has-text-color\"><strong>Horizontes energ\u00e9ticos<\/strong> representa nuestro compromiso inquebrantable con la innovaci\u00f3n y la gesti\u00f3n medioambiental, ayudando a las industrias de toda Norteam\u00e9rica a allanar el camino hacia un futuro m\u00e1s limpio y sostenible.<\/p><\/div>\n\n\n\n<div class=\"wp-block-stackable-text stk-block-text stk-block stk-0f334f0\" data-block-id=\"0f334f0\"><style>.stk-0f334f0 .stk-block-text__text{color:var(--theme-palette-color-4, #000000) !important;}<\/style><p class=\"stk-block-text__text has-text-color\">Como l\u00edderes en servicios anal\u00edticos, nos asociamos con empresas para abordar los crecientes desaf\u00edos del impacto ambiental, el cumplimiento normativo y la transformaci\u00f3n energ\u00e9tica. A trav\u00e9s de nuestra experiencia cient\u00edfica de vanguardia y nuestra tecnolog\u00eda avanzada, proporcionamos informaci\u00f3n \u00fatil que impulsa soluciones sostenibles.<\/p><\/div>\n\n\n\n<div class=\"wp-block-stackable-text stk-block-text stk-block stk-e01de99\" data-block-id=\"e01de99\"><style>.stk-e01de99 .stk-block-text__text{color:var(--theme-palette-color-4, #000000) !important;}<\/style><p class=\"stk-block-text__text has-text-color\">Con <strong>Horizontes energ\u00e9ticos<\/strong>, imaginamos un futuro m\u00e1s brillante, en el que la ciencia y la sostenibilidad trabajen de la mano para inspirar un cambio positivo. Nuestro enfoque innovador garantiza que su negocio se mantenga a la vanguardia, equipado para satisfacer las demandas de un panorama energ\u00e9tico en constante evoluci\u00f3n.<\/p><\/div>\n\n\n\n<div class=\"wp-block-stackable-text stk-block-text stk-block stk-99852bb\" data-block-id=\"99852bb\"><style>.stk-99852bb .stk-block-text__text{color:var(--theme-palette-color-4, #000000) !important;}<\/style><p class=\"stk-block-text__text has-text-color\">Juntos, estamos trazando el camino hacia el progreso. \u00danete a nosotros para construir un mundo en el que la innovaci\u00f3n impulse la sostenibilidad.<br><\/p><\/div>\n<\/div><\/div><\/div>\n<\/div><\/div>\n\n\n\n<div class=\"wp-block-stackable-spacer stk-block-spacer stk--no-padding stk-block stk-234d6ea\" data-block-id=\"234d6ea\"><style>.stk-234d6ea {height:50px !important;}@media screen and (max-width:999px){.stk-234d6ea {height:70px !important;}}<\/style><\/div>","protected":false},"excerpt":{"rendered":"<p>Energy Horizons by AGAT Labs empowers sustainable progress\u2014driving innovation, compliance, and environmental leadership across North America.<\/p>","protected":false},"author":2,"featured_media":1399,"parent":1386,"menu_order":0,"comment_status":"closed","ping_status":"closed","template":"","meta":{"footnotes":""},"class_list":["post-1388","page","type-page","status-publish","has-post-thumbnail","hentry"],"blocksy_meta":{"styles_descriptor":{"styles":{"desktop":"","tablet":"","mobile":""},"google_fonts":[],"version":6},"page_title_panel":"","has_hero_section":"disabled","294979639cc4286d28eae158a43f7c26":"","hero_section":"type-1","hero_elements":[{"id":"custom_title","enabled":true,"heading_tag":"h1","title":"Inicio"},{"id":"custom_description","enabled":true,"description_visibility":{"desktop":true,"tablet":true,"mobile":false}},{"id":"custom_meta","enabled":false,"meta_elements":[{"id":"author","enabled":true,"label":"By","has_author_avatar":"yes","avatar_size":25},{"id":"post_date","enabled":true,"label":"On","date_format_source":"default","date_format":"M j, Y"},{"id":"updated_date","enabled":false,"label":"On","date_format_source":"default","date_format":"M j, Y"},{"id":"categories","enabled":false,"label":"In","style":"simple"},{"id":"comments","enabled":true}],"page_meta_elements":{"joined":true,"articles_count":true,"comments":true}},{"id":"breadcrumbs","enabled":false}],"f795a2c8e66fb0c250759672a0f1fc4d":"","hero_alignment1":"CT_CSS_SKIP_RULE","hero_margin":40,"hero_alignment2":"center","hero_vertical_alignment":"center","224af4523163a59eacb4a1d275a3bf87":"","hero_structure":"narrow","6f6f64ffae7cd08881ad205e1eb06834":"","page_title_bg_type":"featured_image","custom_hero_background":{"attachment_id":null},"parallax":{"desktop":false,"tablet":false,"mobile":false},"7f36a2d4f5b0303e619ebae4d72a9ccb":"","hero_height":"250px","pageTitleFont":{"family":"Default","variation":"Default","size":"30px","line-height":"CT_CSS_SKIP_RULE","letter-spacing":"CT_CSS_SKIP_RULE","text-transform":"CT_CSS_SKIP_RULE","text-decoration":"CT_CSS_SKIP_RULE"},"pageTitleFontColor":{"default":{"color":"CT_CSS_SKIP_RULEDEFAULT"}},"pageMetaFont":{"family":"Default","variation":"n6","size":"12px","line-height":"1.3","letter-spacing":"CT_CSS_SKIP_RULE","text-transform":"uppercase","text-decoration":"CT_CSS_SKIP_RULE"},"pageMetaFontColor":{"default":{"color":"CT_CSS_SKIP_RULEDEFAULT"},"hover":{"color":"CT_CSS_SKIP_RULEDEFAULT"}},"page_meta_button_type_font_colors":{"default":{"color":"CT_CSS_SKIP_RULEDEFAULT"},"hover":{"color":"CT_CSS_SKIP_RULEDEFAULT"}},"page_meta_button_type_background_colors":{"default":{"color":"CT_CSS_SKIP_RULEDEFAULT"},"hover":{"color":"CT_CSS_SKIP_RULEDEFAULT"}},"pageExcerptFont":{"family":"Default","variation":"Default","size":"CT_CSS_SKIP_RULE","line-height":"CT_CSS_SKIP_RULE","letter-spacing":"CT_CSS_SKIP_RULE","text-transform":"CT_CSS_SKIP_RULE","text-decoration":"CT_CSS_SKIP_RULE"},"pageExcerptColor":{"default":{"color":"CT_CSS_SKIP_RULEDEFAULT"}},"breadcrumbsFont":{"family":"Default","variation":"Default","size":"CT_CSS_SKIP_RULE","line-height":"CT_CSS_SKIP_RULE","letter-spacing":"CT_CSS_SKIP_RULE","text-transform":"CT_CSS_SKIP_RULE","text-decoration":"CT_CSS_SKIP_RULE"},"breadcrumbsFontColor":{"default":{"color":"CT_CSS_SKIP_RULEDEFAULT"},"initial":{"color":"CT_CSS_SKIP_RULEDEFAULT"},"hover":{"color":"CT_CSS_SKIP_RULEDEFAULT"}},"pageTitleOverlay":{"background_type":"color","background_pattern":"type-1","background_image":{"attachment_id":null,"x":0,"y":0},"gradient":"linear-gradient(135deg,rgba(6,147,227,1) 0%,rgb(155,81,224) 100%)","background_repeat":"repeat","background_size":"auto","background_attachment":"scroll","patternColor":{"default":{"color":"#e5e7ea"}},"overlayColor":{"default":{"color":"CT_CSS_SKIP_RULE"}},"backgroundColor":{"default":{"color":"CT_CSS_SKIP_RULE"}}},"pageTitleBackground":{"background_type":"color","background_pattern":"type-1","background_image":{"attachment_id":null,"x":0,"y":0},"gradient":"linear-gradient(135deg,rgba(6,147,227,1) 0%,rgb(155,81,224) 100%)","background_repeat":"repeat","background_size":"auto","background_attachment":"scroll","patternColor":{"default":{"color":"#e5e7ea"}},"overlayColor":{"default":{"color":"CT_CSS_SKIP_RULE"}},"backgroundColor":{"default":{"color":"var(--theme-palette-color-6)"}}},"pageTitlePadding":{"top":"50px","bottom":"50px","left":"auto","right":"auto","linked":true},"ecb05450eb56f8c06b73e9fbf72614df":"","page_structure_type":"default","e7aa1f7981176862d4333be841e9d951":"","content_style_source":"inherit","content_style":"wide","vertical_spacing_source":"custom","content_area_spacing":"none","background":{"background_type":"color","background_pattern":"type-1","background_image":{"attachment_id":null,"x":0,"y":0},"gradient":"linear-gradient(135deg,rgba(6,147,227,1) 0%,rgb(155,81,224) 100%)","background_repeat":"repeat","background_size":"auto","background_attachment":"scroll","patternColor":{"default":{"color":"#e5e7ea"}},"overlayColor":{"default":{"color":"CT_CSS_SKIP_RULE"}},"backgroundColor":{"default":{"color":"CT_CSS_SKIP_RULE"}}},"content_background":{"background_type":"color","background_pattern":"type-1","background_image":{"attachment_id":null,"x":0,"y":0},"gradient":"linear-gradient(135deg,rgba(6,147,227,1) 0%,rgb(155,81,224) 100%)","background_repeat":"repeat","background_size":"auto","background_attachment":"scroll","patternColor":{"default":{"color":"#e5e7ea"}},"overlayColor":{"default":{"color":"CT_CSS_SKIP_RULE"}},"backgroundColor":{"default":{"color":"var(--theme-palette-color-8)"}}},"content_boxed_shadow":{"inherit":false,"blur":18,"spread":-6,"v_offset":12,"h_offset":0,"inset":false,"enable":true,"color":{"color":"rgba(34, 56, 101, 0.04)"}},"boxed_content_spacing":{"desktop":{"top":"40px","bottom":"40px","left":"40px","right":"40px","linked":true},"tablet":{"top":"35px","bottom":"35px","left":"35px","right":"35px","linked":true},"mobile":{"top":"20px","bottom":"20px","left":"20px","right":"20px","linked":true}},"content_boxed_radius":{"top":"3px","bottom":"3px","left":"3px","right":"3px","linked":true},"a2b24154c7f352ae218f2cf40c3fb3f9":"","disable_featured_image":"no","disable_share_box":"no","disable_header":"no","disable_footer":"no"},"aioseo_notices":[],"featured_image_src":"https:\/\/agatlabs.com\/wp-content\/uploads\/2025\/01\/dramatic-orange-sky-over-forest-600x400.jpg","featured_image_src_square":"https:\/\/agatlabs.com\/wp-content\/uploads\/2025\/01\/dramatic-orange-sky-over-forest-600x600.jpg","_links":{"self":[{"href":"https:\/\/agatlabs.com\/es\/wp-json\/wp\/v2\/pages\/1388","targetHints":{"allow":["GET"]}}],"collection":[{"href":"https:\/\/agatlabs.com\/es\/wp-json\/wp\/v2\/pages"}],"about":[{"href":"https:\/\/agatlabs.com\/es\/wp-json\/wp\/v2\/types\/page"}],"author":[{"embeddable":true,"href":"https:\/\/agatlabs.com\/es\/wp-json\/wp\/v2\/users\/2"}],"replies":[{"embeddable":true,"href":"https:\/\/agatlabs.com\/es\/wp-json\/wp\/v2\/comments?post=1388"}],"version-history":[{"count":0,"href":"https:\/\/agatlabs.com\/es\/wp-json\/wp\/v2\/pages\/1388\/revisions"}],"up":[{"embeddable":true,"href":"https:\/\/agatlabs.com\/es\/wp-json\/wp\/v2\/pages\/1386"}],"wp:featuredmedia":[{"embeddable":true,"href":"https:\/\/agatlabs.com\/es\/wp-json\/wp\/v2\/media\/1399"}],"wp:attachment":[{"href":"https:\/\/agatlabs.com\/es\/wp-json\/wp\/v2\/media?parent=1388"}],"curies":[{"name":"wp","href":"https:\/\/api.w.org\/{rel}","templated":true}]}}