{"id":1502,"date":"2025-01-31T16:47:23","date_gmt":"2025-01-31T16:47:23","guid":{"rendered":"https:\/\/agatlabs.com\/radon-kits\/short-term-deployment-instructions-copy\/"},"modified":"2025-11-18T15:17:04","modified_gmt":"2025-11-18T22:17:04","slug":"instrucciones-de-implementacion-a-largo-plazo","status":"publish","type":"page","link":"https:\/\/agatlabs.com\/es\/shop-radon\/radon-info-hub\/long-term-deployment-instructions\/","title":{"rendered":"Instrucciones para la implementaci\u00f3n a largo plazo"},"content":{"rendered":"<div class=\"wp-block-stackable-columns alignfull stk-block-columns stk-block stk-f5554c3 stk-block-background\" data-block-id=\"f5554c3\"><style>.stk-f5554c3 {background-color:var(--theme-palette-color-3, #5a5a5a) !important;background-position:bottom center !important;background-repeat:no-repeat !important;background-size:cover !important;overflow:hidden !important;padding-top:90px !important;padding-right:80px !important;padding-bottom:60px !important;padding-left:80px !important;margin-bottom:0px !important;opacity:1 !important;}.stk-f5554c3:before{background-color:var(--theme-palette-color-3, #5a5a5a) !important;}@media screen and (max-width:689px){.stk-f5554c3 {padding-top:100px !important;padding-right:25px !important;padding-bottom:60px !important;padding-left:25px !important;}}<\/style><div class=\"stk-row stk-inner-blocks has-text-align-left-tablet has-text-align-left-mobile stk-block-content stk-content-align stk-f5554c3-column\">\n<div class=\"wp-block-stackable-column stk-block-column stk-column stk-block stk-3f739b8\" data-v=\"4\" data-block-id=\"3f739b8\"><style>.stk-3f739b8-inner-blocks{align-items:flex-start !important;}<\/style><div class=\"stk-column-wrapper stk-block-column__content stk-container stk-3f739b8-container stk--no-background stk--no-padding\"><div class=\"stk--column-flex stk-block-content stk-inner-blocks stk-3f739b8-inner-blocks\">\n\n\n<div class=\"wp-block-stackable-heading stk-block-heading stk-block-heading--v2 stk-block stk-ba93f5b\" id=\"long-term-deployment-instructions\" data-block-id=\"ba93f5b\"><style>.stk-ba93f5b {margin-bottom:0px !important;}.stk-ba93f5b .stk-block-heading__text{font-size:50px !important;color:var(--theme-palette-color-8, #ffffff) !important;line-height:1.1em !important;}@media screen and (max-width:999px){.stk-ba93f5b {max-width:100% !important;min-width:auto !important;}.stk-ba93f5b .stk-block-heading__text{font-size:50px !important;}}@media screen and (max-width:689px){.stk-ba93f5b .stk-block-heading__text{font-size:40px !important;}}<\/style><h1 class=\"stk-block-heading__text has-text-color has-palette-color-8-color\">Instrucciones para la implementaci\u00f3n a largo plazo<\/h1><\/div>\n<\/div><\/div><\/div>\n<\/div><\/div>\n\n\n\n<div class=\"wp-block-stackable-spacer stk-block-spacer stk--no-padding stk-block stk-351fd8a\" data-block-id=\"351fd8a\"><style>.stk-351fd8a {height:50px !important;}@media screen and (max-width:999px){.stk-351fd8a {height:70px !important;}}<\/style><\/div>\n\n\n\n<div class=\"wp-block-stackable-columns stk-block-columns stk-block stk-6598c52\" id=\"quality-you-can-trust-precision-accountability-and-continuous-improvement\" data-block-id=\"6598c52\"><style>.stk-6598c52 .stk--block-align-6598c52{align-items:center !important;}<\/style><div class=\"stk-row stk-inner-blocks stk--block-align-6598c52 stk-block-content stk-content-align stk-6598c52-column\">\n<div class=\"wp-block-stackable-column stk-block-column stk-column stk-block stk-60ef295\" data-v=\"4\" data-block-id=\"60ef295\"><style>.stk-60ef295-container{margin-top:0px !important;margin-right:0px !important;margin-bottom:0px !important;margin-left:0px !important;}@media screen and (max-width:999px){.stk-60ef295-container{padding-left:0px !important;}}@media screen and (max-width:689px){.stk-60ef295-container{padding-left:0px !important;}}<\/style><div class=\"stk-column-wrapper stk-block-column__content stk-container stk-60ef295-container stk--no-background stk--no-padding\"><div class=\"has-text-align-center-mobile stk-block-content stk-inner-blocks stk-60ef295-inner-blocks\">\n<div class=\"wp-block-stackable-heading stk-block-heading stk-block-heading--v2 stk-block stk-6348dda\" id=\"how-to-use-a-long-term-radon-testing-device\" data-block-id=\"6348dda\"><style>.stk-6348dda .stk-block-heading__text{line-height:1.5em !important;font-weight:800 !important;}@media screen and (max-width:999px){.stk-6348dda .stk-block-heading__text{font-size:30px !important;}}@media screen and (max-width:689px){.stk-6348dda .stk-block-heading__text{font-size:25px !important;}}<\/style><h2 class=\"stk-block-heading__text has-text-align-left-mobile\">C\u00f3mo utilizar un dispositivo de medici\u00f3n de rad\u00f3n a largo plazo<\/h2><\/div>\n\n\n\n<div class=\"wp-block-stackable-text stk-block-text stk-block stk-a61fcb5\" id=\"long-term-llt-e-perm\u2122-electrets\" data-block-id=\"a61fcb5\"><style>@media screen and (max-width:689px){.stk-a61fcb5 {margin-bottom:35px !important;}}<\/style><p class=\"stk-block-text__text has-text-align-left-mobile\">Las pruebas de rad\u00f3n a largo plazo proporcionan una imagen completa de los niveles medios de rad\u00f3n durante todo el a\u00f1o en hogares, empresas y escuelas. Estas pruebas se realizan mejor en oto\u00f1o e invierno, entre octubre y abril, durante m\u00e1s de 91 d\u00edas. Los estudios han demostrado que las pruebas de rad\u00f3n a largo plazo proporcionan una precisi\u00f3n del 96 % en las lecturas de rad\u00f3n, en comparaci\u00f3n con las pruebas a corto plazo, que tienen una precisi\u00f3n baja. Actualmente, ofrecemos dos dispositivos diferentes para las pruebas de rad\u00f3n a largo plazo. Tome nota del dise\u00f1o de su dispositivo y consulte las instrucciones correspondientes a continuaci\u00f3n.<\/p><\/div>\n\n\n\n<div class=\"wp-block-stackable-spacer stk-block-spacer stk--no-padding stk-block stk-9bb2fef\" data-block-id=\"9bb2fef\"><style>.stk-9bb2fef {height:50px !important;}@media screen and (max-width:999px){.stk-9bb2fef {height:70px !important;}}<\/style><\/div>\n\n\n\n<div class=\"wp-block-stackable-heading stk-block-heading stk-block-heading--v2 stk-block stk-86f7a94\" id=\"radon-test-kits-include\" data-block-id=\"86f7a94\"><style>.stk-86f7a94 .stk-block-heading__text{line-height:1.5em !important;font-weight:800 !important;}@media screen and (max-width:999px){.stk-86f7a94 .stk-block-heading__text{font-size:30px !important;}}@media screen and (max-width:689px){.stk-86f7a94 .stk-block-heading__text{font-size:25px !important;}}<\/style><h3 class=\"stk-block-heading__text has-text-align-left-mobile\">Los kits de prueba de rad\u00f3n incluyen:<\/h3><\/div>\n\n\n\n<ul class=\"wp-block-list\">\n<li>Alquiler de dispositivo para medir el rad\u00f3n<\/li>\n\n\n\n<li>C\u00f3mo utilizar su dispositivo de medici\u00f3n de rad\u00f3n Instrucciones<\/li>\n\n\n\n<li>Ejemplo de registro de cadena de custodia<\/li>\n\n\n\n<li>Formulario de informaci\u00f3n adicional<\/li>\n\n\n\n<li>Etiqueta con la direcci\u00f3n del remitente y caja de env\u00edo<\/li>\n\n\n\n<li>Informe de pruebas de rad\u00f3n con recomendaciones tras la finalizaci\u00f3n del an\u00e1lisis de laboratorio.<\/li>\n<\/ul>\n\n\n\n<div class=\"wp-block-stackable-spacer stk-block-spacer stk--no-padding stk-block stk-6b497fd\" data-block-id=\"6b497fd\"><\/div>\n\n\n\n<div class=\"wp-block-stackable-image stk-block-image stk-block stk-d3f51c5\" data-block-id=\"d3f51c5\"><figure><span class=\"stk-img-wrapper stk-image--shape-stretch\"><img loading=\"lazy\" decoding=\"async\" class=\"stk-img wp-image-2800\" src=\"https:\/\/agatlabs.com\/wp-content\/uploads\/radon-testing-device-instructions-agat-labs.webp\" width=\"1662\" height=\"2500\" alt=\"Instrucciones para un dispositivo de medici\u00f3n de rad\u00f3n a largo plazo.\" srcset=\"https:\/\/agatlabs.com\/wp-content\/uploads\/radon-testing-device-instructions-agat-labs.webp 1662w, https:\/\/agatlabs.com\/wp-content\/uploads\/radon-testing-device-instructions-agat-labs-199x300.webp 199w, https:\/\/agatlabs.com\/wp-content\/uploads\/radon-testing-device-instructions-agat-labs-681x1024.webp 681w, https:\/\/agatlabs.com\/wp-content\/uploads\/radon-testing-device-instructions-agat-labs-768x1155.webp 768w, https:\/\/agatlabs.com\/wp-content\/uploads\/radon-testing-device-instructions-agat-labs-1021x1536.webp 1021w, https:\/\/agatlabs.com\/wp-content\/uploads\/radon-testing-device-instructions-agat-labs-1362x2048.webp 1362w, https:\/\/agatlabs.com\/wp-content\/uploads\/radon-testing-device-instructions-agat-labs-8x12.webp 8w, https:\/\/agatlabs.com\/wp-content\/uploads\/radon-testing-device-instructions-agat-labs-600x903.webp 600w\" sizes=\"auto, (max-width: 1662px) 100vw, 1662px\" \/><\/span><\/figure><\/div>\n\n\n\n<div class=\"wp-block-stackable-spacer stk-block-spacer stk--no-padding stk-block stk-e92b01a\" data-block-id=\"e92b01a\"><\/div>\n\n\n\n<div class=\"wp-block-stackable-heading stk-block-heading stk-block-heading--v2 stk-block stk-959f1b4\" id=\"how-to-use-an-l-chamber-radon-testing-device\" data-block-id=\"959f1b4\"><style>.stk-959f1b4 .stk-block-heading__text{line-height:1.5em !important;font-weight:800 !important;}@media screen and (max-width:999px){.stk-959f1b4 .stk-block-heading__text{font-size:30px !important;}}@media screen and (max-width:689px){.stk-959f1b4 .stk-block-heading__text{font-size:25px !important;}}<\/style><h3 class=\"stk-block-heading__text has-text-align-left-mobile\">C\u00f3mo utilizar un dispositivo de medici\u00f3n de rad\u00f3n con c\u00e1mara en L<\/h3><\/div>\n\n\n\n<div class=\"wp-block-stackable-image stk-block-image stk-block stk-13930fa\" data-block-id=\"13930fa\"><figure><span class=\"stk-img-wrapper stk-image--shape-stretch\"><img loading=\"lazy\" decoding=\"async\" class=\"stk-img wp-image-2799\" src=\"https:\/\/agatlabs.com\/wp-content\/uploads\/l-chamber-radon-testing-instructions-agat-labs.webp\" width=\"1662\" height=\"2500\" alt=\"Instrucciones para el uso de un dispositivo de medici\u00f3n de rad\u00f3n con c\u00e1mara en L\" srcset=\"https:\/\/agatlabs.com\/wp-content\/uploads\/l-chamber-radon-testing-instructions-agat-labs.webp 1662w, https:\/\/agatlabs.com\/wp-content\/uploads\/l-chamber-radon-testing-instructions-agat-labs-199x300.webp 199w, https:\/\/agatlabs.com\/wp-content\/uploads\/l-chamber-radon-testing-instructions-agat-labs-681x1024.webp 681w, https:\/\/agatlabs.com\/wp-content\/uploads\/l-chamber-radon-testing-instructions-agat-labs-768x1155.webp 768w, https:\/\/agatlabs.com\/wp-content\/uploads\/l-chamber-radon-testing-instructions-agat-labs-1021x1536.webp 1021w, https:\/\/agatlabs.com\/wp-content\/uploads\/l-chamber-radon-testing-instructions-agat-labs-1362x2048.webp 1362w, https:\/\/agatlabs.com\/wp-content\/uploads\/l-chamber-radon-testing-instructions-agat-labs-8x12.webp 8w, https:\/\/agatlabs.com\/wp-content\/uploads\/l-chamber-radon-testing-instructions-agat-labs-600x903.webp 600w\" sizes=\"auto, (max-width: 1662px) 100vw, 1662px\" \/><\/span><\/figure><\/div>\n<\/div><\/div><\/div>\n<\/div><\/div>\n\n\n\n<div class=\"wp-block-stackable-spacer stk-block-spacer stk--no-padding stk-block stk-0cd2943\" data-block-id=\"0cd2943\"><style>.stk-0cd2943 {height:100px !important;}@media screen and (max-width:999px){.stk-0cd2943 {height:20px !important;}}<\/style><\/div>","protected":false},"excerpt":{"rendered":"<p>Follow these instructions to properly deploy and return AGAT\u2019s long-term radon test kits (LLT E-PERM\u2122) for accurate 91+ day measurements.<\/p>","protected":false},"author":2,"featured_media":2010,"parent":1289,"menu_order":0,"comment_status":"closed","ping_status":"closed","template":"","meta":{"footnotes":""},"class_list":["post-1502","page","type-page","status-publish","has-post-thumbnail","hentry"],"blocksy_meta":{"page_title_panel":"","has_hero_section":"disabled","4c9fda44a86fd2db9b986554bd5adacc":"","hero_section":"type-1","hero_elements":[{"id":"custom_title","enabled":true,"heading_tag":"h1","title":"Inicio"},{"id":"custom_description","enabled":true,"description_visibility":{"desktop":true,"tablet":true,"mobile":false}},{"id":"custom_meta","enabled":false,"meta_elements":[{"id":"author","enabled":true,"label":"By","has_author_avatar":"yes","avatar_size":25},{"id":"post_date","enabled":true,"label":"On","date_format_source":"default","date_format":"M j, Y"},{"id":"updated_date","enabled":false,"label":"On","date_format_source":"default","date_format":"M j, Y"},{"id":"categories","enabled":false,"label":"In","style":"simple"},{"id":"comments","enabled":true}],"page_meta_elements":{"joined":true,"articles_count":true,"comments":true}},{"id":"breadcrumbs","enabled":false}],"66042b754988433a4cbe987eedc3ae87":"","hero_alignment1":"CT_CSS_SKIP_RULE","hero_margin":40,"hero_alignment2":"center","hero_vertical_alignment":"center","66b1c9575babd2492d521cdab8aeeeb8":"","hero_structure":"narrow","a4866dd9086b283ac9c9ed661667191f":"","page_title_bg_type":"featured_image","custom_hero_background":{"attachment_id":null},"parallax":{"desktop":false,"tablet":false,"mobile":false},"00191fa96e3391c316bf3a007888aea4":"","hero_height":"250px","pageTitleFont":{"family":"Default","variation":"Default","size":"30px","line-height":"CT_CSS_SKIP_RULE","letter-spacing":"CT_CSS_SKIP_RULE","text-transform":"CT_CSS_SKIP_RULE","text-decoration":"CT_CSS_SKIP_RULE"},"pageTitleFontColor":{"default":{"color":"CT_CSS_SKIP_RULEDEFAULT"}},"pageMetaFont":{"family":"Default","variation":"n6","size":"12px","line-height":"1.3","letter-spacing":"CT_CSS_SKIP_RULE","text-transform":"uppercase","text-decoration":"CT_CSS_SKIP_RULE"},"pageMetaFontColor":{"default":{"color":"CT_CSS_SKIP_RULEDEFAULT"},"hover":{"color":"CT_CSS_SKIP_RULEDEFAULT"}},"page_meta_button_type_font_colors":{"default":{"color":"CT_CSS_SKIP_RULEDEFAULT"},"hover":{"color":"CT_CSS_SKIP_RULEDEFAULT"}},"page_meta_button_type_background_colors":{"default":{"color":"CT_CSS_SKIP_RULEDEFAULT"},"hover":{"color":"CT_CSS_SKIP_RULEDEFAULT"}},"pageExcerptFont":{"family":"Default","variation":"Default","size":"CT_CSS_SKIP_RULE","line-height":"CT_CSS_SKIP_RULE","letter-spacing":"CT_CSS_SKIP_RULE","text-transform":"CT_CSS_SKIP_RULE","text-decoration":"CT_CSS_SKIP_RULE"},"pageExcerptColor":{"default":{"color":"CT_CSS_SKIP_RULEDEFAULT"}},"breadcrumbsFont":{"family":"Default","variation":"Default","size":"CT_CSS_SKIP_RULE","line-height":"CT_CSS_SKIP_RULE","letter-spacing":"CT_CSS_SKIP_RULE","text-transform":"CT_CSS_SKIP_RULE","text-decoration":"CT_CSS_SKIP_RULE"},"breadcrumbsFontColor":{"default":{"color":"CT_CSS_SKIP_RULEDEFAULT"},"initial":{"color":"CT_CSS_SKIP_RULEDEFAULT"},"hover":{"color":"CT_CSS_SKIP_RULEDEFAULT"}},"pageTitleOverlay":{"background_type":"color","background_pattern":"type-1","background_image":{"attachment_id":null,"x":0,"y":0},"gradient":"linear-gradient(135deg,rgba(6,147,227,1) 0%,rgb(155,81,224) 100%)","background_repeat":"repeat","background_size":"auto","background_attachment":"scroll","patternColor":{"default":{"color":"#e5e7ea"}},"overlayColor":{"default":{"color":"CT_CSS_SKIP_RULE"}},"backgroundColor":{"default":{"color":"CT_CSS_SKIP_RULE"}}},"pageTitleBackground":{"background_type":"color","background_pattern":"type-1","background_image":{"attachment_id":null,"x":0,"y":0},"gradient":"linear-gradient(135deg,rgba(6,147,227,1) 0%,rgb(155,81,224) 100%)","background_repeat":"repeat","background_size":"auto","background_attachment":"scroll","patternColor":{"default":{"color":"#e5e7ea"}},"overlayColor":{"default":{"color":"CT_CSS_SKIP_RULE"}},"backgroundColor":{"default":{"color":"var(--theme-palette-color-6)"}}},"pageTitlePadding":{"top":"50px","bottom":"50px","left":"auto","right":"auto","linked":true},"a3b0907b6ab61faa63e2bc8f813fc816":"","page_structure_type":"default","2812c2d977791092646ebe1ec21f2cc9":"","content_style_source":"inherit","content_style":"wide","vertical_spacing_source":"custom","content_area_spacing":"none","background":{"background_type":"color","background_pattern":"type-1","background_image":{"attachment_id":null,"x":0,"y":0},"gradient":"linear-gradient(135deg,rgba(6,147,227,1) 0%,rgb(155,81,224) 100%)","background_repeat":"repeat","background_size":"auto","background_attachment":"scroll","patternColor":{"default":{"color":"#e5e7ea"}},"overlayColor":{"default":{"color":"CT_CSS_SKIP_RULE"}},"backgroundColor":{"default":{"color":"CT_CSS_SKIP_RULE"}}},"content_background":{"background_type":"color","background_pattern":"type-1","background_image":{"attachment_id":null,"x":0,"y":0},"gradient":"linear-gradient(135deg,rgba(6,147,227,1) 0%,rgb(155,81,224) 100%)","background_repeat":"repeat","background_size":"auto","background_attachment":"scroll","patternColor":{"default":{"color":"#e5e7ea"}},"overlayColor":{"default":{"color":"CT_CSS_SKIP_RULE"}},"backgroundColor":{"default":{"color":"var(--theme-palette-color-8)"}}},"content_boxed_shadow":{"inherit":false,"blur":18,"spread":-6,"v_offset":12,"h_offset":0,"inset":false,"enable":true,"color":{"color":"rgba(34, 56, 101, 0.04)"}},"boxed_content_spacing":{"desktop":{"top":"40px","bottom":"40px","left":"40px","right":"40px","linked":true},"tablet":{"top":"35px","bottom":"35px","left":"35px","right":"35px","linked":true},"mobile":{"top":"20px","bottom":"20px","left":"20px","right":"20px","linked":true}},"content_boxed_radius":{"top":"3px","bottom":"3px","left":"3px","right":"3px","linked":true},"556d9b8bfe2e6d516b5f64f92b0da372":"","disable_featured_image":"no","disable_share_box":"no","disable_header":"no","disable_footer":"no","styles_descriptor":{"styles":{"desktop":"","tablet":"","mobile":""},"google_fonts":[],"version":6}},"aioseo_notices":[],"featured_image_src":"https:\/\/agatlabs.com\/wp-content\/uploads\/agat-radon-long-term-l-chamber-lt-electret-foil-up-600x400.jpg","featured_image_src_square":"https:\/\/agatlabs.com\/wp-content\/uploads\/agat-radon-long-term-l-chamber-lt-electret-foil-up-600x600.jpg","_links":{"self":[{"href":"https:\/\/agatlabs.com\/es\/wp-json\/wp\/v2\/pages\/1502","targetHints":{"allow":["GET"]}}],"collection":[{"href":"https:\/\/agatlabs.com\/es\/wp-json\/wp\/v2\/pages"}],"about":[{"href":"https:\/\/agatlabs.com\/es\/wp-json\/wp\/v2\/types\/page"}],"author":[{"embeddable":true,"href":"https:\/\/agatlabs.com\/es\/wp-json\/wp\/v2\/users\/2"}],"replies":[{"embeddable":true,"href":"https:\/\/agatlabs.com\/es\/wp-json\/wp\/v2\/comments?post=1502"}],"version-history":[{"count":0,"href":"https:\/\/agatlabs.com\/es\/wp-json\/wp\/v2\/pages\/1502\/revisions"}],"up":[{"embeddable":true,"href":"https:\/\/agatlabs.com\/es\/wp-json\/wp\/v2\/pages\/1289"}],"wp:featuredmedia":[{"embeddable":true,"href":"https:\/\/agatlabs.com\/es\/wp-json\/wp\/v2\/media\/2010"}],"wp:attachment":[{"href":"https:\/\/agatlabs.com\/es\/wp-json\/wp\/v2\/media?parent=1502"}],"curies":[{"name":"wp","href":"https:\/\/api.w.org\/{rel}","templated":true}]}}