{"id":2117,"date":"2025-03-19T17:09:04","date_gmt":"2025-03-19T17:09:04","guid":{"rendered":"https:\/\/agatlabs.com\/?page_id=2117"},"modified":"2025-05-08T14:41:23","modified_gmt":"2025-05-08T20:41:23","slug":"politica-de-salud-seguridad-y-medio-ambiente","status":"publish","type":"page","link":"https:\/\/agatlabs.com\/es\/health-safety-environment-policy\/","title":{"rendered":"Pol\u00edtica de salud, seguridad y medio ambiente (HSE)"},"content":{"rendered":"<div class=\"wp-block-stackable-columns alignfull stk-block-columns stk-block stk-5bfa90b stk-block-background stk--has-background-overlay\" data-block-id=\"5bfa90b\"><style>.stk-5bfa90b {background-color:#000000 !important;background-image:url(https:\/\/agatlabs.com\/wp-content\/uploads\/lush-green-mountain-forest.jpg) !important;background-position:center center !important;background-repeat:no-repeat !important;background-size:cover !important;overflow:hidden !important;padding-top:180px !important;padding-right:80px !important;padding-bottom:150px !important;padding-left:80px !important;margin-bottom:0px !important;opacity:1 !important;}.stk-5bfa90b:before{background-color:#000000 !important;opacity:0.1 !important;}@media screen and (max-width:689px){.stk-5bfa90b {padding-top:100px !important;padding-right:25px !important;padding-bottom:60px !important;padding-left:25px !important;}}<\/style><div class=\"stk-row stk-inner-blocks has-text-align-left-tablet has-text-align-left-mobile stk-block-content stk-content-align stk-5bfa90b-column\">\n<div class=\"wp-block-stackable-column stk-block-column stk-column stk-block stk-8f9bc8d\" data-v=\"4\" data-block-id=\"8f9bc8d\"><style>.stk-8f9bc8d-container{margin-top:0px !important;margin-right:0px !important;margin-bottom:0px !important;margin-left:0px !important;}<\/style><div class=\"stk-column-wrapper stk-block-column__content stk-container stk-8f9bc8d-container stk--no-background stk--no-padding\"><div class=\"stk-block-content stk-inner-blocks stk-8f9bc8d-inner-blocks\">\n\n\n<div class=\"wp-block-stackable-heading stk-block-heading stk-block-heading--v2 stk-block stk-fb8dec1\" id=\"hse-policy\" data-block-id=\"fb8dec1\"><style>.stk-fb8dec1 {margin-bottom:0px !important;}.stk-fb8dec1 .stk-block-heading__text{color:var(--theme-palette-color-8, #ffffff) !important;line-height:1.1em !important;}@media screen and (max-width:999px){.stk-fb8dec1 {max-width:100% !important;min-width:auto !important;}}<\/style><h1 class=\"stk-block-heading__text has-text-color has-palette-color-8-color\">Pol\u00edtica de salud, seguridad y medio ambiente<\/h1><\/div>\n<\/div><\/div><\/div>\n<\/div><\/div>\n\n\n\n<div class=\"wp-block-stackable-spacer stk-block-spacer stk--no-padding stk-block stk-351fd8a\" data-block-id=\"351fd8a\"><style>.stk-351fd8a {height:50px !important;}@media screen and (max-width:999px){.stk-351fd8a {height:70px !important;}}@media screen and (max-width:689px){.stk-351fd8a {height:20px !important;}}<\/style><\/div>\n\n\n\n<div class=\"wp-block-stackable-columns stk-block-columns stk-block stk-50ad6eb stk-block-background\" data-block-id=\"50ad6eb\"><style>.stk-50ad6eb {background-color:transparent !important;background-position:top right !important;background-repeat:no-repeat !important;background-size:850px !important;padding-top:0px !important;padding-right:0px !important;padding-bottom:0px !important;padding-left:0px !important;margin-bottom:0px !important;overflow:visible !important;}.stk-50ad6eb:before{background-color:transparent !important;}.stk-50ad6eb .stk-container{overflow:visible !important;}.stk-50ad6eb-column{--stk-column-gap:28px !important;}@media screen and (max-width:999px){.stk-50ad6eb {background-size:600px !important;}}@media screen and (max-width:689px){.stk-50ad6eb {background-position:center right !important;background-size:400px !important;--stk-col-order-1:2 !important;--stk-col-order-2:1 !important;}}<\/style><div class=\"stk-row stk-inner-blocks stk-block-content stk-content-align stk-50ad6eb-column\">\n<div class=\"wp-block-stackable-column stk-block-column stk-column stk-block stk-6ca83af\" data-v=\"4\" data-block-id=\"6ca83af\"><div class=\"stk-column-wrapper stk-block-column__content stk-container stk-6ca83af-container stk--no-background stk--no-padding\"><div class=\"stk-block-content stk-inner-blocks stk-6ca83af-inner-blocks\">\n<div class=\"wp-block-stackable-heading stk-block-heading stk-block-heading--v2 stk-block stk-02dc96b\" id=\"health-safety-amp-environment-at-agat-laboratories\" data-block-id=\"02dc96b\"><h2 class=\"stk-block-heading__text has-text-align-left\">Salud, seguridad y medio ambiente en los Laboratorios AGAT<\/h2><\/div>\n\n\n\n<div class=\"wp-block-stackable-text stk-block-text stk-block stk-f0f91fa\" id=\"health-safety-amp-environment-at-agat-laboratories\" data-block-id=\"f0f91fa\"><style>.stk-f0f91fa {margin-bottom:40px !important;}<\/style><p class=\"stk-block-text__text has-text-align-left\">En AGAT Laboratories, priorizamos la salud, la seguridad y la responsabilidad medioambiental en todo lo que hacemos. Nuestro compromiso garantiza un lugar de trabajo seguro, fomenta el bienestar y mantiene los m\u00e1s altos est\u00e1ndares medioambientales.<\/p><\/div>\n\n\n\n<div class=\"wp-block-stackable-heading stk-block-heading stk-block-heading--v2 stk-block stk-31466f1\" id=\"health-amp-safety-commitment\" data-block-id=\"31466f1\"><style>.stk-31466f1 {overflow:hidden !important;border-style:solid !important;border-color:var(--theme-palette-color-2, #ffc900) !important;border-top-width:0px !important;border-right-width:0px !important;border-bottom-width:0px !important;border-left-width:6px !important;padding-left:14px !important;margin-left:-20px !important;}.stk-31466f1 .stk-block-heading__text{font-weight:800 !important;}<\/style><h3 class=\"stk-block-heading__text\">Compromiso con la salud y la seguridad<\/h3><\/div>\n\n\n\n<div class=\"wp-block-stackable-text stk-block-text stk-block stk-6432c52\" id=\"health-amp-safety-commitment\" data-block-id=\"6432c52\"><style>.stk-6432c52 {margin-bottom:20px !important;}<\/style><p class=\"stk-block-text__text has-text-align-left\">Nos comprometemos a proteger a nuestros empleados, contratistas, visitantes y al p\u00fablico en general. La seguridad es una responsabilidad compartida, respaldada por:<\/p><\/div>\n\n\n\n<div class=\"wp-block-stackable-icon-list stk-block-icon-list stk-block stk-6009a97\" data-block-id=\"6009a97\"><style>.stk-6009a97 .stk-block-icon-list-item__content{gap:8px !important;align-items:flex-start !important;}.stk-6009a97 {--stk-icon-list-column-count:1 !important;--stk-icon-list-row-gap:4px !important;--stk-icon-list-marker-color:var(--theme-palette-color-11, #5a5a5a) !important;--stk-icon-height:20px !important;}.stk-6009a97 ul, .stk-6009a97 ol{padding-left:24px !important;}.stk-6009a97 ul .stk-block-icon-list-item__content .stk--inner-svg, .stk-6009a97 ol .stk-block-icon-list-item__content .stk-block-icon-list-item__marker{transform:translateY(4px) !important;}<\/style><svg style=\"display:none\"><defs><g id=\"stk-icon-list__icon-svg-def-6009a97\"><svg xmlns=\"http:\/\/www.w3.org\/2000\/svg\" viewbox=\"0 0 512 512\"><path d=\"M256 48a208 208 0 1 1 0 416 208 208 0 1 1 0-416zm0 464A256 256 0 1 0 256 0a256 256 0 1 0 0 512zM369 209c9.4-9.4 9.4-24.6 0-33.9s-24.6-9.4-33.9 0l-111 111-47-47c-9.4-9.4-24.6-9.4-33.9 0s-9.4 24.6 0 33.9l64 64c9.4 9.4 24.6 9.4 33.9 0L369 209z\" \/><\/svg><\/g><\/defs><\/svg><ul class=\"stk-block-icon-list__ul stk-block-icon-list--column\">\n<li class=\"wp-block-stackable-icon-list-item stk-block-icon-list-item stk-block stk-43f4839\" data-block-id=\"43f4839\"><div class=\"stk-block-icon-list-item__content\"><span class=\"stk--svg-wrapper\"><div class=\"stk--inner-svg\"><svg aria-hidden=\"true\" width=\"32\" height=\"32\"><use xlink:href=\"#stk-icon-list__icon-svg-def-6009a97\"><\/use><\/svg><\/div><\/span><span class=\"stk-block-icon-list-item__text\"><strong>Pr\u00e1cticas de trabajo seguras<\/strong> \u2013 Una formaci\u00f3n completa, un equipo adecuado y unos procedimientos estrictos garantizan un lugar de trabajo seguro.<\/span><\/div><\/li>\n\n\n\n<li class=\"wp-block-stackable-icon-list-item stk-block-icon-list-item stk-block stk-a8e4062\" data-block-id=\"a8e4062\"><div class=\"stk-block-icon-list-item__content\"><span class=\"stk--svg-wrapper\"><div class=\"stk--inner-svg\"><svg aria-hidden=\"true\" width=\"32\" height=\"32\"><use xlink:href=\"#stk-icon-list__icon-svg-def-6009a97\"><\/use><\/svg><\/div><\/span><span class=\"stk-block-icon-list-item__text\"><strong>Cumplimiento y responsabilidad<\/strong> \u2013 Cumplimos con las mejores pr\u00e1cticas del sector y las regulaciones gubernamentales en todos los niveles.<\/span><\/div><\/li>\n\n\n\n<li class=\"wp-block-stackable-icon-list-item stk-block-icon-list-item stk-block stk-a1d1e46\" data-block-id=\"a1d1e46\"><div class=\"stk-block-icon-list-item__content\"><span class=\"stk--svg-wrapper\"><div class=\"stk--inner-svg\"><svg aria-hidden=\"true\" width=\"32\" height=\"32\"><use xlink:href=\"#stk-icon-list__icon-svg-def-6009a97\"><\/use><\/svg><\/div><\/span><span class=\"stk-block-icon-list-item__text\"><strong>Colaboraci\u00f3n y mejora<\/strong> \u2013 A trav\u00e9s del trabajo en equipo, mejoramos los programas de seguridad para una protecci\u00f3n continua.<\/span><\/div><\/li>\n<\/ul><\/div>\n\n\n\n<div class=\"wp-block-stackable-button-group stk-block-button-group stk-block stk-a42ee1d\" id=\"health-amp-safety-commitment\" data-block-id=\"a42ee1d\"><style>.stk-a42ee1d {margin-bottom:56px !important;}<\/style><div class=\"stk-row stk-inner-blocks stk-block-content stk-button-group\">\n<div class=\"wp-block-stackable-button stk-block-button stk-block stk-820c60e\" data-block-id=\"820c60e\"><style>.stk-820c60e .stk-button{padding-top:6px !important;padding-right:20px !important;padding-bottom:6px !important;padding-left:20px !important;border-top-left-radius:6px !important;border-top-right-radius:6px !important;border-bottom-right-radius:6px !important;border-bottom-left-radius:6px !important;}.stk-820c60e .stk-button .stk--inner-svg svg:last-child{height:20px !important;width:20px !important;}.stk-820c60e .stk-button__inner-text{font-weight:500 !important;}<\/style><a class=\"stk-link stk-button stk--hover-effect-darken\" href=\"https:\/\/agatlabs.com\/es\/politica-de-salud-seguridad-y-medio-ambiente\/politica-de-seguridad-sanitaria\/\" rel=\"noreferrer noopener\"><span class=\"stk-button__inner-text\">Pol\u00edtica de salud y seguridad<\/span><\/a><\/div>\n<\/div><\/div>\n\n\n\n<div class=\"wp-block-stackable-heading stk-block-heading stk-block-heading--v2 stk-block stk-7fcfe1d\" id=\"environmental-responsibility\" data-block-id=\"7fcfe1d\"><style>.stk-7fcfe1d {overflow:hidden !important;border-style:solid !important;border-color:var(--theme-palette-color-2, #ffc900) !important;border-top-width:0px !important;border-right-width:0px !important;border-bottom-width:0px !important;border-left-width:6px !important;padding-left:14px !important;margin-left:-20px !important;}.stk-7fcfe1d .stk-block-heading__text{font-weight:800 !important;}<\/style><h3 class=\"stk-block-heading__text\">Responsabilidad medioambiental<\/h3><\/div>\n\n\n\n<div class=\"wp-block-stackable-text stk-block-text stk-block stk-801108c\" id=\"environmental-responsibility\" data-block-id=\"801108c\"><style>.stk-801108c {margin-bottom:20px !important;}<\/style><p class=\"stk-block-text__text has-text-align-left\">La sostenibilidad es el eje central de nuestras operaciones. Nos esforzamos por minimizar nuestro impacto ambiental mediante:<\/p><\/div>\n\n\n\n<div class=\"wp-block-stackable-icon-list stk-block-icon-list stk-block stk-be2689f\" data-block-id=\"be2689f\"><style>.stk-be2689f .stk-block-icon-list-item__content{gap:8px !important;align-items:flex-start !important;}.stk-be2689f {--stk-icon-list-column-count:1 !important;--stk-icon-list-row-gap:4px !important;--stk-icon-list-marker-color:var(--theme-palette-color-11, #5a5a5a) !important;--stk-icon-height:20px !important;}.stk-be2689f ul, .stk-be2689f ol{padding-left:24px !important;}.stk-be2689f ul .stk-block-icon-list-item__content .stk--inner-svg, .stk-be2689f ol .stk-block-icon-list-item__content .stk-block-icon-list-item__marker{transform:translateY(4px) !important;}<\/style><svg style=\"display:none\"><defs><g id=\"stk-icon-list__icon-svg-def-be2689f\"><svg xmlns=\"http:\/\/www.w3.org\/2000\/svg\" viewbox=\"0 0 512 512\"><path d=\"M256 48a208 208 0 1 1 0 416 208 208 0 1 1 0-416zm0 464A256 256 0 1 0 256 0a256 256 0 1 0 0 512zM369 209c9.4-9.4 9.4-24.6 0-33.9s-24.6-9.4-33.9 0l-111 111-47-47c-9.4-9.4-24.6-9.4-33.9 0s-9.4 24.6 0 33.9l64 64c9.4 9.4 24.6 9.4 33.9 0L369 209z\" \/><\/svg><\/g><\/defs><\/svg><ul class=\"stk-block-icon-list__ul stk-block-icon-list--column\">\n<li class=\"wp-block-stackable-icon-list-item stk-block-icon-list-item stk-block stk-c6a1345\" data-block-id=\"c6a1345\"><div class=\"stk-block-icon-list-item__content\"><span class=\"stk--svg-wrapper\"><div class=\"stk--inner-svg\"><svg aria-hidden=\"true\" width=\"32\" height=\"32\"><use xlink:href=\"#stk-icon-list__icon-svg-def-be2689f\"><\/use><\/svg><\/div><\/span><span class=\"stk-block-icon-list-item__text\"><strong>Cumplimiento normativo<\/strong> \u2013 Cumplimiento de todas las leyes medioambientales y mejores pr\u00e1cticas.<\/span><\/div><\/li>\n\n\n\n<li class=\"wp-block-stackable-icon-list-item stk-block-icon-list-item stk-block stk-7133114\" data-block-id=\"7133114\"><div class=\"stk-block-icon-list-item__content\"><span class=\"stk--svg-wrapper\"><div class=\"stk--inner-svg\"><svg aria-hidden=\"true\" width=\"32\" height=\"32\"><use xlink:href=\"#stk-icon-list__icon-svg-def-be2689f\"><\/use><\/svg><\/div><\/span><span class=\"stk-block-icon-list-item__text\"><strong>Eficiencia en el uso de los recursos<\/strong> \u2013 Reducir los residuos y optimizar el uso de los recursos.<\/span><\/div><\/li>\n\n\n\n<li class=\"wp-block-stackable-icon-list-item stk-block-icon-list-item stk-block stk-37dc4cc\" data-block-id=\"37dc4cc\"><div class=\"stk-block-icon-list-item__content\"><span class=\"stk--svg-wrapper\"><div class=\"stk--inner-svg\"><svg aria-hidden=\"true\" width=\"32\" height=\"32\"><use xlink:href=\"#stk-icon-list__icon-svg-def-be2689f\"><\/use><\/svg><\/div><\/span><span class=\"stk-block-icon-list-item__text\"><strong>Compromiso de los empleados<\/strong> \u2013 Fomentar una cultura de sostenibilidad e innovaci\u00f3n.<\/span><\/div><\/li>\n<\/ul><\/div>\n\n\n\n<div class=\"wp-block-stackable-button-group stk-block-button-group stk-block stk-128280e\" data-block-id=\"128280e\"><style>.stk-128280e {margin-bottom:56px !important;}<\/style><div class=\"stk-row stk-inner-blocks stk-block-content stk-button-group\">\n<div class=\"wp-block-stackable-button stk-block-button stk-block stk-14e8f09\" data-block-id=\"14e8f09\"><style>.stk-14e8f09 .stk-button{padding-top:6px !important;padding-right:20px !important;padding-bottom:6px !important;padding-left:20px !important;border-top-left-radius:6px !important;border-top-right-radius:6px !important;border-bottom-right-radius:6px !important;border-bottom-left-radius:6px !important;}.stk-14e8f09 .stk-button .stk--inner-svg svg:last-child{height:20px !important;width:20px !important;}.stk-14e8f09 .stk-button__inner-text{font-weight:500 !important;}<\/style><a class=\"stk-link stk-button stk--hover-effect-darken\" href=\"https:\/\/agatlabs.com\/es\/politica-de-salud-seguridad-y-medio-ambiente\/politica-medioambiental\/\" rel=\"noreferrer noopener\"><span class=\"stk-button__inner-text\">Pol\u00edtica medioambiental<\/span><\/a><\/div>\n<\/div><\/div>\n\n\n\n<div class=\"wp-block-stackable-heading stk-block-heading stk-block-heading--v2 stk-block stk-cd4889f\" id=\"our-vision\" data-block-id=\"cd4889f\"><style>.stk-cd4889f {overflow:hidden !important;border-style:solid !important;border-color:var(--theme-palette-color-2, #ffc900) !important;border-top-width:0px !important;border-right-width:0px !important;border-bottom-width:0px !important;border-left-width:6px !important;padding-left:14px !important;margin-left:-20px !important;}.stk-cd4889f .stk-block-heading__text{font-weight:800 !important;}<\/style><h3 class=\"stk-block-heading__text\">Nuestra visi\u00f3n<\/h3><\/div>\n\n\n\n<div class=\"wp-block-stackable-text stk-block-text stk-block stk-4f13629\" id=\"environmental-responsibility\" data-block-id=\"4f13629\"><style>.stk-4f13629 {margin-bottom:20px !important;}<\/style><p class=\"stk-block-text__text has-text-align-left\">En AGAT Laboratories, lideramos con innovaci\u00f3n, responsabilidad y colaboraci\u00f3n para establecer nuevos est\u00e1ndares en materia de seguridad y sostenibilidad.<\/p><\/div>\n\n\n\n<div class=\"wp-block-stackable-text stk-block-text stk-block stk-7662cbe\" id=\"environmental-responsibility\" data-block-id=\"7662cbe\"><style>.stk-7662cbe {margin-bottom:20px !important;}<\/style><p class=\"stk-block-text__text has-text-align-left\">Para obtener m\u00e1s informaci\u00f3n, <a href=\"https:\/\/agatlabs.com\/es\/contacto\/\" title=\"Contacto\">Cont\u00e1ctenos<\/a>.<\/p><\/div>\n<\/div><\/div><\/div>\n<\/div><\/div>\n\n\n\n<div class=\"wp-block-stackable-spacer stk-block-spacer stk--no-padding stk-block stk-99fe097\" data-block-id=\"99fe097\"><style>.stk-99fe097 {height:100px !important;}@media screen and (max-width:999px){.stk-99fe097 {height:70px !important;}}@media screen and (max-width:689px){.stk-99fe097 {height:110px !important;}}<\/style><\/div>","protected":false},"excerpt":{"rendered":"<p>AGAT Labs leads with a commitment to health, safety, and sustainability\u2014ensuring a secure workplace and responsible environmental stewardship.<\/p>","protected":false},"author":2,"featured_media":2153,"parent":0,"menu_order":0,"comment_status":"closed","ping_status":"closed","template":"","meta":{"footnotes":""},"class_list":["post-2117","page","type-page","status-publish","has-post-thumbnail","hentry"],"blocksy_meta":{"page_title_panel":"","has_hero_section":"disabled","4c9fda44a86fd2db9b986554bd5adacc":"","hero_section":"type-1","hero_elements":[{"id":"custom_title","enabled":true,"heading_tag":"h1","title":"Inicio"},{"id":"custom_description","enabled":true,"description_visibility":{"desktop":true,"tablet":true,"mobile":false}},{"id":"custom_meta","enabled":false,"meta_elements":[{"id":"author","enabled":true,"label":"By","has_author_avatar":"yes","avatar_size":25},{"id":"post_date","enabled":true,"label":"On","date_format_source":"default","date_format":"M j, Y"},{"id":"updated_date","enabled":false,"label":"On","date_format_source":"default","date_format":"M j, Y"},{"id":"categories","enabled":false,"label":"In","style":"simple"},{"id":"comments","enabled":true}],"page_meta_elements":{"joined":true,"articles_count":true,"comments":true}},{"id":"breadcrumbs","enabled":false}],"66042b754988433a4cbe987eedc3ae87":"","hero_alignment1":"CT_CSS_SKIP_RULE","hero_margin":40,"hero_alignment2":"center","hero_vertical_alignment":"center","66b1c9575babd2492d521cdab8aeeeb8":"","hero_structure":"narrow","a4866dd9086b283ac9c9ed661667191f":"","page_title_bg_type":"featured_image","custom_hero_background":{"attachment_id":null},"parallax":{"desktop":false,"tablet":false,"mobile":false},"00191fa96e3391c316bf3a007888aea4":"","hero_height":"250px","pageTitleFont":{"family":"Default","variation":"Default","size":"30px","line-height":"CT_CSS_SKIP_RULE","letter-spacing":"CT_CSS_SKIP_RULE","text-transform":"CT_CSS_SKIP_RULE","text-decoration":"CT_CSS_SKIP_RULE"},"pageTitleFontColor":{"default":{"color":"CT_CSS_SKIP_RULEDEFAULT"}},"pageMetaFont":{"family":"Default","variation":"n6","size":"12px","line-height":"1.3","letter-spacing":"CT_CSS_SKIP_RULE","text-transform":"uppercase","text-decoration":"CT_CSS_SKIP_RULE"},"pageMetaFontColor":{"default":{"color":"CT_CSS_SKIP_RULEDEFAULT"},"hover":{"color":"CT_CSS_SKIP_RULEDEFAULT"}},"page_meta_button_type_font_colors":{"default":{"color":"CT_CSS_SKIP_RULEDEFAULT"},"hover":{"color":"CT_CSS_SKIP_RULEDEFAULT"}},"page_meta_button_type_background_colors":{"default":{"color":"CT_CSS_SKIP_RULEDEFAULT"},"hover":{"color":"CT_CSS_SKIP_RULEDEFAULT"}},"pageExcerptFont":{"family":"Default","variation":"Default","size":"CT_CSS_SKIP_RULE","line-height":"CT_CSS_SKIP_RULE","letter-spacing":"CT_CSS_SKIP_RULE","text-transform":"CT_CSS_SKIP_RULE","text-decoration":"CT_CSS_SKIP_RULE"},"pageExcerptColor":{"default":{"color":"CT_CSS_SKIP_RULEDEFAULT"}},"breadcrumbsFont":{"family":"Default","variation":"Default","size":"CT_CSS_SKIP_RULE","line-height":"CT_CSS_SKIP_RULE","letter-spacing":"CT_CSS_SKIP_RULE","text-transform":"CT_CSS_SKIP_RULE","text-decoration":"CT_CSS_SKIP_RULE"},"breadcrumbsFontColor":{"default":{"color":"CT_CSS_SKIP_RULEDEFAULT"},"initial":{"color":"CT_CSS_SKIP_RULEDEFAULT"},"hover":{"color":"CT_CSS_SKIP_RULEDEFAULT"}},"pageTitleOverlay":{"background_type":"color","background_pattern":"type-1","background_image":{"attachment_id":null,"x":0,"y":0},"gradient":"linear-gradient(135deg,rgba(6,147,227,1) 0%,rgb(155,81,224) 100%)","background_repeat":"repeat","background_size":"auto","background_attachment":"scroll","patternColor":{"default":{"color":"#e5e7ea"}},"overlayColor":{"default":{"color":"CT_CSS_SKIP_RULE"}},"backgroundColor":{"default":{"color":"CT_CSS_SKIP_RULE"}}},"pageTitleBackground":{"background_type":"color","background_pattern":"type-1","background_image":{"attachment_id":null,"x":0,"y":0},"gradient":"linear-gradient(135deg,rgba(6,147,227,1) 0%,rgb(155,81,224) 100%)","background_repeat":"repeat","background_size":"auto","background_attachment":"scroll","patternColor":{"default":{"color":"#e5e7ea"}},"overlayColor":{"default":{"color":"CT_CSS_SKIP_RULE"}},"backgroundColor":{"default":{"color":"var(--theme-palette-color-6)"}}},"pageTitlePadding":{"top":"50px","bottom":"50px","left":"auto","right":"auto","linked":true},"a3b0907b6ab61faa63e2bc8f813fc816":"","page_structure_type":"default","2812c2d977791092646ebe1ec21f2cc9":"","content_style_source":"inherit","content_style":"wide","vertical_spacing_source":"custom","content_area_spacing":"none","background":{"background_type":"color","background_pattern":"type-1","background_image":{"attachment_id":null,"x":0,"y":0},"gradient":"linear-gradient(135deg,rgba(6,147,227,1) 0%,rgb(155,81,224) 100%)","background_repeat":"repeat","background_size":"auto","background_attachment":"scroll","patternColor":{"default":{"color":"#e5e7ea"}},"overlayColor":{"default":{"color":"CT_CSS_SKIP_RULE"}},"backgroundColor":{"default":{"color":"CT_CSS_SKIP_RULE"}}},"content_background":{"background_type":"color","background_pattern":"type-1","background_image":{"attachment_id":null,"x":0,"y":0},"gradient":"linear-gradient(135deg,rgba(6,147,227,1) 0%,rgb(155,81,224) 100%)","background_repeat":"repeat","background_size":"auto","background_attachment":"scroll","patternColor":{"default":{"color":"#e5e7ea"}},"overlayColor":{"default":{"color":"CT_CSS_SKIP_RULE"}},"backgroundColor":{"default":{"color":"var(--theme-palette-color-8)"}}},"content_boxed_shadow":{"inherit":false,"blur":18,"spread":-6,"v_offset":12,"h_offset":0,"inset":false,"enable":true,"color":{"color":"rgba(34, 56, 101, 0.04)"}},"boxed_content_spacing":{"desktop":{"top":"40px","bottom":"40px","left":"40px","right":"40px","linked":true},"tablet":{"top":"35px","bottom":"35px","left":"35px","right":"35px","linked":true},"mobile":{"top":"20px","bottom":"20px","left":"20px","right":"20px","linked":true}},"content_boxed_radius":{"top":"3px","bottom":"3px","left":"3px","right":"3px","linked":true},"556d9b8bfe2e6d516b5f64f92b0da372":"","disable_featured_image":"no","disable_share_box":"no","disable_header":"no","disable_footer":"no","styles_descriptor":{"styles":{"desktop":"","tablet":"","mobile":""},"google_fonts":[],"version":6}},"aioseo_notices":[],"featured_image_src":"https:\/\/agatlabs.com\/wp-content\/uploads\/lush-green-mountain-forest-600x400.jpg","featured_image_src_square":"https:\/\/agatlabs.com\/wp-content\/uploads\/lush-green-mountain-forest-600x600.jpg","_links":{"self":[{"href":"https:\/\/agatlabs.com\/es\/wp-json\/wp\/v2\/pages\/2117","targetHints":{"allow":["GET"]}}],"collection":[{"href":"https:\/\/agatlabs.com\/es\/wp-json\/wp\/v2\/pages"}],"about":[{"href":"https:\/\/agatlabs.com\/es\/wp-json\/wp\/v2\/types\/page"}],"author":[{"embeddable":true,"href":"https:\/\/agatlabs.com\/es\/wp-json\/wp\/v2\/users\/2"}],"replies":[{"embeddable":true,"href":"https:\/\/agatlabs.com\/es\/wp-json\/wp\/v2\/comments?post=2117"}],"version-history":[{"count":0,"href":"https:\/\/agatlabs.com\/es\/wp-json\/wp\/v2\/pages\/2117\/revisions"}],"wp:featuredmedia":[{"embeddable":true,"href":"https:\/\/agatlabs.com\/es\/wp-json\/wp\/v2\/media\/2153"}],"wp:attachment":[{"href":"https:\/\/agatlabs.com\/es\/wp-json\/wp\/v2\/media?parent=2117"}],"curies":[{"name":"wp","href":"https:\/\/api.w.org\/{rel}","templated":true}]}}