{"id":1268,"date":"2025-01-24T17:52:37","date_gmt":"2025-01-24T17:52:37","guid":{"rendered":"https:\/\/agatlabs.com\/?post_type=product&#038;p=1268"},"modified":"2025-12-30T08:42:21","modified_gmt":"2025-12-30T15:42:21","slug":"kit-de-prueba-a-largo-plazo","status":"publish","type":"product","link":"https:\/\/agatlabs.com\/es\/product\/long-term-test-kit\/","title":{"rendered":"Kit de prueba a largo plazo"},"content":{"rendered":"<p><strong>Los kits de prueba de rad\u00f3n incluyen:<\/strong><\/p>\n<ul>\n<li>Alquiler de dispositivo para medir el rad\u00f3n<\/li>\n<li>C\u00f3mo utilizar su dispositivo de medici\u00f3n de rad\u00f3n Instrucciones<\/li>\n<li>Ejemplo de registro de cadena de custodia<\/li>\n<li>Formulario de informaci\u00f3n adicional<\/li>\n<li>Etiqueta con la direcci\u00f3n del remitente y caja de env\u00edo<\/li>\n<li>Informe de pruebas de rad\u00f3n con recomendaciones tras la finalizaci\u00f3n del an\u00e1lisis de laboratorio.<\/li>\n<\/ul>\n<p><a class=\"button\" href=\"https:\/\/agatlabs.com\/es\/tienda-radon\/centro-de-informacion-sobre-el-radon\/\" target=\"_blank\" rel=\"noopener\">Ver instrucciones<\/a><\/p>\n<p><strong>Env\u00edo:<\/strong><\/p>\n<p>Recogida y entrega local en Calgary, en 2420 \u2014 42 Ave NE: Gratis<br \/>\nEnv\u00edo a Alberta: $16 (hasta dos dispositivos)<br \/>\nEnv\u00edo a Canad\u00e1: $26 (hasta dos dispositivos)<\/p>\n<p>Tenga en cuenta que los gastos de env\u00edo de la devoluci\u00f3n no est\u00e1n incluidos y son responsabilidad del cliente.<\/p>\n<p><strong>Contrato de compraventa:<\/strong> Al adquirir cualquier kit de prueba de rad\u00f3n de AGAT, usted acepta que todos los dispositivos de prueba de rad\u00f3n (E-PERM) incluidos seguir\u00e1n siendo propiedad de AGAT Laboratories mientras est\u00e9n en su poder y deber\u00e1n devolverse en buen estado para su an\u00e1lisis. El cliente ser\u00e1 responsable del pago de $100 por cada dispositivo de medici\u00f3n de rad\u00f3n que no se devuelva en buen estado o en un plazo de 30 d\u00edas tras el periodo de medici\u00f3n. (121 d\u00edas tras el env\u00edo para los kits de larga duraci\u00f3n y 44 d\u00edas tras el env\u00edo para los kits de corta duraci\u00f3n).<\/p>","protected":false},"excerpt":{"rendered":"<p>Controle de forma fiable los niveles de rad\u00f3n en interiores durante m\u00e1s de 91 d\u00edas con este kit de uso prolongado. Incluye dispositivos de prueba, instrucciones claras, embalaje de devoluci\u00f3n y an\u00e1lisis de laboratorio con un informe detallado y recomendaciones.<\/p>","protected":false},"featured_media":1258,"template":"","meta":[],"product_brand":[],"product_cat":[132],"product_tag":[133],"class_list":{"0":"post-1268","1":"product","2":"type-product","3":"status-publish","4":"has-post-thumbnail","6":"product_cat-radon-test","7":"product_tag-radon","9":"first","10":"instock","11":"taxable","12":"shipping-taxable","13":"purchasable","14":"product-type-simple"},"aioseo_notices":[],"_links":{"self":[{"href":"https:\/\/agatlabs.com\/es\/wp-json\/wp\/v2\/product\/1268","targetHints":{"allow":["GET"]}}],"collection":[{"href":"https:\/\/agatlabs.com\/es\/wp-json\/wp\/v2\/product"}],"about":[{"href":"https:\/\/agatlabs.com\/es\/wp-json\/wp\/v2\/types\/product"}],"wp:featuredmedia":[{"embeddable":true,"href":"https:\/\/agatlabs.com\/es\/wp-json\/wp\/v2\/media\/1258"}],"wp:attachment":[{"href":"https:\/\/agatlabs.com\/es\/wp-json\/wp\/v2\/media?parent=1268"}],"wp:term":[{"taxonomy":"product_brand","embeddable":true,"href":"https:\/\/agatlabs.com\/es\/wp-json\/wp\/v2\/product_brand?post=1268"},{"taxonomy":"product_cat","embeddable":true,"href":"https:\/\/agatlabs.com\/es\/wp-json\/wp\/v2\/product_cat?post=1268"},{"taxonomy":"product_tag","embeddable":true,"href":"https:\/\/agatlabs.com\/es\/wp-json\/wp\/v2\/product_tag?post=1268"}],"curies":[{"name":"wp","href":"https:\/\/api.w.org\/{rel}","templated":true}]}}