{"id":1052,"date":"2025-01-14T15:38:47","date_gmt":"2025-01-14T15:38:47","guid":{"rendered":"https:\/\/agatlabs.com\/privacy-policy-copy\/"},"modified":"2025-05-12T13:21:35","modified_gmt":"2025-05-12T19:21:35","slug":"juridique","status":"publish","type":"page","link":"https:\/\/agatlabs.com\/fr\/legal\/","title":{"rendered":"L\u00e9gal"},"content":{"rendered":"<div class=\"wp-block-stackable-columns alignfull stk-block-columns stk-block stk-f5554c3 stk-block-background\" data-block-id=\"f5554c3\"><style>.stk-f5554c3 {background-color:var(--theme-palette-color-3, #5a5a5a) !important;background-position:bottom center !important;background-repeat:no-repeat !important;background-size:cover !important;overflow:hidden !important;padding-top:90px !important;padding-right:80px !important;padding-bottom:60px !important;padding-left:80px !important;margin-bottom:0px !important;opacity:1 !important;}.stk-f5554c3:before{background-color:var(--theme-palette-color-3, #5a5a5a) !important;}@media screen and (max-width:689px){.stk-f5554c3 {padding-top:100px !important;padding-right:25px !important;padding-bottom:60px !important;padding-left:25px !important;}}<\/style><div class=\"stk-row stk-inner-blocks has-text-align-left-tablet has-text-align-left-mobile stk-block-content stk-content-align stk-f5554c3-column\">\n<div class=\"wp-block-stackable-column stk-block-column stk-column stk-block stk-3f739b8\" data-v=\"4\" data-block-id=\"3f739b8\"><style>.stk-3f739b8-container{margin-top:0px !important;margin-right:0px !important;margin-bottom:0px !important;margin-left:0px !important;}<\/style><div class=\"stk-column-wrapper stk-block-column__content stk-container stk-3f739b8-container stk--no-background stk--no-padding\"><div class=\"stk-block-content stk-inner-blocks stk-3f739b8-inner-blocks\">\n\n\n<div class=\"wp-block-stackable-heading stk-block-heading stk-block-heading--v2 stk-block stk-ba93f5b\" id=\"legal-notice\" data-block-id=\"ba93f5b\"><style>.stk-ba93f5b {margin-bottom:0px !important;}.stk-ba93f5b .stk-block-heading__text{color:var(--theme-palette-color-8, #ffffff) !important;line-height:1.1em !important;}<\/style><h1 class=\"stk-block-heading__text has-text-color has-palette-color-8-color\">Mentions l\u00e9gales<\/h1><\/div>\n<\/div><\/div><\/div>\n<\/div><\/div>\n\n\n\n<div class=\"wp-block-stackable-spacer stk-block-spacer stk--no-padding stk-block stk-351fd8a\" data-block-id=\"351fd8a\"><style>.stk-351fd8a {height:50px !important;}@media screen and (max-width:999px){.stk-351fd8a {height:70px !important;}}@media screen and (max-width:689px){.stk-351fd8a {height:20px !important;}}<\/style><\/div>\n\n\n\n<div class=\"wp-block-stackable-columns alignfull stk-block-columns stk-block stk-50ad6eb stk-block-background\" data-block-id=\"50ad6eb\"><style>.stk-50ad6eb {background-color:transparent !important;background-position:top right !important;background-repeat:no-repeat !important;background-size:850px !important;padding-top:0px !important;padding-right:0px !important;padding-bottom:0px !important;padding-left:0px !important;margin-bottom:0px !important;overflow:visible !important;}.stk-50ad6eb:before{background-color:transparent !important;}.stk-50ad6eb .stk-container{overflow:visible !important;}.stk-50ad6eb-column{--stk-column-gap:28px !important;}@media screen and (max-width:999px){.stk-50ad6eb {background-size:600px !important;}}@media screen and (max-width:689px){.stk-50ad6eb {background-position:center right !important;background-size:400px !important;--stk-col-order-1:2 !important;--stk-col-order-2:1 !important;}}<\/style><div class=\"stk-row stk-inner-blocks stk-block-content stk-content-align stk-50ad6eb-column\">\n<div class=\"wp-block-stackable-column stk-block-column stk-column stk-block stk-6ca83af\" data-v=\"4\" data-block-id=\"6ca83af\"><style>@media screen and (min-width:690px){.stk-6ca83af {flex:var(--stk-flex-grow, 1) 1 calc(66% - var(--stk-column-gap, 0px) * 1 \/ 2 ) !important;}}@media screen and (min-width:690px) and (max-width:999px){.stk-6ca83af {flex:var(--stk-flex-grow, 1) 1 calc(50% - var(--stk-column-gap, 0px) * 1 \/ 2 ) !important;}}<\/style><div class=\"stk-column-wrapper stk-block-column__content stk-container stk-6ca83af-container stk--no-background stk--no-padding\"><div class=\"stk-block-content stk-inner-blocks stk-6ca83af-inner-blocks\">\n<p>Les Laboratoires AGAT s&#039;efforcent de garantir que les informations fournies sur ce site Web (<a href=\"http:\/\/agatlabs.com\/fr\/\">agatlabs.com<\/a>) sont exactes et fiables. Cependant, toutes les informations sont fournies \u00ab telles quelles \u00bb, sans aucune garantie, ni repr\u00e9sentation d'aucune sorte, expresse ou implicite. AGAT Laboratoires d\u00e9cline toute responsabilit\u00e9 quant \u00e0 l'exactitude, l'exhaustivit\u00e9, la l\u00e9galit\u00e9 ou la fiabilit\u00e9 des informations contenues sur ce site.<\/p>\n\n\n\n<p>AGAT Laboratoires ne fait aucune d\u00e9claration ni garantie quant \u00e0 la qualit\u00e9, l'exactitude, la pertinence ou la fiabilit\u00e9 des informations fournies sur ce site pour un usage ou une circonstance particuli\u00e8re. Les utilisateurs doivent faire preuve de jugement et demander l'avis d'un professionnel si n\u00e9cessaire.<\/p>\n\n\n\n<p>Bien que les laboratoires AGAT prennent des mesures raisonnables pour prot\u00e9ger ce site Web, ils ne garantissent pas que le site sera exempt de virus, de logiciels malveillants ou d&#039;autres composants potentiellement dangereux. Il est conseill\u00e9 aux utilisateurs de prendre les pr\u00e9cautions appropri\u00e9es lors de l&#039;acc\u00e8s au site Web.<\/p>\n\n\n\n<p>Les laboratoires AGAT ne peuvent \u00eatre tenus responsables de tout dommage ou perte, qu&#039;ils soient directs, indirects, accessoires ou cons\u00e9cutifs, d\u00e9coulant de l&#039;utilisation ou de l&#039;impossibilit\u00e9 d&#039;utiliser ce site Web ou les informations qui y sont fournies. Cette limitation de responsabilit\u00e9 s&#039;applique \u00e0 toutes les r\u00e9clamations, quel que soit le fondement de l&#039;action, qu&#039;elle soit contractuelle, d\u00e9lictuelle ou autre.<\/p>\n\n\n\n<p>Ce site Web peut inclure des liens vers des sites Web tiers. AGAT Laboratoires n'approuve pas, ne contr\u00f4le pas et n'accepte aucune responsabilit\u00e9 quant au contenu ou aux pratiques de ces sites tiers. Ces liens sont fournis uniquement pour des raisons de commodit\u00e9 et les utilisateurs y acc\u00e8dent \u00e0 leurs propres risques. AGAT Laboratoires n'est pas responsable de l'exactitude, de la l\u00e9galit\u00e9 ou du contenu des sites externes, ni des pratiques de collecte de donn\u00e9es, de publicit\u00e9 ou de promotion qu'ils peuvent employer.<\/p>\n\n\n\n<p>AGAT Laboratoires et son logo sont des marques d\u00e9pos\u00e9es d'AGAT Laboratoires Ltd. et d'AGAT Laboratoires Inc. Toute utilisation non autoris\u00e9e est interdite.<\/p>\n\n\n\n<p>AGAT Laboratoires Ltd. est une soci\u00e9t\u00e9 canadienne dont le si\u00e8ge social est situ\u00e9 \u00e0 Calgary, en Alberta, au Canada. AGAT Laboratoires Inc. est enregistr\u00e9e aux \u00c9tats-Unis.<\/p>\n\n\n\n<p>Pour plus d&#039;informations ou pour toute demande concernant cet avis juridique, veuillez nous contacter \u00e0 <a href=\"mailto:info@agatlabs.com\" data-type=\"mailto\" data-id=\"mailto:info@agatlabs.com\" target=\"_blank\" rel=\"noreferrer noopener\">info@agatlabs.com<\/a>.<\/p>\n<\/div><\/div><\/div>\n\n\n\n<div class=\"wp-block-stackable-column stk-block-column stk-column stk-block stk-824a951\" data-v=\"4\" data-block-id=\"824a951\"><style>@media screen and (min-width:690px){.stk-824a951 {flex:var(--stk-flex-grow, 1) 1 calc(34% - var(--stk-column-gap, 0px) * 1 \/ 2 ) !important;}}@media screen and (min-width:690px) and (max-width:999px){.stk-824a951 {flex:var(--stk-flex-grow, 1) 1 calc(50% - var(--stk-column-gap, 0px) * 1 \/ 2 ) !important;}}@media screen and (max-width:689px){.stk-824a951 {margin-top:22px !important;margin-bottom:22px !important;}}<\/style><div class=\"stk-column-wrapper stk-block-column__content stk-container stk-824a951-container stk--no-background stk--no-padding\"><div class=\"has-text-align-left stk-block-content stk-inner-blocks stk-824a951-inner-blocks\">\n<div class=\"wp-block-stackable-columns stk-block-columns stk-block stk-6c88060 stk-block-background\" data-block-id=\"6c88060\"><style>.stk-6c88060 {background-color:var(--theme-palette-color-6, #f9fafb) !important;border-top-left-radius:16px !important;border-top-right-radius:16px !important;border-bottom-right-radius:16px !important;border-bottom-left-radius:16px !important;overflow:hidden !important;padding-top:50px !important;padding-right:35px !important;padding-bottom:50px !important;padding-left:35px !important;margin-bottom:0px !important;}.stk-6c88060:before{background-color:var(--theme-palette-color-6, #f9fafb) !important;}.stk-6c88060-column{--stk-column-gap:35px !important;row-gap:35px !important;}@media screen and (max-width:689px){.stk-6c88060 {padding-top:40px !important;padding-right:25px !important;padding-bottom:40px !important;padding-left:25px !important;}}<\/style><div class=\"stk-row stk-inner-blocks stk-block-content stk-content-align stk-6c88060-column\">\n<div class=\"wp-block-stackable-column stk-block-column stk-column stk-block stk-694c902\" data-v=\"4\" data-block-id=\"694c902\"><style>.stk-694c902-container{margin-top:0px !important;margin-right:0px !important;margin-bottom:0px !important;margin-left:0px !important;}.stk-694c902-inner-blocks{align-items:flex-start !important;}<\/style><div class=\"stk-column-wrapper stk-block-column__content stk-container stk-694c902-container stk--no-background stk--no-padding\"><div class=\"has-text-align-center stk--column-flex stk-block-content stk-inner-blocks stk-694c902-inner-blocks\">\n<div class=\"wp-block-stackable-heading stk-block-heading stk-block-heading--v2 stk-block stk-cd08d6c\" id=\"legal-links\" data-block-id=\"cd08d6c\"><style>.stk-cd08d6c {border-style:solid !important;border-color:var(--theme-palette-color-2, #ffc900) !important;border-top-width:0px !important;border-right-width:0px !important;border-bottom-width:6px !important;border-left-width:0px !important;margin-bottom:20px !important;}<\/style><h4 class=\"stk-block-heading__text has-text-align-left has-text-align-left-mobile\">Liens juridiques<\/h4><\/div>\n\n\n\n<div class=\"wp-block-stackable-icon-list stk-block-icon-list has-text-align-left has-text-align-left-tablet has-text-align-left-mobile stk-block stk-111f3d0\" id=\"related-links\" data-block-id=\"111f3d0\"><style>.stk-111f3d0 .stk-block-icon-list-item__content{gap:8px !important;align-items:flex-start !important;margin-inline:0 auto !important;}.stk-111f3d0 {--stk-icon-list-column-count:1 !important;--stk-icon-list-row-gap:4px !important;--stk-icon-list-marker-color:var(--theme-palette-color-10, #ffd700) !important;--stk-icon-list-icon-size:20px !important;margin-bottom:5px !important;}.stk-111f3d0 ul, .stk-111f3d0 ol{padding-left:0px !important;}.stk-111f3d0 ul .stk-block-icon-list-item__content .stk--inner-svg, .stk-111f3d0 ol .stk-block-icon-list-item__content .stk-block-icon-list-item__marker{transform:translateY(4px) !important;}.stk-111f3d0 .stk-block-icon-list__group{margin-inline:0 auto !important;}@media screen and (max-width:999px){.stk-111f3d0 {--stk-icon-list-column-count:1 !important;}.stk-111f3d0 .stk-block-icon-list-item__content{margin-inline:0 auto !important;}.stk-111f3d0 .stk-block-icon-list__group{margin-inline:0 auto !important;}}@media screen and (max-width:689px){.stk-111f3d0 {--stk-icon-list-column-count:1 !important;}.stk-111f3d0 .stk-block-icon-list-item__content{margin-inline:0 auto !important;}.stk-111f3d0 .stk-block-icon-list__group{margin-inline:0 auto !important;}}<\/style><svg style=\"display:none\"><defs><g id=\"stk-icon-list__icon-svg-def-111f3d0\"><svg xmlns=\"http:\/\/www.w3.org\/2000\/svg\" viewbox=\"0 0 512 512\"><path d=\"M464 256A208 208 0 1 1 48 256a208 208 0 1 1 416 0zM0 256a256 256 0 1 0 512 0A256 256 0 1 0 0 256zM294.6 135.1c-4.2-4.5-10.1-7.1-16.3-7.1C266 128 256 138 256 150.3V208H160c-17.7 0-32 14.3-32 32v32c0 17.7 14.3 32 32 32h96v57.7c0 12.3 10 22.3 22.3 22.3c6.2 0 12.1-2.6 16.3-7.1l99.9-107.1c3.5-3.8 5.5-8.7 5.5-13.8s-2-10.1-5.5-13.8L294.6 135.1z\"\/><\/svg><\/g><\/defs><\/svg><div class=\"stk-block-icon-list__ul stk-block-icon-list--column\"><ul class=\"stk-block-icon-list__group\">\n<li class=\"wp-block-stackable-icon-list-item stk-block-icon-list-item stk-block stk-a7e90b6\" data-block-id=\"a7e90b6\"><div class=\"stk-block-icon-list-item__content\"><span class=\"stk--svg-wrapper\"><div class=\"stk--inner-svg\"><svg aria-hidden=\"true\" width=\"32\" height=\"32\"><use xlink:href=\"#stk-icon-list__icon-svg-def-111f3d0\"><\/use><\/svg><\/div><\/span><span class=\"stk-block-icon-list-item__text\"><a href=\"\/fr\/juridique\/\">Mentions l\u00e9gales<\/a><\/span><\/div><\/li>\n\n\n\n<li class=\"wp-block-stackable-icon-list-item stk-block-icon-list-item stk-block stk-7e232ff\" data-block-id=\"7e232ff\"><div class=\"stk-block-icon-list-item__content\"><span class=\"stk--svg-wrapper\"><div class=\"stk--inner-svg\"><svg aria-hidden=\"true\" width=\"32\" height=\"32\"><use xlink:href=\"#stk-icon-list__icon-svg-def-111f3d0\"><\/use><\/svg><\/div><\/span><span class=\"stk-block-icon-list-item__text\"><a href=\"\/fr\/conditions-dutilisation-du-site-web\/\">Conditions d&#039;utilisation du site Web<\/a><\/span><\/div><\/li>\n\n\n\n<li class=\"wp-block-stackable-icon-list-item stk-block-icon-list-item stk-block stk-bfb5e3a\" data-block-id=\"bfb5e3a\"><div class=\"stk-block-icon-list-item__content\"><span class=\"stk--svg-wrapper\"><div class=\"stk--inner-svg\"><svg aria-hidden=\"true\" width=\"32\" height=\"32\"><use xlink:href=\"#stk-icon-list__icon-svg-def-111f3d0\"><\/use><\/svg><\/div><\/span><span class=\"stk-block-icon-list-item__text\"><a href=\"https:\/\/agatlabs.com\/fr\/politique-de-confidentialite\/\" data-type=\"page\" data-id=\"969\">politique de confidentialit\u00e9<\/a><\/span><\/div><\/li>\n\n\n\n<li class=\"wp-block-stackable-icon-list-item stk-block-icon-list-item stk-block stk-ca9a2cb\" data-block-id=\"ca9a2cb\"><div class=\"stk-block-icon-list-item__content\"><span class=\"stk--svg-wrapper\"><div class=\"stk--inner-svg\"><svg aria-hidden=\"true\" width=\"32\" height=\"32\"><use xlink:href=\"#stk-icon-list__icon-svg-def-111f3d0\"><\/use><\/svg><\/div><\/span><span class=\"stk-block-icon-list-item__text\"><a href=\"\/fr\/declaration-daccessibilite\/\">D\u00e9claration d&#039;accessibilit\u00e9<\/a><\/span><\/div><\/li>\n\n\n\n<li class=\"wp-block-stackable-icon-list-item stk-block-icon-list-item stk-block stk-7d722ac\" data-block-id=\"7d722ac\"><div class=\"stk-block-icon-list-item__content\"><span class=\"stk--svg-wrapper\"><div class=\"stk--inner-svg\"><svg aria-hidden=\"true\" width=\"32\" height=\"32\"><use xlink:href=\"#stk-icon-list__icon-svg-def-111f3d0\"><\/use><\/svg><\/div><\/span><span class=\"stk-block-icon-list-item__text\"><a href=\"\/fr\/conditions-generales\/\">Conditions g\u00e9n\u00e9rales de service<\/a><\/span><\/div><\/li>\n\n\n\n<li class=\"wp-block-stackable-icon-list-item stk-block-icon-list-item stk-block stk-bff61c1\" data-block-id=\"bff61c1\"><div class=\"stk-block-icon-list-item__content\"><span class=\"stk--svg-wrapper\"><div class=\"stk--inner-svg\"><svg aria-hidden=\"true\" width=\"32\" height=\"32\"><use xlink:href=\"#stk-icon-list__icon-svg-def-111f3d0\"><\/use><\/svg><\/div><\/span><span class=\"stk-block-icon-list-item__text\"><a href=\"\/fr\/conditions-generales-du-fournisseur\/\">Conditions g\u00e9n\u00e9rales du fournisseur<\/a><\/span><\/div><\/li>\n<\/ul><\/div><\/div>\n<\/div><\/div><\/div>\n<\/div><\/div>\n<\/div><\/div><\/div>\n<\/div><\/div>\n\n\n\n<div class=\"wp-block-stackable-spacer stk-block-spacer stk--no-padding stk-block stk-99fe097\" data-block-id=\"99fe097\"><style>.stk-99fe097 {height:100px !important;}@media screen and (max-width:999px){.stk-99fe097 {height:70px !important;}}@media screen and (max-width:689px){.stk-99fe097 {height:110px !important;}}<\/style><\/div>","protected":false},"excerpt":{"rendered":"<p>AGAT Laboratories fournit ce site \"en l'\u00e9tat\" et d\u00e9cline toute garantie. Les utilisateurs acc\u00e8dent au contenu du site et s'y fient \u00e0 leurs propres risques. Voir l'avis juridique complet pour plus de d\u00e9tails.<\/p>","protected":false},"author":2,"featured_media":2361,"parent":0,"menu_order":0,"comment_status":"closed","ping_status":"closed","template":"","meta":{"footnotes":""},"class_list":["post-1052","page","type-page","status-publish","has-post-thumbnail","hentry"],"blocksy_meta":{"page_title_panel":"","has_hero_section":"disabled","4c9fda44a86fd2db9b986554bd5adacc":"","hero_section":"type-1","hero_elements":[{"id":"custom_title","enabled":true,"heading_tag":"h1","title":"Accueil"},{"id":"custom_description","enabled":true,"description_visibility":{"desktop":true,"tablet":true,"mobile":false}},{"id":"custom_meta","enabled":false,"meta_elements":[{"id":"author","enabled":true,"label":"By","has_author_avatar":"yes","avatar_size":25},{"id":"post_date","enabled":true,"label":"On","date_format_source":"default","date_format":"M j, Y"},{"id":"updated_date","enabled":false,"label":"On","date_format_source":"default","date_format":"M j, Y"},{"id":"categories","enabled":false,"label":"In","style":"simple"},{"id":"comments","enabled":true}],"page_meta_elements":{"joined":true,"articles_count":true,"comments":true}},{"id":"breadcrumbs","enabled":false}],"66042b754988433a4cbe987eedc3ae87":"","hero_alignment1":"CT_CSS_SKIP_RULE","hero_margin":40,"hero_alignment2":"center","hero_vertical_alignment":"center","66b1c9575babd2492d521cdab8aeeeb8":"","hero_structure":"narrow","a4866dd9086b283ac9c9ed661667191f":"","page_title_bg_type":"featured_image","custom_hero_background":{"attachment_id":null},"parallax":{"desktop":false,"tablet":false,"mobile":false},"00191fa96e3391c316bf3a007888aea4":"","hero_height":"250px","pageTitleFont":{"family":"Default","variation":"Default","size":"30px","line-height":"CT_CSS_SKIP_RULE","letter-spacing":"CT_CSS_SKIP_RULE","text-transform":"CT_CSS_SKIP_RULE","text-decoration":"CT_CSS_SKIP_RULE"},"pageTitleFontColor":{"default":{"color":"CT_CSS_SKIP_RULEDEFAULT"}},"pageMetaFont":{"family":"Default","variation":"n6","size":"12px","line-height":"1.3","letter-spacing":"CT_CSS_SKIP_RULE","text-transform":"uppercase","text-decoration":"CT_CSS_SKIP_RULE"},"pageMetaFontColor":{"default":{"color":"CT_CSS_SKIP_RULEDEFAULT"},"hover":{"color":"CT_CSS_SKIP_RULEDEFAULT"}},"page_meta_button_type_font_colors":{"default":{"color":"CT_CSS_SKIP_RULEDEFAULT"},"hover":{"color":"CT_CSS_SKIP_RULEDEFAULT"}},"page_meta_button_type_background_colors":{"default":{"color":"CT_CSS_SKIP_RULEDEFAULT"},"hover":{"color":"CT_CSS_SKIP_RULEDEFAULT"}},"pageExcerptFont":{"family":"Default","variation":"Default","size":"CT_CSS_SKIP_RULE","line-height":"CT_CSS_SKIP_RULE","letter-spacing":"CT_CSS_SKIP_RULE","text-transform":"CT_CSS_SKIP_RULE","text-decoration":"CT_CSS_SKIP_RULE"},"pageExcerptColor":{"default":{"color":"CT_CSS_SKIP_RULEDEFAULT"}},"breadcrumbsFont":{"family":"Default","variation":"Default","size":"CT_CSS_SKIP_RULE","line-height":"CT_CSS_SKIP_RULE","letter-spacing":"CT_CSS_SKIP_RULE","text-transform":"CT_CSS_SKIP_RULE","text-decoration":"CT_CSS_SKIP_RULE"},"breadcrumbsFontColor":{"default":{"color":"CT_CSS_SKIP_RULEDEFAULT"},"initial":{"color":"CT_CSS_SKIP_RULEDEFAULT"},"hover":{"color":"CT_CSS_SKIP_RULEDEFAULT"}},"pageTitleOverlay":{"background_type":"color","background_pattern":"type-1","background_image":{"attachment_id":null,"x":0,"y":0},"gradient":"linear-gradient(135deg,rgba(6,147,227,1) 0%,rgb(155,81,224) 100%)","background_repeat":"repeat","background_size":"auto","background_attachment":"scroll","patternColor":{"default":{"color":"#e5e7ea"}},"overlayColor":{"default":{"color":"CT_CSS_SKIP_RULE"}},"backgroundColor":{"default":{"color":"CT_CSS_SKIP_RULE"}}},"pageTitleBackground":{"background_type":"color","background_pattern":"type-1","background_image":{"attachment_id":null,"x":0,"y":0},"gradient":"linear-gradient(135deg,rgba(6,147,227,1) 0%,rgb(155,81,224) 100%)","background_repeat":"repeat","background_size":"auto","background_attachment":"scroll","patternColor":{"default":{"color":"#e5e7ea"}},"overlayColor":{"default":{"color":"CT_CSS_SKIP_RULE"}},"backgroundColor":{"default":{"color":"var(--theme-palette-color-6)"}}},"pageTitlePadding":{"top":"50px","bottom":"50px","left":"auto","right":"auto","linked":true},"a3b0907b6ab61faa63e2bc8f813fc816":"","page_structure_type":"default","2812c2d977791092646ebe1ec21f2cc9":"","content_style_source":"inherit","content_style":"wide","vertical_spacing_source":"custom","content_area_spacing":"none","background":{"background_type":"color","background_pattern":"type-1","background_image":{"attachment_id":null,"x":0,"y":0},"gradient":"linear-gradient(135deg,rgba(6,147,227,1) 0%,rgb(155,81,224) 100%)","background_repeat":"repeat","background_size":"auto","background_attachment":"scroll","patternColor":{"default":{"color":"#e5e7ea"}},"overlayColor":{"default":{"color":"CT_CSS_SKIP_RULE"}},"backgroundColor":{"default":{"color":"CT_CSS_SKIP_RULE"}}},"content_background":{"background_type":"color","background_pattern":"type-1","background_image":{"attachment_id":null,"x":0,"y":0},"gradient":"linear-gradient(135deg,rgba(6,147,227,1) 0%,rgb(155,81,224) 100%)","background_repeat":"repeat","background_size":"auto","background_attachment":"scroll","patternColor":{"default":{"color":"#e5e7ea"}},"overlayColor":{"default":{"color":"CT_CSS_SKIP_RULE"}},"backgroundColor":{"default":{"color":"var(--theme-palette-color-8)"}}},"content_boxed_shadow":{"inherit":false,"blur":18,"spread":-6,"v_offset":12,"h_offset":0,"inset":false,"enable":true,"color":{"color":"rgba(34, 56, 101, 0.04)"}},"boxed_content_spacing":{"desktop":{"top":"40px","bottom":"40px","left":"40px","right":"40px","linked":true},"tablet":{"top":"35px","bottom":"35px","left":"35px","right":"35px","linked":true},"mobile":{"top":"20px","bottom":"20px","left":"20px","right":"20px","linked":true}},"content_boxed_radius":{"top":"3px","bottom":"3px","left":"3px","right":"3px","linked":true},"556d9b8bfe2e6d516b5f64f92b0da372":"","disable_featured_image":"no","disable_share_box":"no","disable_header":"no","disable_footer":"no","styles_descriptor":{"styles":{"desktop":"","tablet":"","mobile":""},"google_fonts":[],"version":6}},"aioseo_notices":[],"featured_image_src":"https:\/\/agatlabs.com\/wp-content\/uploads\/legal-documents-signing-meeting-600x400.jpg","featured_image_src_square":"https:\/\/agatlabs.com\/wp-content\/uploads\/legal-documents-signing-meeting-600x600.jpg","_links":{"self":[{"href":"https:\/\/agatlabs.com\/fr\/wp-json\/wp\/v2\/pages\/1052","targetHints":{"allow":["GET"]}}],"collection":[{"href":"https:\/\/agatlabs.com\/fr\/wp-json\/wp\/v2\/pages"}],"about":[{"href":"https:\/\/agatlabs.com\/fr\/wp-json\/wp\/v2\/types\/page"}],"author":[{"embeddable":true,"href":"https:\/\/agatlabs.com\/fr\/wp-json\/wp\/v2\/users\/2"}],"replies":[{"embeddable":true,"href":"https:\/\/agatlabs.com\/fr\/wp-json\/wp\/v2\/comments?post=1052"}],"version-history":[{"count":0,"href":"https:\/\/agatlabs.com\/fr\/wp-json\/wp\/v2\/pages\/1052\/revisions"}],"wp:featuredmedia":[{"embeddable":true,"href":"https:\/\/agatlabs.com\/fr\/wp-json\/wp\/v2\/media\/2361"}],"wp:attachment":[{"href":"https:\/\/agatlabs.com\/fr\/wp-json\/wp\/v2\/media?parent=1052"}],"curies":[{"name":"wp","href":"https:\/\/api.w.org\/{rel}","templated":true}]}}