{"id":1499,"date":"2025-01-31T16:41:37","date_gmt":"2025-01-31T16:41:37","guid":{"rendered":"https:\/\/agatlabs.com\/radon-kits\/radon-info-hub-copy\/"},"modified":"2025-11-18T15:16:57","modified_gmt":"2025-11-18T22:16:57","slug":"instructions-pour-le-deploiement-a-court-terme","status":"publish","type":"page","link":"https:\/\/agatlabs.com\/fr\/shop-radon\/radon-info-hub\/short-term-deployment-instructions\/","title":{"rendered":"Instructions de d\u00e9ploiement \u00e0 court terme"},"content":{"rendered":"<div class=\"wp-block-stackable-columns alignfull stk-block-columns stk-block stk-f5554c3 stk-block-background\" data-block-id=\"f5554c3\"><style>.stk-f5554c3 {background-color:var(--theme-palette-color-3, #5a5a5a) !important;background-position:bottom center !important;background-repeat:no-repeat !important;background-size:cover !important;overflow:hidden !important;padding-top:90px !important;padding-right:80px !important;padding-bottom:60px !important;padding-left:80px !important;margin-bottom:0px !important;opacity:1 !important;}.stk-f5554c3:before{background-color:var(--theme-palette-color-3, #5a5a5a) !important;}@media screen and (max-width:689px){.stk-f5554c3 {padding-top:100px !important;padding-right:25px !important;padding-bottom:60px !important;padding-left:25px !important;}}<\/style><div class=\"stk-row stk-inner-blocks has-text-align-left-tablet has-text-align-left-mobile stk-block-content stk-content-align stk-f5554c3-column\">\n<div class=\"wp-block-stackable-column stk-block-column stk-column stk-block stk-3f739b8\" data-v=\"4\" data-block-id=\"3f739b8\"><style>.stk-3f739b8-container{margin-top:0px !important;margin-right:0px !important;margin-bottom:0px !important;margin-left:0px !important;}<\/style><div class=\"stk-column-wrapper stk-block-column__content stk-container stk-3f739b8-container stk--no-background stk--no-padding\"><div class=\"stk-block-content stk-inner-blocks stk-3f739b8-inner-blocks\">\n\n\n<div class=\"wp-block-stackable-heading stk-block-heading stk-block-heading--v2 stk-block stk-ba93f5b\" id=\"short-term-deployment-instructions\" data-block-id=\"ba93f5b\"><style>.stk-ba93f5b {margin-bottom:0px !important;}.stk-ba93f5b .stk-block-heading__text{font-size:50px !important;color:var(--theme-palette-color-8, #ffffff) !important;line-height:1.1em !important;}@media screen and (max-width:999px){.stk-ba93f5b {max-width:100% !important;min-width:auto !important;}.stk-ba93f5b .stk-block-heading__text{font-size:50px !important;}}@media screen and (max-width:689px){.stk-ba93f5b .stk-block-heading__text{font-size:40px !important;}}<\/style><h1 class=\"stk-block-heading__text has-text-color has-palette-color-8-color\">Instructions de d\u00e9ploiement \u00e0 court terme<\/h1><\/div>\n<\/div><\/div><\/div>\n<\/div><\/div>\n\n\n\n<div class=\"wp-block-stackable-spacer stk-block-spacer stk--no-padding stk-block stk-351fd8a\" data-block-id=\"351fd8a\"><style>.stk-351fd8a {height:50px !important;}@media screen and (max-width:999px){.stk-351fd8a {height:70px !important;}}<\/style><\/div>\n\n\n\n<div class=\"wp-block-stackable-columns stk-block-columns stk-block stk-6598c52\" id=\"quality-you-can-trust-precision-accountability-and-continuous-improvement\" data-block-id=\"6598c52\"><style>.stk-6598c52 .stk--block-align-6598c52{align-items:center !important;}.stk-6598c52 {margin-bottom:0px !important;}<\/style><div class=\"stk-row stk-inner-blocks stk--block-align-6598c52 stk-block-content stk-content-align stk-6598c52-column\">\n<div class=\"wp-block-stackable-column stk-block-column stk-column stk-block stk-60ef295\" data-v=\"4\" data-block-id=\"60ef295\"><style>.stk-60ef295-container{margin-top:0px !important;margin-right:0px !important;margin-bottom:0px !important;margin-left:0px !important;}@media screen and (max-width:999px){.stk-60ef295-container{padding-left:0px !important;}}@media screen and (max-width:689px){.stk-60ef295-container{padding-left:0px !important;}}<\/style><div class=\"stk-column-wrapper stk-block-column__content stk-container stk-60ef295-container stk--no-background stk--no-padding\"><div class=\"has-text-align-left has-text-align-left-tablet has-text-align-left-mobile stk-block-content stk-inner-blocks stk-60ef295-inner-blocks\">\n<div class=\"wp-block-stackable-heading stk-block-heading stk-block-heading--v2 stk-block stk-bc2843f\" id=\"how-to-use-a-short-term-radon-testing-device\" data-block-id=\"bc2843f\"><h2 class=\"stk-block-heading__text\">Comment utiliser un appareil de mesure du radon \u00e0 court terme ?<\/h2><\/div>\n\n\n\n<div class=\"wp-block-stackable-text stk-block-text stk-block stk-6788461\" data-block-id=\"6788461\"><p class=\"stk-block-text__text\">Les mesures de radon \u00e0 court terme sont pr\u00e9cieuses pour obtenir un instantan\u00e9 des conditions de radon. Les tests \u00e0 court terme permettent d'identifier les probl\u00e8mes potentiels ou peuvent \u00eatre utilis\u00e9s apr\u00e8s l'att\u00e9nuation pour d\u00e9terminer l'efficacit\u00e9 de l'att\u00e9nuation. La surveillance \u00e0 l'aide d'un dispositif de mesure du radon \u00e0 court terme doit \u00eatre effectu\u00e9e pendant deux \u00e0 dix jours.<\/p><\/div>\n\n\n\n<div class=\"wp-block-stackable-spacer stk-block-spacer stk--no-padding stk-block stk-153cfbb\" data-block-id=\"153cfbb\"><style>.stk-153cfbb {height:50px !important;}@media screen and (max-width:999px){.stk-153cfbb {height:70px !important;}}<\/style><\/div>\n\n\n\n<div class=\"wp-block-stackable-heading stk-block-heading stk-block-heading--v2 stk-block stk-b2160d8\" id=\"radon-test-kits-include\" data-block-id=\"b2160d8\"><h3 class=\"stk-block-heading__text\">Les kits de test du radon comprennent<\/h3><\/div>\n\n\n\n<ul class=\"wp-block-list\">\n<li>Location d'un appareil de mesure du radon<\/li>\n\n\n\n<li>Mode d'emploi de votre appareil de mesure du radon<\/li>\n\n\n\n<li>Exemple d'enregistrement de la cha\u00eene de possession<\/li>\n\n\n\n<li>Formulaire d'information compl\u00e9mentaire<\/li>\n\n\n\n<li>Autocollant d'adresse de retour et bo\u00eete d'exp\u00e9dition<\/li>\n\n\n\n<li>Rapport d'analyse du radon avec recommandations \u00e0 l'issue de l'analyse en laboratoire<\/li>\n<\/ul>\n\n\n\n<div class=\"wp-block-stackable-spacer stk-block-spacer stk--no-padding stk-block stk-71e0268\" data-block-id=\"71e0268\"><style>.stk-71e0268 {height:50px !important;}@media screen and (max-width:999px){.stk-71e0268 {height:70px !important;}}<\/style><\/div>\n\n\n\n<div class=\"wp-block-stackable-heading stk-block-heading stk-block-heading--v2 stk-block stk-166066f\" id=\"closed-building-conditions\" data-block-id=\"166066f\"><h3 class=\"stk-block-heading__text\">\u00c9tat des b\u00e2timents ferm\u00e9s<\/h3><\/div>\n\n\n\n<p>Lors d'un d\u00e9pistage \u00e0 court terme du radon, Sant\u00e9 Canada sugg\u00e8re de respecter les conditions d'un b\u00e2timent ferm\u00e9. Ces conditions doivent \u00eatre respect\u00e9es 12 heures avant le d\u00e9but du test.<\/p>\n\n\n\n<ul class=\"wp-block-list\">\n<li>Les fen\u00eatres doivent \u00eatre maintenues ferm\u00e9es et les portes ouvertes uniquement le temps d'entrer et de sortir ;<\/li>\n\n\n\n<li>Les ventilateurs d\u2019extraction, climatiseurs de fen\u00eatre ou ventilateurs d\u2019a\u00e9ration g\u00e9n\u00e9rale ne doivent pas \u00eatre utilis\u00e9s.<\/li>\n\n\n\n<li>Les chemin\u00e9es (sauf s\u2019ils constituent la principale source de chauffage) ne doivent pas \u00eatre utilis\u00e9s, et les registres doivent rester ferm\u00e9s.<\/li>\n\n\n\n<li>Les syst\u00e8mes permanents d\u2019att\u00e9nuation du radon, s\u2019il y en a, doivent \u00eatre en fonction pendant au moins 24 heures avant et durant la p\u00e9riode de mesure. De plus, les mesures d\u2019une dur\u00e9e inf\u00e9rieure \u00e0 quatre jours ne doivent pas \u00eatre r\u00e9alis\u00e9es lors de conditions m\u00e9t\u00e9orologiques extr\u00eames.<\/li>\n<\/ul>\n\n\n\n<div class=\"wp-block-stackable-spacer stk-block-spacer stk--no-padding stk-block stk-c9c2f61\" data-block-id=\"c9c2f61\"><style>.stk-c9c2f61 {height:50px !important;}@media screen and (max-width:999px){.stk-c9c2f61 {height:70px !important;}}<\/style><\/div>\n\n\n\n<div class=\"wp-block-stackable-image stk-block-image stk-block stk-7b0690c\" data-block-id=\"7b0690c\"><figure><span class=\"stk-img-wrapper stk-image--shape-stretch\"><img loading=\"lazy\" decoding=\"async\" class=\"stk-img wp-image-2800\" src=\"https:\/\/agatlabs.com\/wp-content\/uploads\/radon-testing-device-instructions-agat-labs.webp\" width=\"1662\" height=\"2500\" alt=\"Instructions pour un appareil de mesure du radon \u00e0 court terme.\" srcset=\"https:\/\/agatlabs.com\/wp-content\/uploads\/radon-testing-device-instructions-agat-labs.webp 1662w, https:\/\/agatlabs.com\/wp-content\/uploads\/radon-testing-device-instructions-agat-labs-199x300.webp 199w, https:\/\/agatlabs.com\/wp-content\/uploads\/radon-testing-device-instructions-agat-labs-681x1024.webp 681w, https:\/\/agatlabs.com\/wp-content\/uploads\/radon-testing-device-instructions-agat-labs-768x1155.webp 768w, https:\/\/agatlabs.com\/wp-content\/uploads\/radon-testing-device-instructions-agat-labs-1021x1536.webp 1021w, https:\/\/agatlabs.com\/wp-content\/uploads\/radon-testing-device-instructions-agat-labs-1362x2048.webp 1362w, https:\/\/agatlabs.com\/wp-content\/uploads\/radon-testing-device-instructions-agat-labs-8x12.webp 8w, https:\/\/agatlabs.com\/wp-content\/uploads\/radon-testing-device-instructions-agat-labs-600x903.webp 600w\" sizes=\"auto, (max-width: 1662px) 100vw, 1662px\" \/><\/span><\/figure><\/div>\n\n\n\n<div class=\"wp-block-stackable-spacer stk-block-spacer stk--no-padding stk-block stk-ae5fdda\" data-block-id=\"ae5fdda\"><style>.stk-ae5fdda {height:100px !important;}<\/style><\/div>\n<\/div><\/div><\/div>\n<\/div><\/div>\n\n\n\n<div class=\"wp-block-stackable-spacer stk-block-spacer stk--no-padding stk-block stk-0cd2943\" data-block-id=\"0cd2943\"><style>.stk-0cd2943 {height:100px !important;}@media screen and (max-width:999px){.stk-0cd2943 {height:20px !important;}}<\/style><\/div>","protected":false},"excerpt":{"rendered":"<p>Suivez le guide de d\u00e9pistage du radon \u00e0 court terme de l'AGAT pour les appareils E-PERM\u2122 - assurez-vous d'une installation correcte, de conditions ferm\u00e9es et d'un retour en temps voulu pour une analyse pr\u00e9cise.<\/p>","protected":false},"author":2,"featured_media":1999,"parent":1289,"menu_order":0,"comment_status":"closed","ping_status":"closed","template":"","meta":{"footnotes":""},"class_list":["post-1499","page","type-page","status-publish","has-post-thumbnail","hentry"],"blocksy_meta":{"page_title_panel":"","has_hero_section":"disabled","4c9fda44a86fd2db9b986554bd5adacc":"","hero_section":"type-1","hero_elements":[{"id":"custom_title","enabled":true,"heading_tag":"h1","title":"Accueil"},{"id":"custom_description","enabled":true,"description_visibility":{"desktop":true,"tablet":true,"mobile":false}},{"id":"custom_meta","enabled":false,"meta_elements":[{"id":"author","enabled":true,"label":"By","has_author_avatar":"yes","avatar_size":25},{"id":"post_date","enabled":true,"label":"On","date_format_source":"default","date_format":"M j, Y"},{"id":"updated_date","enabled":false,"label":"On","date_format_source":"default","date_format":"M j, Y"},{"id":"categories","enabled":false,"label":"In","style":"simple"},{"id":"comments","enabled":true}],"page_meta_elements":{"joined":true,"articles_count":true,"comments":true}},{"id":"breadcrumbs","enabled":false}],"66042b754988433a4cbe987eedc3ae87":"","hero_alignment1":"CT_CSS_SKIP_RULE","hero_margin":40,"hero_alignment2":"center","hero_vertical_alignment":"center","66b1c9575babd2492d521cdab8aeeeb8":"","hero_structure":"narrow","a4866dd9086b283ac9c9ed661667191f":"","page_title_bg_type":"featured_image","custom_hero_background":{"attachment_id":null},"parallax":{"desktop":false,"tablet":false,"mobile":false},"00191fa96e3391c316bf3a007888aea4":"","hero_height":"250px","pageTitleFont":{"family":"Default","variation":"Default","size":"30px","line-height":"CT_CSS_SKIP_RULE","letter-spacing":"CT_CSS_SKIP_RULE","text-transform":"CT_CSS_SKIP_RULE","text-decoration":"CT_CSS_SKIP_RULE"},"pageTitleFontColor":{"default":{"color":"CT_CSS_SKIP_RULEDEFAULT"}},"pageMetaFont":{"family":"Default","variation":"n6","size":"12px","line-height":"1.3","letter-spacing":"CT_CSS_SKIP_RULE","text-transform":"uppercase","text-decoration":"CT_CSS_SKIP_RULE"},"pageMetaFontColor":{"default":{"color":"CT_CSS_SKIP_RULEDEFAULT"},"hover":{"color":"CT_CSS_SKIP_RULEDEFAULT"}},"page_meta_button_type_font_colors":{"default":{"color":"CT_CSS_SKIP_RULEDEFAULT"},"hover":{"color":"CT_CSS_SKIP_RULEDEFAULT"}},"page_meta_button_type_background_colors":{"default":{"color":"CT_CSS_SKIP_RULEDEFAULT"},"hover":{"color":"CT_CSS_SKIP_RULEDEFAULT"}},"pageExcerptFont":{"family":"Default","variation":"Default","size":"CT_CSS_SKIP_RULE","line-height":"CT_CSS_SKIP_RULE","letter-spacing":"CT_CSS_SKIP_RULE","text-transform":"CT_CSS_SKIP_RULE","text-decoration":"CT_CSS_SKIP_RULE"},"pageExcerptColor":{"default":{"color":"CT_CSS_SKIP_RULEDEFAULT"}},"breadcrumbsFont":{"family":"Default","variation":"Default","size":"CT_CSS_SKIP_RULE","line-height":"CT_CSS_SKIP_RULE","letter-spacing":"CT_CSS_SKIP_RULE","text-transform":"CT_CSS_SKIP_RULE","text-decoration":"CT_CSS_SKIP_RULE"},"breadcrumbsFontColor":{"default":{"color":"CT_CSS_SKIP_RULEDEFAULT"},"initial":{"color":"CT_CSS_SKIP_RULEDEFAULT"},"hover":{"color":"CT_CSS_SKIP_RULEDEFAULT"}},"pageTitleOverlay":{"background_type":"color","background_pattern":"type-1","background_image":{"attachment_id":null,"x":0,"y":0},"gradient":"linear-gradient(135deg,rgba(6,147,227,1) 0%,rgb(155,81,224) 100%)","background_repeat":"repeat","background_size":"auto","background_attachment":"scroll","patternColor":{"default":{"color":"#e5e7ea"}},"overlayColor":{"default":{"color":"CT_CSS_SKIP_RULE"}},"backgroundColor":{"default":{"color":"CT_CSS_SKIP_RULE"}}},"pageTitleBackground":{"background_type":"color","background_pattern":"type-1","background_image":{"attachment_id":null,"x":0,"y":0},"gradient":"linear-gradient(135deg,rgba(6,147,227,1) 0%,rgb(155,81,224) 100%)","background_repeat":"repeat","background_size":"auto","background_attachment":"scroll","patternColor":{"default":{"color":"#e5e7ea"}},"overlayColor":{"default":{"color":"CT_CSS_SKIP_RULE"}},"backgroundColor":{"default":{"color":"var(--theme-palette-color-6)"}}},"pageTitlePadding":{"top":"50px","bottom":"50px","left":"auto","right":"auto","linked":true},"a3b0907b6ab61faa63e2bc8f813fc816":"","page_structure_type":"default","2812c2d977791092646ebe1ec21f2cc9":"","content_style_source":"inherit","content_style":"wide","vertical_spacing_source":"custom","content_area_spacing":"none","background":{"background_type":"color","background_pattern":"type-1","background_image":{"attachment_id":null,"x":0,"y":0},"gradient":"linear-gradient(135deg,rgba(6,147,227,1) 0%,rgb(155,81,224) 100%)","background_repeat":"repeat","background_size":"auto","background_attachment":"scroll","patternColor":{"default":{"color":"#e5e7ea"}},"overlayColor":{"default":{"color":"CT_CSS_SKIP_RULE"}},"backgroundColor":{"default":{"color":"CT_CSS_SKIP_RULE"}}},"content_background":{"background_type":"color","background_pattern":"type-1","background_image":{"attachment_id":null,"x":0,"y":0},"gradient":"linear-gradient(135deg,rgba(6,147,227,1) 0%,rgb(155,81,224) 100%)","background_repeat":"repeat","background_size":"auto","background_attachment":"scroll","patternColor":{"default":{"color":"#e5e7ea"}},"overlayColor":{"default":{"color":"CT_CSS_SKIP_RULE"}},"backgroundColor":{"default":{"color":"var(--theme-palette-color-8)"}}},"content_boxed_shadow":{"inherit":false,"blur":18,"spread":-6,"v_offset":12,"h_offset":0,"inset":false,"enable":true,"color":{"color":"rgba(34, 56, 101, 0.04)"}},"boxed_content_spacing":{"desktop":{"top":"40px","bottom":"40px","left":"40px","right":"40px","linked":true},"tablet":{"top":"35px","bottom":"35px","left":"35px","right":"35px","linked":true},"mobile":{"top":"20px","bottom":"20px","left":"20px","right":"20px","linked":true}},"content_boxed_radius":{"top":"3px","bottom":"3px","left":"3px","right":"3px","linked":true},"556d9b8bfe2e6d516b5f64f92b0da372":"","disable_featured_image":"no","disable_share_box":"no","disable_header":"no","disable_footer":"no","styles_descriptor":{"styles":{"desktop":"","tablet":"","mobile":""},"google_fonts":[],"version":6}},"aioseo_notices":[],"featured_image_src":"https:\/\/agatlabs.com\/wp-content\/uploads\/agat-radon-short-term-test-kit-down-position-600x400.jpg","featured_image_src_square":"https:\/\/agatlabs.com\/wp-content\/uploads\/agat-radon-short-term-test-kit-down-position-600x600.jpg","_links":{"self":[{"href":"https:\/\/agatlabs.com\/fr\/wp-json\/wp\/v2\/pages\/1499","targetHints":{"allow":["GET"]}}],"collection":[{"href":"https:\/\/agatlabs.com\/fr\/wp-json\/wp\/v2\/pages"}],"about":[{"href":"https:\/\/agatlabs.com\/fr\/wp-json\/wp\/v2\/types\/page"}],"author":[{"embeddable":true,"href":"https:\/\/agatlabs.com\/fr\/wp-json\/wp\/v2\/users\/2"}],"replies":[{"embeddable":true,"href":"https:\/\/agatlabs.com\/fr\/wp-json\/wp\/v2\/comments?post=1499"}],"version-history":[{"count":0,"href":"https:\/\/agatlabs.com\/fr\/wp-json\/wp\/v2\/pages\/1499\/revisions"}],"up":[{"embeddable":true,"href":"https:\/\/agatlabs.com\/fr\/wp-json\/wp\/v2\/pages\/1289"}],"wp:featuredmedia":[{"embeddable":true,"href":"https:\/\/agatlabs.com\/fr\/wp-json\/wp\/v2\/media\/1999"}],"wp:attachment":[{"href":"https:\/\/agatlabs.com\/fr\/wp-json\/wp\/v2\/media?parent=1499"}],"curies":[{"name":"wp","href":"https:\/\/api.w.org\/{rel}","templated":true}]}}