{"id":1784,"date":"2025-02-24T21:17:22","date_gmt":"2025-02-24T21:17:22","guid":{"rendered":"https:\/\/agatlabs.com\/?page_id=1784"},"modified":"2025-05-08T14:23:43","modified_gmt":"2025-05-08T20:23:43","slug":"tests-de-lubrifiants-et-de-carburants","status":"publish","type":"page","link":"https:\/\/agatlabs.com\/fr\/services\/lubricants-fuels-testing\/","title":{"rendered":"Tests de lubrifiants et de carburants"},"content":{"rendered":"<div class=\"wp-block-stackable-columns alignfull stk-block-columns stk-block stk-f5554c3 stk-block-background stk--has-background-overlay\" data-block-id=\"f5554c3\"><style>.stk-f5554c3 {background-color:#3c2204 !important;background-image:url(https:\/\/agatlabs.com\/wp-content\/uploads\/banner-lubricants-testing-red-truck-highway.jpg) !important;background-position:center center !important;background-repeat:no-repeat !important;background-size:cover !important;overflow:hidden !important;padding-top:180px !important;padding-right:80px !important;padding-bottom:150px !important;padding-left:80px !important;margin-bottom:0px !important;opacity:1 !important;}.stk-f5554c3:before{background-color:#3c2204 !important;opacity:0.3 !important;}@media screen and (max-width:689px){.stk-f5554c3 {padding-top:100px !important;padding-right:25px !important;padding-bottom:60px !important;padding-left:25px !important;}}<\/style><div class=\"stk-row stk-inner-blocks has-text-align-left-tablet has-text-align-left-mobile stk-block-content stk-content-align stk-f5554c3-column\">\n<div class=\"wp-block-stackable-column stk-block-column stk-column stk-block stk-3f739b8\" data-v=\"4\" data-block-id=\"3f739b8\"><style>.stk-3f739b8-container{margin-top:0px !important;margin-right:0px !important;margin-bottom:0px !important;margin-left:0px !important;}<\/style><div class=\"stk-column-wrapper stk-block-column__content stk-container stk-3f739b8-container stk--no-background stk--no-padding\"><div class=\"stk-block-content stk-inner-blocks stk-3f739b8-inner-blocks\">\n\n\n<div class=\"wp-block-stackable-heading stk-block-heading stk-block-heading--v2 stk-block stk-ba93f5b\" id=\"lubricants-amp-fuels-testing\" data-block-id=\"ba93f5b\"><style>.stk-ba93f5b {margin-bottom:0px !important;}.stk-ba93f5b .stk-block-heading__text{color:var(--theme-palette-color-8, #ffffff) !important;line-height:1.1em !important;}@media screen and (max-width:999px){.stk-ba93f5b {max-width:100% !important;min-width:auto !important;}}<\/style><h1 class=\"stk-block-heading__text has-text-color has-palette-color-8-color\">Tests de lubrifiants et de carburants<\/h1><\/div>\n<\/div><\/div><\/div>\n<\/div><\/div>\n\n\n\n<div class=\"wp-block-stackable-spacer stk-block-spacer stk--no-padding stk-block stk-351fd8a\" data-block-id=\"351fd8a\"><style>.stk-351fd8a {height:50px !important;}@media screen and (max-width:999px){.stk-351fd8a {height:70px !important;}}<\/style><\/div>\n\n\n\n<div class=\"wp-block-stackable-columns alignfull stk-block-columns stk-block stk-1dbdcfb stk-block-background\" data-block-id=\"1dbdcfb\"><style>.stk-1dbdcfb {background-color:transparent !important;background-position:center right !important;background-repeat:no-repeat !important;background-size:850px !important;padding-top:0px !important;padding-right:0px !important;padding-bottom:0px !important;padding-left:0px !important;margin-bottom:0px !important;overflow:visible !important;}.stk-1dbdcfb:before{background-color:transparent !important;}.stk-1dbdcfb .stk-container{overflow:visible !important;}@media screen and (max-width:999px){.stk-1dbdcfb {background-size:600px !important;}}@media screen and (max-width:689px){.stk-1dbdcfb {background-size:400px !important;}}<\/style><div class=\"stk-row stk-inner-blocks stk-block-content stk-content-align stk-1dbdcfb-column\">\n<div class=\"wp-block-stackable-column stk-block-column stk-column stk-block stk-07d2bd2\" data-v=\"4\" data-block-id=\"07d2bd2\"><style>.stk-07d2bd2-container{margin-top:0px !important;margin-right:0px !important;margin-bottom:0px !important;margin-left:0px !important;}<\/style><div class=\"stk-column-wrapper stk-block-column__content stk-container stk-07d2bd2-container stk--no-background stk--no-padding\"><div class=\"stk-block-content stk-inner-blocks stk-07d2bd2-inner-blocks\">\n<div class=\"wp-block-stackable-columns stk-block-columns stk-block stk-2ef8d74\" data-block-id=\"2ef8d74\"><style>.stk-2ef8d74 .stk--block-align-2ef8d74{align-items:center !important;}.stk-2ef8d74 {margin-bottom:0px !important;}.stk-2ef8d74-column{--stk-column-gap:35px !important;row-gap:35px !important;}<\/style><div class=\"stk-row stk-inner-blocks stk--block-align-2ef8d74 stk-block-content stk-content-align stk-2ef8d74-column\">\n<div class=\"wp-block-stackable-column stk-block-column stk-column stk-block stk-425a78d\" data-v=\"4\" data-block-id=\"425a78d\"><style>.stk-425a78d-container{margin-top:0px !important;margin-right:0px !important;margin-bottom:0px !important;margin-left:0px !important;}.stk-425a78d {align-self:flex-start !important;margin-right:30px !important;}@media screen and (min-width:690px){.stk-425a78d {flex:var(--stk-flex-grow, 1) 1 calc(66.666% - var(--stk-column-gap, 0px) * 1 \/ 2 ) !important;}}@media screen and (min-width:690px) and (max-width:999px){.stk-425a78d {flex:var(--stk-flex-grow, 1) 1 calc(100% - var(--stk-column-gap, 0px) * 0 \/ 1 ) !important;}}@media screen and (max-width:999px){.stk-425a78d-container{max-width:100% !important;min-width:auto !important;}}@media screen and (max-width:689px){.stk-425a78d {margin-bottom:20px !important;}.stk-425a78d-container{max-width:100% !important;min-width:auto !important;padding-left:0px !important;}}<\/style><div class=\"stk-column-wrapper stk-block-column__content stk-container stk-425a78d-container stk--no-background stk--no-padding\"><div class=\"has-text-align-left-mobile stk-block-content stk-inner-blocks stk-425a78d-inner-blocks\">\n<div class=\"wp-block-stackable-heading stk-block-heading stk-block-heading--v2 stk-block stk-a1b36a7\" id=\"lubricants-and-fuels-testing-services\" data-block-id=\"a1b36a7\"><style>.stk-a1b36a7 {margin-bottom:35px !important;}.stk-a1b36a7 .stk-block-heading__text{line-height:1.2em !important;font-weight:800 !important;}<\/style><h2 class=\"stk-block-heading__text has-text-align-left has-text-align-left-tablet\">Services de test de lubrifiants et de carburants<\/h2><\/div>\n\n\n\n<div class=\"wp-block-stackable-text stk-block-text stk-block stk-b3cc520\" data-block-id=\"b3cc520\"><p class=\"stk-block-text__text\">Chez AGAT Laboratoires, notre division Tests de lubrifiants et de carburants fournit des analyses de lubrifiants pour les huiles neuves et les carburants afin de garantir la qualit\u00e9 des produits. Nos programmes d'analyse des huiles usag\u00e9es fourniront des informations sur l'analyse de l'usure et la d\u00e9tection de la contamination afin de fournir les informations n\u00e9cessaires pour r\u00e9duire les pannes et les temps d'arr\u00eat.<\/p><\/div>\n\n\n\n<div class=\"wp-block-stackable-heading stk-block-heading stk-block-heading--v2 stk-block stk-3361d8d\" id=\"we-conduct-tests-amp-analysis-in-these-areas\" data-block-id=\"3361d8d\"><style>.stk-3361d8d {margin-top:30px !important;margin-bottom:20px !important;}.stk-3361d8d .stk-block-heading__text{line-height:1.2em !important;font-weight:800 !important;}<\/style><h3 class=\"stk-block-heading__text has-text-align-left-tablet\">Nous effectuons des tests et des analyses dans les domaines suivants :<\/h3><\/div>\n\n\n\n<div class=\"wp-block-stackable-icon-list stk-block-icon-list stk-block stk-6009a97\" data-block-id=\"6009a97\"><style>.stk-6009a97 .stk-block-icon-list-item__content{gap:8px !important;align-items:center !important;}.stk-6009a97 {--stk-icon-list-column-count:1 !important;--stk-icon-list-row-gap:4px !important;--stk-icon-list-marker-color:var(--theme-palette-color-11, #5a5a5a) !important;--stk-icon-height:20px !important;}.stk-6009a97 ul, .stk-6009a97 ol{padding-left:24px !important;}<\/style><svg style=\"display:none\"><defs><g id=\"stk-icon-list__icon-svg-def-6009a97\"><svg xmlns=\"http:\/\/www.w3.org\/2000\/svg\" viewbox=\"0 0 512 512\"><path d=\"M256 48a208 208 0 1 1 0 416 208 208 0 1 1 0-416zm0 464A256 256 0 1 0 256 0a256 256 0 1 0 0 512zM369 209c9.4-9.4 9.4-24.6 0-33.9s-24.6-9.4-33.9 0l-111 111-47-47c-9.4-9.4-24.6-9.4-33.9 0s-9.4 24.6 0 33.9l64 64c9.4 9.4 24.6 9.4 33.9 0L369 209z\" \/><\/svg><\/g><\/defs><\/svg><ul class=\"stk-block-icon-list__ul stk-block-icon-list--column\">\n<li class=\"wp-block-stackable-icon-list-item stk-block-icon-list-item stk-block stk-05b3cd3\" data-block-id=\"05b3cd3\"><div class=\"stk-block-icon-list-item__content\"><span class=\"stk--svg-wrapper\"><div class=\"stk--inner-svg\"><svg aria-hidden=\"true\" width=\"32\" height=\"32\"><use xlink:href=\"#stk-icon-list__icon-svg-def-6009a97\"><\/use><\/svg><\/div><\/span><span class=\"stk-block-icon-list-item__text\">Analyse d&#039;huile<\/span><\/div><\/li>\n\n\n\n<li class=\"wp-block-stackable-icon-list-item stk-block-icon-list-item stk-block stk-67c0c0e\" data-block-id=\"67c0c0e\"><div class=\"stk-block-icon-list-item__content\"><span class=\"stk--svg-wrapper\"><div class=\"stk--inner-svg\"><svg aria-hidden=\"true\" width=\"32\" height=\"32\"><use xlink:href=\"#stk-icon-list__icon-svg-def-6009a97\"><\/use><\/svg><\/div><\/span><span class=\"stk-block-icon-list-item__text\">Analyse du carburant<\/span><\/div><\/li>\n\n\n\n<li class=\"wp-block-stackable-icon-list-item stk-block-icon-list-item stk-block stk-2c6ed9b\" data-block-id=\"2c6ed9b\"><div class=\"stk-block-icon-list-item__content\"><span class=\"stk--svg-wrapper\"><div class=\"stk--inner-svg\"><svg aria-hidden=\"true\" width=\"32\" height=\"32\"><use xlink:href=\"#stk-icon-list__icon-svg-def-6009a97\"><\/use><\/svg><\/div><\/span><span class=\"stk-block-icon-list-item__text\">Analyse du liquide de refroidissement<\/span><\/div><\/li>\n<\/ul><\/div>\n\n\n\n<div class=\"wp-block-stackable-heading stk-block-heading stk-block-heading--v2 stk-block stk-14cad85\" id=\"take-the-next-step\" data-block-id=\"14cad85\"><style>.stk-14cad85 {margin-top:30px !important;margin-bottom:20px !important;}.stk-14cad85 .stk-block-heading__text{line-height:1.2em !important;font-weight:800 !important;}<\/style><h4 class=\"stk-block-heading__text has-text-align-left-tablet\">Passez \u00e0 l\u2019\u00e9tape suivante<\/h4><\/div>\n\n\n\n<div class=\"wp-block-stackable-text stk-block-text stk-block stk-658d80e\" data-block-id=\"658d80e\"><p class=\"stk-block-text__text\">Faites \u00e9quipe avec AGAT Laboratoires pour des solutions de tests analytiques pr\u00e9cises et fiables. Notre expertise de pointe dans le secteur garantit que vos projets de tests de lubrifiants et de carburants r\u00e9pondent aux normes les plus \u00e9lev\u00e9es de pr\u00e9cision et de conformit\u00e9. Contactez-nous d\u00e8s aujourd'hui pour discuter de la mani\u00e8re dont nos services sp\u00e9cialis\u00e9s peuvent contribuer \u00e0 votre r\u00e9ussite op\u00e9rationnelle.<\/p><\/div>\n<\/div><\/div><\/div>\n\n\n\n<div class=\"wp-block-stackable-column stk-block-column stk-column stk-block stk-b3ddcb3\" data-v=\"4\" data-block-id=\"b3ddcb3\"><style>.stk-b3ddcb3-container{margin-top:0px !important;margin-right:0px !important;margin-bottom:0px !important;margin-left:0px !important;}.stk-b3ddcb3 {align-self:flex-start !important;}@media screen and (min-width:690px){.stk-b3ddcb3 {flex:var(--stk-flex-grow, 1) 1 calc(33.334% - var(--stk-column-gap, 0px) * 1 \/ 2 ) !important;}}@media screen and (min-width:690px) and (max-width:999px){.stk-b3ddcb3 {flex:var(--stk-flex-grow, 1) 1 calc(50% - var(--stk-column-gap, 0px) * 1 \/ 2 ) !important;}}@media screen and (max-width:999px){.stk-b3ddcb3 {margin-bottom:0px !important;}}@media screen and (max-width:689px){.stk-b3ddcb3 {margin-bottom:0px !important;}}<\/style><div class=\"stk-column-wrapper stk-block-column__content stk-container stk-b3ddcb3-container stk--no-background stk--no-padding\"><div class=\"has-text-align-center-mobile stk-block-content stk-inner-blocks stk-b3ddcb3-inner-blocks\">\n<div class=\"wp-block-stackable-columns stk-block-columns stk-block stk-18dc467\" data-block-id=\"18dc467\"><style>.stk-18dc467 {margin-bottom:46px !important;}.stk-18dc467-column{--stk-column-gap:35px !important;row-gap:35px !important;}<\/style><div class=\"stk-row stk-inner-blocks stk-block-content stk-content-align stk-18dc467-column\">\n<div class=\"wp-block-stackable-column stk-block-column stk-column stk-block stk-c64fa15 stk-block-background\" data-v=\"4\" data-block-id=\"c64fa15\"><style>.stk-c64fa15-container{margin-top:0px !important;margin-right:0px !important;margin-bottom:0px !important;margin-left:0px !important;padding-top:12% !important;padding-right:12% !important;padding-bottom:12% !important;padding-left:12% !important;}.stk-c64fa15 {background-color:var(--theme-palette-color-5, #edeff2) !important;border-top-left-radius:25px !important;border-top-right-radius:25px !important;border-bottom-right-radius:25px !important;border-bottom-left-radius:25px !important;overflow:hidden !important;box-shadow:0px 20px 80px 0px #c1c7d440 !important;padding-top:0px !important;padding-right:0px !important;padding-bottom:0px !important;padding-left:0px !important;}.stk-c64fa15:before{background-color:var(--theme-palette-color-5, #edeff2) !important;}@media screen and (max-width:999px){.stk-c64fa15-container{padding-top:30px !important;padding-right:30px !important;padding-bottom:30px !important;padding-left:30px !important;}}@media screen and (max-width:689px){.stk-c64fa15-container{padding-top:10% !important;padding-right:10% !important;padding-bottom:10% !important;padding-left:10% !important;}}<\/style><div class=\"stk-column-wrapper stk-block-column__content stk-container stk-c64fa15-container stk--no-background stk--no-padding\"><div class=\"has-text-align-left-mobile stk-block-content stk-inner-blocks stk-c64fa15-inner-blocks\">\n<div class=\"wp-block-stackable-image stk-block-image stk-block stk-d0e7257\" data-block-id=\"d0e7257\"><style>.stk-d0e7257 .stk-img-wrapper img{border-radius:12px !important;}<\/style><figure><span class=\"stk-img-wrapper stk-image--shape-stretch\"><img loading=\"lazy\" decoding=\"async\" class=\"stk-img wp-image-1626\" src=\"https:\/\/agatlabs.com\/wp-content\/uploads\/2025\/02\/woman-smiling-with-laptop.jpg\" width=\"1174\" height=\"800\" alt=\"Femme souriante travaillant sur un ordinateur portable dans un bureau lumineux et moderne.\" srcset=\"https:\/\/agatlabs.com\/wp-content\/uploads\/2025\/02\/woman-smiling-with-laptop.jpg 1174w, https:\/\/agatlabs.com\/wp-content\/uploads\/2025\/02\/woman-smiling-with-laptop-300x204.jpg 300w, https:\/\/agatlabs.com\/wp-content\/uploads\/2025\/02\/woman-smiling-with-laptop-1024x698.jpg 1024w, https:\/\/agatlabs.com\/wp-content\/uploads\/2025\/02\/woman-smiling-with-laptop-768x523.jpg 768w, https:\/\/agatlabs.com\/wp-content\/uploads\/2025\/02\/woman-smiling-with-laptop-600x409.jpg 600w\" sizes=\"auto, (max-width: 1174px) 100vw, 1174px\" \/><\/span><\/figure><\/div>\n\n\n\n<div class=\"wp-block-stackable-call-to-action stk-block-call-to-action stk-block stk-cca6027 is-style-default\" data-v=\"2\" data-block-id=\"cca6027\"><style>.stk-cca6027 {padding-top:0px !important;padding-right:0px !important;padding-bottom:0px !important;padding-left:0px !important;}.stk-cca6027-container{background-color:var(--theme-palette-color-8, #ffffff) !important;border-top-left-radius:12px !important;border-top-right-radius:12px !important;border-bottom-right-radius:12px !important;border-bottom-left-radius:12px !important;overflow:hidden !important;}.stk-cca6027-container:before{background-color:var(--theme-palette-color-8, #ffffff) !important;}<\/style><div class=\"stk-block-call-to-action__content stk-content-align stk-cca6027-column stk-container stk-cca6027-container stk-hover-parent\"><div class=\"has-text-align-center stk-block-content stk-inner-blocks stk-cca6027-inner-blocks\">\n<div class=\"wp-block-stackable-heading stk-block-heading stk-block-heading--v2 stk-block stk-37e8649\" id=\"questions\" data-block-id=\"37e8649\"><h3 class=\"stk-block-heading__text\">Des questions ?<\/h3><\/div>\n\n\n\n<div class=\"wp-block-stackable-text stk-block-text stk-block stk-3ff82ad\" data-block-id=\"3ff82ad\"><p class=\"stk-block-text__text\">Nous avons des r\u00e9ponses.<\/p><\/div>\n\n\n\n<div class=\"wp-block-stackable-button-group stk-block-button-group stk-block stk-1d275c9\" data-block-id=\"1d275c9\"><div class=\"stk-row stk-inner-blocks stk-block-content stk-button-group\">\n<div class=\"wp-block-stackable-button stk-block-button stk-block stk-cce1490\" data-block-id=\"cce1490\"><style>.stk-cce1490 .stk-button{padding-top:6px !important;padding-right:20px !important;padding-bottom:6px !important;padding-left:20px !important;border-top-left-radius:6px !important;border-top-right-radius:6px !important;border-bottom-right-radius:6px !important;border-bottom-left-radius:6px !important;}.stk-cce1490 .stk-button__inner-text{font-weight:500 !important;}<\/style><a class=\"stk-link stk-button stk--hover-effect-darken\" href=\"\/fr\/contact\/\"><span class=\"stk-button__inner-text\">Contactez-nous<\/span><\/a><\/div>\n<\/div><\/div>\n<\/div><\/div><\/div>\n<\/div><\/div><\/div>\n<\/div><\/div>\n<\/div><\/div><\/div>\n<\/div><\/div>\n<\/div><\/div><\/div>\n<\/div><\/div>\n\n\n\n<div class=\"wp-block-stackable-spacer stk-block-spacer stk--no-padding stk-block stk-6cd78a0\" data-block-id=\"6cd78a0\"><style>.stk-6cd78a0 {height:75px !important;}@media screen and (max-width:999px){.stk-6cd78a0 {height:70px !important;}}<\/style><\/div>","protected":false},"excerpt":{"rendered":"<p>AGAT Labs propose des analyses d'huile, de carburant et de liquide de refroidissement pour d\u00e9tecter l'usure, la contamination et garantir la qualit\u00e9 des produits, ce qui permet de r\u00e9duire les pannes et les temps d'arr\u00eat des \u00e9quipements.<\/p>","protected":false},"author":2,"featured_media":1832,"parent":934,"menu_order":0,"comment_status":"closed","ping_status":"closed","template":"","meta":{"footnotes":""},"class_list":["post-1784","page","type-page","status-publish","has-post-thumbnail","hentry"],"blocksy_meta":{"styles_descriptor":{"styles":{"desktop":"","tablet":"","mobile":""},"google_fonts":[],"version":6},"page_title_panel":"","has_hero_section":"disabled","294979639cc4286d28eae158a43f7c26":"","hero_section":"type-1","hero_elements":[{"id":"custom_title","enabled":true,"heading_tag":"h1","title":"Accueil"},{"id":"custom_description","enabled":true,"description_visibility":{"desktop":true,"tablet":true,"mobile":false}},{"id":"custom_meta","enabled":false,"meta_elements":[{"id":"author","enabled":true,"label":"By","has_author_avatar":"yes","avatar_size":25},{"id":"post_date","enabled":true,"label":"On","date_format_source":"default","date_format":"M j, Y"},{"id":"updated_date","enabled":false,"label":"On","date_format_source":"default","date_format":"M j, Y"},{"id":"categories","enabled":false,"label":"In","style":"simple"},{"id":"comments","enabled":true}],"page_meta_elements":{"joined":true,"articles_count":true,"comments":true}},{"id":"breadcrumbs","enabled":false}],"f795a2c8e66fb0c250759672a0f1fc4d":"","hero_alignment1":"CT_CSS_SKIP_RULE","hero_margin":40,"hero_alignment2":"center","hero_vertical_alignment":"center","224af4523163a59eacb4a1d275a3bf87":"","hero_structure":"narrow","6f6f64ffae7cd08881ad205e1eb06834":"","page_title_bg_type":"featured_image","custom_hero_background":{"attachment_id":null},"parallax":{"desktop":false,"tablet":false,"mobile":false},"7f36a2d4f5b0303e619ebae4d72a9ccb":"","hero_height":"250px","pageTitleFont":{"family":"Default","variation":"Default","size":"30px","line-height":"CT_CSS_SKIP_RULE","letter-spacing":"CT_CSS_SKIP_RULE","text-transform":"CT_CSS_SKIP_RULE","text-decoration":"CT_CSS_SKIP_RULE"},"pageTitleFontColor":{"default":{"color":"CT_CSS_SKIP_RULEDEFAULT"}},"pageMetaFont":{"family":"Default","variation":"n6","size":"12px","line-height":"1.3","letter-spacing":"CT_CSS_SKIP_RULE","text-transform":"uppercase","text-decoration":"CT_CSS_SKIP_RULE"},"pageMetaFontColor":{"default":{"color":"CT_CSS_SKIP_RULEDEFAULT"},"hover":{"color":"CT_CSS_SKIP_RULEDEFAULT"}},"page_meta_button_type_font_colors":{"default":{"color":"CT_CSS_SKIP_RULEDEFAULT"},"hover":{"color":"CT_CSS_SKIP_RULEDEFAULT"}},"page_meta_button_type_background_colors":{"default":{"color":"CT_CSS_SKIP_RULEDEFAULT"},"hover":{"color":"CT_CSS_SKIP_RULEDEFAULT"}},"pageExcerptFont":{"family":"Default","variation":"Default","size":"CT_CSS_SKIP_RULE","line-height":"CT_CSS_SKIP_RULE","letter-spacing":"CT_CSS_SKIP_RULE","text-transform":"CT_CSS_SKIP_RULE","text-decoration":"CT_CSS_SKIP_RULE"},"pageExcerptColor":{"default":{"color":"CT_CSS_SKIP_RULEDEFAULT"}},"breadcrumbsFont":{"family":"Default","variation":"Default","size":"CT_CSS_SKIP_RULE","line-height":"CT_CSS_SKIP_RULE","letter-spacing":"CT_CSS_SKIP_RULE","text-transform":"CT_CSS_SKIP_RULE","text-decoration":"CT_CSS_SKIP_RULE"},"breadcrumbsFontColor":{"default":{"color":"CT_CSS_SKIP_RULEDEFAULT"},"initial":{"color":"CT_CSS_SKIP_RULEDEFAULT"},"hover":{"color":"CT_CSS_SKIP_RULEDEFAULT"}},"pageTitleOverlay":{"background_type":"color","background_pattern":"type-1","background_image":{"attachment_id":null,"x":0,"y":0},"gradient":"linear-gradient(135deg,rgba(6,147,227,1) 0%,rgb(155,81,224) 100%)","background_repeat":"repeat","background_size":"auto","background_attachment":"scroll","patternColor":{"default":{"color":"#e5e7ea"}},"overlayColor":{"default":{"color":"CT_CSS_SKIP_RULE"}},"backgroundColor":{"default":{"color":"CT_CSS_SKIP_RULE"}}},"pageTitleBackground":{"background_type":"color","background_pattern":"type-1","background_image":{"attachment_id":null,"x":0,"y":0},"gradient":"linear-gradient(135deg,rgba(6,147,227,1) 0%,rgb(155,81,224) 100%)","background_repeat":"repeat","background_size":"auto","background_attachment":"scroll","patternColor":{"default":{"color":"#e5e7ea"}},"overlayColor":{"default":{"color":"CT_CSS_SKIP_RULE"}},"backgroundColor":{"default":{"color":"var(--theme-palette-color-6)"}}},"pageTitlePadding":{"top":"50px","bottom":"50px","left":"auto","right":"auto","linked":true},"ecb05450eb56f8c06b73e9fbf72614df":"","page_structure_type":"default","e7aa1f7981176862d4333be841e9d951":"","content_style_source":"inherit","content_style":"wide","vertical_spacing_source":"custom","content_area_spacing":"none","background":{"background_type":"color","background_pattern":"type-1","background_image":{"attachment_id":null,"x":0,"y":0},"gradient":"linear-gradient(135deg,rgba(6,147,227,1) 0%,rgb(155,81,224) 100%)","background_repeat":"repeat","background_size":"auto","background_attachment":"scroll","patternColor":{"default":{"color":"#e5e7ea"}},"overlayColor":{"default":{"color":"CT_CSS_SKIP_RULE"}},"backgroundColor":{"default":{"color":"CT_CSS_SKIP_RULE"}}},"content_background":{"background_type":"color","background_pattern":"type-1","background_image":{"attachment_id":null,"x":0,"y":0},"gradient":"linear-gradient(135deg,rgba(6,147,227,1) 0%,rgb(155,81,224) 100%)","background_repeat":"repeat","background_size":"auto","background_attachment":"scroll","patternColor":{"default":{"color":"#e5e7ea"}},"overlayColor":{"default":{"color":"CT_CSS_SKIP_RULE"}},"backgroundColor":{"default":{"color":"var(--theme-palette-color-8)"}}},"content_boxed_shadow":{"inherit":false,"blur":18,"spread":-6,"v_offset":12,"h_offset":0,"inset":false,"enable":true,"color":{"color":"rgba(34, 56, 101, 0.04)"}},"boxed_content_spacing":{"desktop":{"top":"40px","bottom":"40px","left":"40px","right":"40px","linked":true},"tablet":{"top":"35px","bottom":"35px","left":"35px","right":"35px","linked":true},"mobile":{"top":"20px","bottom":"20px","left":"20px","right":"20px","linked":true}},"content_boxed_radius":{"top":"3px","bottom":"3px","left":"3px","right":"3px","linked":true},"a2b24154c7f352ae218f2cf40c3fb3f9":"","disable_featured_image":"no","disable_share_box":"no","disable_header":"no","disable_footer":"no"},"aioseo_notices":[],"featured_image_src":"https:\/\/agatlabs.com\/wp-content\/uploads\/banner-lubricants-testing-red-truck-highway-600x400.jpg","featured_image_src_square":"https:\/\/agatlabs.com\/wp-content\/uploads\/banner-lubricants-testing-red-truck-highway-600x600.jpg","_links":{"self":[{"href":"https:\/\/agatlabs.com\/fr\/wp-json\/wp\/v2\/pages\/1784","targetHints":{"allow":["GET"]}}],"collection":[{"href":"https:\/\/agatlabs.com\/fr\/wp-json\/wp\/v2\/pages"}],"about":[{"href":"https:\/\/agatlabs.com\/fr\/wp-json\/wp\/v2\/types\/page"}],"author":[{"embeddable":true,"href":"https:\/\/agatlabs.com\/fr\/wp-json\/wp\/v2\/users\/2"}],"replies":[{"embeddable":true,"href":"https:\/\/agatlabs.com\/fr\/wp-json\/wp\/v2\/comments?post=1784"}],"version-history":[{"count":0,"href":"https:\/\/agatlabs.com\/fr\/wp-json\/wp\/v2\/pages\/1784\/revisions"}],"up":[{"embeddable":true,"href":"https:\/\/agatlabs.com\/fr\/wp-json\/wp\/v2\/pages\/934"}],"wp:featuredmedia":[{"embeddable":true,"href":"https:\/\/agatlabs.com\/fr\/wp-json\/wp\/v2\/media\/1832"}],"wp:attachment":[{"href":"https:\/\/agatlabs.com\/fr\/wp-json\/wp\/v2\/media?parent=1784"}],"curies":[{"name":"wp","href":"https:\/\/api.w.org\/{rel}","templated":true}]}}