{"id":2175,"date":"2025-03-20T19:46:28","date_gmt":"2025-03-20T19:46:28","guid":{"rendered":"https:\/\/agatlabs.com\/?page_id=2175"},"modified":"2026-01-23T15:13:04","modified_gmt":"2026-01-23T22:13:04","slug":"politique-de-sante-et-de-securite","status":"publish","type":"page","link":"https:\/\/agatlabs.com\/fr\/health-safety-environment-policy\/health-safety-policy\/","title":{"rendered":"Politique de sant\u00e9 et de s\u00e9curit\u00e9"},"content":{"rendered":"<div class=\"wp-block-stackable-columns alignfull stk-block-columns stk-block stk-f5554c3 stk-block-background\" data-block-id=\"f5554c3\"><style>.stk-f5554c3 {background-color:var(--theme-palette-color-3, #5a5a5a) !important;background-position:bottom center !important;background-repeat:no-repeat !important;background-size:cover !important;overflow:hidden !important;padding-top:90px !important;padding-right:80px !important;padding-bottom:60px !important;padding-left:80px !important;margin-bottom:0px !important;opacity:1 !important;}.stk-f5554c3:before{background-color:var(--theme-palette-color-3, #5a5a5a) !important;}@media screen and (max-width:689px){.stk-f5554c3 {padding-top:100px !important;padding-right:25px !important;padding-bottom:60px !important;padding-left:25px !important;}}<\/style><div class=\"stk-row stk-inner-blocks has-text-align-left-tablet has-text-align-left-mobile stk-block-content stk-content-align stk-f5554c3-column\">\n<div class=\"wp-block-stackable-column stk-block-column stk-column stk-block stk-3f739b8\" data-v=\"4\" data-block-id=\"3f739b8\"><style>.stk-3f739b8-container{margin-top:0px !important;margin-right:0px !important;margin-bottom:0px !important;margin-left:0px !important;}<\/style><div class=\"stk-column-wrapper stk-block-column__content stk-container stk-3f739b8-container stk--no-background stk--no-padding\"><div class=\"stk-block-content stk-inner-blocks stk-3f739b8-inner-blocks\">\n\n\n<div class=\"wp-block-stackable-heading stk-block-heading stk-block-heading--v2 stk-block stk-ba93f5b\" id=\"health-and-safety-policy\" data-block-id=\"ba93f5b\"><style>.stk-ba93f5b {margin-bottom:0px !important;}.stk-ba93f5b .stk-block-heading__text{color:var(--theme-palette-color-8, #ffffff) !important;line-height:1.1em !important;}<\/style><h1 class=\"stk-block-heading__text has-text-color has-palette-color-8-color\">Politique de sant\u00e9 et de s\u00e9curit\u00e9<\/h1><\/div>\n<\/div><\/div><\/div>\n<\/div><\/div>\n\n\n\n<div class=\"wp-block-stackable-spacer stk-block-spacer stk--no-padding stk-block stk-351fd8a\" data-block-id=\"351fd8a\"><style>.stk-351fd8a {height:50px !important;}@media screen and (max-width:999px){.stk-351fd8a {height:70px !important;}}@media screen and (max-width:689px){.stk-351fd8a {height:20px !important;}}<\/style><\/div>\n\n\n\n<div class=\"wp-block-stackable-columns stk-block-columns stk-block stk-50ad6eb stk-block-background\" data-block-id=\"50ad6eb\"><style>.stk-50ad6eb {background-color:transparent !important;background-position:top right !important;background-repeat:no-repeat !important;background-size:850px !important;padding-top:0px !important;padding-right:0px !important;padding-bottom:0px !important;padding-left:0px !important;margin-bottom:0px !important;overflow:visible !important;}.stk-50ad6eb:before{background-color:transparent !important;}.stk-50ad6eb .stk-container{overflow:visible !important;}.stk-50ad6eb-column{--stk-column-gap:28px !important;}@media screen and (max-width:999px){.stk-50ad6eb {background-size:600px !important;}}@media screen and (max-width:689px){.stk-50ad6eb {background-position:center right !important;background-size:400px !important;--stk-col-order-1:2 !important;--stk-col-order-2:1 !important;}}<\/style><div class=\"stk-row stk-inner-blocks stk-block-content stk-content-align stk-50ad6eb-column\">\n<div class=\"wp-block-stackable-column stk-block-column stk-column stk-block stk-6ca83af\" data-v=\"4\" data-block-id=\"6ca83af\"><div class=\"stk-column-wrapper stk-block-column__content stk-container stk-6ca83af-container stk--no-background stk--no-padding\"><div class=\"stk-block-content stk-inner-blocks stk-6ca83af-inner-blocks\">\n<p>AGAT Laboratoires Lt\u00e9e s\u2019engage \u00e0 mener ses activit\u00e9s de mani\u00e8re \u00e0 pr\u00e9server tous les aspects de la sant\u00e9 et de la s\u00e9curit\u00e9 de ses employ\u00e9s, de ses sous-traitants, de ses visiteurs et du public. Cela inclut le bien-\u00eatre physique, psychologique et social de chaque individu. Cette politique a \u00e9t\u00e9 adopt\u00e9e pour exprimer notre engagement in\u00e9branlable en faveur de la sant\u00e9 et de la s\u00e9curit\u00e9 au travail.<\/p>\n\n\n\n<p>Tous les niveaux de gestion, y compris les superviseurs, et tous les sous-traitants sont responsables de la cr\u00e9ation, du soutien et du\nmaintien d\u2019un environnement de travail s\u00fbr, avec les proc\u00e9dures, la formation, les ressources, l\u2019\u00e9quipement et les programmes appropri\u00e9s,\nafin de garantir que le travail est effectu\u00e9 conform\u00e9ment aux normes accept\u00e9es par l\u2019industrie, et dans le respect des r\u00e9glementations\ngouvernementales.<\/p>\n\n\n\n<p>AGAT Laboratoires Lt\u00e9e s\u2019engage \u00e0 travailler en coop\u00e9ration avec tous les employ\u00e9s sur les initiatives en mati\u00e8re de sant\u00e9 et de s\u00e9curit\u00e9\ndans l\u2019ensemble de l\u2019organisation. En retour, les employ\u00e9s partagent la responsabilit\u00e9 de travailler de mani\u00e8re \u00e0 se prot\u00e9ger eux-m\u00eames,\ntout en se souciant des coll\u00e8gues, des membres du public et de l\u2019environnement. Tous les individus, \u00e0 tous les niveaux de l\u2019entreprise,\ndoivent soutenir, aider \u00e0 am\u00e9liorer et participer activement au programme et aux initiatives en mati\u00e8re de sant\u00e9 et de s\u00e9curit\u00e9.<\/p>\n\n\n\n<p>Notre objectif est d\u2019atteindre l\u2019excellence dans les activit\u00e9s de sant\u00e9 et de s\u00e9curit\u00e9 gr\u00e2ce \u00e0 une planification minutieuse, \u00e0 une am\u00e9lioration\ncontinue et \u00e0 un soutien. L\u2019am\u00e9lioration continue de nos performances en mati\u00e8re de sant\u00e9 et de s\u00e9curit\u00e9 est dans l\u2019int\u00e9r\u00eat de toutes les\npersonnes concern\u00e9es et fait partie int\u00e9grante de notre organisation. Nous avons tous droit \u00e0 un environnement de travail s\u00e9curitaire, notre\nobjectif le plus important \u00e9tant de rentrer chez nous en toute s\u00e9curit\u00e9 \u00e0 la fin de chaque journ\u00e9e.<\/p>\n\n\n\n<p><strong>Marissa Reckmann<\/strong><br><em>PDG, AGAT Laboratoires<\/em><br>14 janvier 2026<\/p>\n<\/div><\/div><\/div>\n<\/div><\/div>\n\n\n\n<div class=\"wp-block-stackable-spacer stk-block-spacer stk--no-padding stk-block stk-99fe097\" data-block-id=\"99fe097\"><style>.stk-99fe097 {height:100px !important;}@media screen and (max-width:999px){.stk-99fe097 {height:70px !important;}}@media screen and (max-width:689px){.stk-99fe097 {height:110px !important;}}<\/style><\/div>","protected":false},"excerpt":{"rendered":"<p>AGAT Laboratories s'engage \u00e0 mettre en place une culture de la s\u00e9curit\u00e9 qui prot\u00e8ge le bien-\u00eatre physique, psychologique et social de tous les employ\u00e9s, des sous-traitants et du public.<\/p>","protected":false},"author":2,"featured_media":1629,"parent":2117,"menu_order":0,"comment_status":"closed","ping_status":"closed","template":"","meta":{"footnotes":""},"class_list":["post-2175","page","type-page","status-publish","has-post-thumbnail","hentry"],"blocksy_meta":{"page_title_panel":"","has_hero_section":"disabled","4c9fda44a86fd2db9b986554bd5adacc":"","hero_section":"type-1","hero_elements":[{"id":"custom_title","enabled":true,"heading_tag":"h1","title":"Accueil"},{"id":"custom_description","enabled":true,"description_visibility":{"desktop":true,"tablet":true,"mobile":false}},{"id":"custom_meta","enabled":false,"meta_elements":[{"id":"author","enabled":true,"label":"By","has_author_avatar":"yes","avatar_size":25},{"id":"post_date","enabled":true,"label":"On","date_format_source":"default","date_format":"M j, Y"},{"id":"updated_date","enabled":false,"label":"On","date_format_source":"default","date_format":"M j, Y"},{"id":"categories","enabled":false,"label":"In","style":"simple"},{"id":"comments","enabled":true}],"page_meta_elements":{"joined":true,"articles_count":true,"comments":true}},{"id":"breadcrumbs","enabled":false}],"66042b754988433a4cbe987eedc3ae87":"","hero_alignment1":"CT_CSS_SKIP_RULE","hero_margin":40,"hero_alignment2":"center","hero_vertical_alignment":"center","66b1c9575babd2492d521cdab8aeeeb8":"","hero_structure":"narrow","a4866dd9086b283ac9c9ed661667191f":"","page_title_bg_type":"featured_image","custom_hero_background":{"attachment_id":null},"parallax":{"desktop":false,"tablet":false,"mobile":false},"00191fa96e3391c316bf3a007888aea4":"","hero_height":"250px","pageTitleFont":{"family":"Default","variation":"Default","size":"30px","line-height":"CT_CSS_SKIP_RULE","letter-spacing":"CT_CSS_SKIP_RULE","text-transform":"CT_CSS_SKIP_RULE","text-decoration":"CT_CSS_SKIP_RULE"},"pageTitleFontColor":{"default":{"color":"CT_CSS_SKIP_RULEDEFAULT"}},"pageMetaFont":{"family":"Default","variation":"n6","size":"12px","line-height":"1.3","letter-spacing":"CT_CSS_SKIP_RULE","text-transform":"uppercase","text-decoration":"CT_CSS_SKIP_RULE"},"pageMetaFontColor":{"default":{"color":"CT_CSS_SKIP_RULEDEFAULT"},"hover":{"color":"CT_CSS_SKIP_RULEDEFAULT"}},"page_meta_button_type_font_colors":{"default":{"color":"CT_CSS_SKIP_RULEDEFAULT"},"hover":{"color":"CT_CSS_SKIP_RULEDEFAULT"}},"page_meta_button_type_background_colors":{"default":{"color":"CT_CSS_SKIP_RULEDEFAULT"},"hover":{"color":"CT_CSS_SKIP_RULEDEFAULT"}},"pageExcerptFont":{"family":"Default","variation":"Default","size":"CT_CSS_SKIP_RULE","line-height":"CT_CSS_SKIP_RULE","letter-spacing":"CT_CSS_SKIP_RULE","text-transform":"CT_CSS_SKIP_RULE","text-decoration":"CT_CSS_SKIP_RULE"},"pageExcerptColor":{"default":{"color":"CT_CSS_SKIP_RULEDEFAULT"}},"breadcrumbsFont":{"family":"Default","variation":"Default","size":"CT_CSS_SKIP_RULE","line-height":"CT_CSS_SKIP_RULE","letter-spacing":"CT_CSS_SKIP_RULE","text-transform":"CT_CSS_SKIP_RULE","text-decoration":"CT_CSS_SKIP_RULE"},"breadcrumbsFontColor":{"default":{"color":"CT_CSS_SKIP_RULEDEFAULT"},"initial":{"color":"CT_CSS_SKIP_RULEDEFAULT"},"hover":{"color":"CT_CSS_SKIP_RULEDEFAULT"}},"pageTitleOverlay":{"background_type":"color","background_pattern":"type-1","background_image":{"attachment_id":null,"x":0,"y":0},"gradient":"linear-gradient(135deg,rgba(6,147,227,1) 0%,rgb(155,81,224) 100%)","background_repeat":"repeat","background_size":"auto","background_attachment":"scroll","patternColor":{"default":{"color":"#e5e7ea"}},"overlayColor":{"default":{"color":"CT_CSS_SKIP_RULE"}},"backgroundColor":{"default":{"color":"CT_CSS_SKIP_RULE"}}},"pageTitleBackground":{"background_type":"color","background_pattern":"type-1","background_image":{"attachment_id":null,"x":0,"y":0},"gradient":"linear-gradient(135deg,rgba(6,147,227,1) 0%,rgb(155,81,224) 100%)","background_repeat":"repeat","background_size":"auto","background_attachment":"scroll","patternColor":{"default":{"color":"#e5e7ea"}},"overlayColor":{"default":{"color":"CT_CSS_SKIP_RULE"}},"backgroundColor":{"default":{"color":"var(--theme-palette-color-6)"}}},"pageTitlePadding":{"top":"50px","bottom":"50px","left":"auto","right":"auto","linked":true},"a3b0907b6ab61faa63e2bc8f813fc816":"","page_structure_type":"default","2812c2d977791092646ebe1ec21f2cc9":"","content_style_source":"inherit","content_style":"wide","vertical_spacing_source":"custom","content_area_spacing":"none","background":{"background_type":"color","background_pattern":"type-1","background_image":{"attachment_id":null,"x":0,"y":0},"gradient":"linear-gradient(135deg,rgba(6,147,227,1) 0%,rgb(155,81,224) 100%)","background_repeat":"repeat","background_size":"auto","background_attachment":"scroll","patternColor":{"default":{"color":"#e5e7ea"}},"overlayColor":{"default":{"color":"CT_CSS_SKIP_RULE"}},"backgroundColor":{"default":{"color":"CT_CSS_SKIP_RULE"}}},"content_background":{"background_type":"color","background_pattern":"type-1","background_image":{"attachment_id":null,"x":0,"y":0},"gradient":"linear-gradient(135deg,rgba(6,147,227,1) 0%,rgb(155,81,224) 100%)","background_repeat":"repeat","background_size":"auto","background_attachment":"scroll","patternColor":{"default":{"color":"#e5e7ea"}},"overlayColor":{"default":{"color":"CT_CSS_SKIP_RULE"}},"backgroundColor":{"default":{"color":"var(--theme-palette-color-8)"}}},"content_boxed_shadow":{"inherit":false,"blur":18,"spread":-6,"v_offset":12,"h_offset":0,"inset":false,"enable":true,"color":{"color":"rgba(34, 56, 101, 0.04)"}},"boxed_content_spacing":{"desktop":{"top":"40px","bottom":"40px","left":"40px","right":"40px","linked":true},"tablet":{"top":"35px","bottom":"35px","left":"35px","right":"35px","linked":true},"mobile":{"top":"20px","bottom":"20px","left":"20px","right":"20px","linked":true}},"content_boxed_radius":{"top":"3px","bottom":"3px","left":"3px","right":"3px","linked":true},"556d9b8bfe2e6d516b5f64f92b0da372":"","disable_featured_image":"no","disable_share_box":"no","disable_header":"no","disable_footer":"no","styles_descriptor":{"styles":{"desktop":"","tablet":"","mobile":""},"google_fonts":[],"version":6}},"aioseo_notices":[],"featured_image_src":"https:\/\/agatlabs.com\/wp-content\/uploads\/2025\/02\/group-of-four-scientists-doing-experiments-600x400.jpg","featured_image_src_square":"https:\/\/agatlabs.com\/wp-content\/uploads\/2025\/02\/group-of-four-scientists-doing-experiments-600x600.jpg","_links":{"self":[{"href":"https:\/\/agatlabs.com\/fr\/wp-json\/wp\/v2\/pages\/2175","targetHints":{"allow":["GET"]}}],"collection":[{"href":"https:\/\/agatlabs.com\/fr\/wp-json\/wp\/v2\/pages"}],"about":[{"href":"https:\/\/agatlabs.com\/fr\/wp-json\/wp\/v2\/types\/page"}],"author":[{"embeddable":true,"href":"https:\/\/agatlabs.com\/fr\/wp-json\/wp\/v2\/users\/2"}],"replies":[{"embeddable":true,"href":"https:\/\/agatlabs.com\/fr\/wp-json\/wp\/v2\/comments?post=2175"}],"version-history":[{"count":0,"href":"https:\/\/agatlabs.com\/fr\/wp-json\/wp\/v2\/pages\/2175\/revisions"}],"up":[{"embeddable":true,"href":"https:\/\/agatlabs.com\/fr\/wp-json\/wp\/v2\/pages\/2117"}],"wp:featuredmedia":[{"embeddable":true,"href":"https:\/\/agatlabs.com\/fr\/wp-json\/wp\/v2\/media\/1629"}],"wp:attachment":[{"href":"https:\/\/agatlabs.com\/fr\/wp-json\/wp\/v2\/media?parent=2175"}],"curies":[{"name":"wp","href":"https:\/\/api.w.org\/{rel}","templated":true}]}}