{"id":2279,"date":"2025-04-16T09:27:03","date_gmt":"2025-04-16T15:27:03","guid":{"rendered":"https:\/\/agatlabs.com\/?page_id=2279"},"modified":"2025-05-12T13:20:16","modified_gmt":"2025-05-12T19:20:16","slug":"modalites-et-conditions-dachat","status":"publish","type":"page","link":"https:\/\/agatlabs.com\/fr\/legal\/terms-and-conditions-of-purchase\/","title":{"rendered":"Modalit\u00e9s et conditions d\u2019achat"},"content":{"rendered":"<div class=\"wp-block-stackable-text stk-block-text stk-block stk-c1f2400\" id=\"terms-and-conditions-of-purchase-agat-radon-and-water-test-kits\" data-block-id=\"c1f2400\"><style>.stk-c1f2400 .stk-block-text__text{font-size:20px !important;}@media screen and (max-width:999px){.stk-c1f2400 .stk-block-text__text{font-size:20px !important;}}<\/style><p class=\"stk-block-text__text\"><strong>Modalit\u00e9s et conditions d\u2019achat \u2013 Trousse de radon et trousses d\u2019analyse de l\u2019eau d\u2019AGAT<\/strong><\/p><\/div>\n\n\n\n<div class=\"wp-block-stackable-text stk-block-text stk-block stk-647a6bd\" id=\"1-ownership-of-testing-kits\" data-block-id=\"647a6bd\"><p class=\"stk-block-text__text\">En achetant une trousse d\u2019analyse d\u2019AGAT (y compris les trousses de radon et les trousses d\u2019analyse de l\u2019eau), vous reconnaissez et acceptez les modalit\u00e9s suivantes :<\/p><\/div>\n\n\n\n<div class=\"wp-block-stackable-text stk-block-text stk-block stk-cb30e7a\" id=\"1-ownership-of-testing-kits\" data-block-id=\"cb30e7a\"><p class=\"stk-block-text__text\"><strong>1. Propri\u00e9t\u00e9 des trousses d\u2019analyse<\/strong><\/p><\/div>\n\n\n\n<div class=\"wp-block-stackable-text stk-block-text stk-block stk-a53a96c\" id=\"1-ownership-of-testing-kits\" data-block-id=\"a53a96c\"><p class=\"stk-block-text__text\">Toutes les trousses d\u2019analyse, y compris les dispositifs E-Perm et les composantes de pr\u00e9l\u00e8vement d\u2019eau, demeurent la propri\u00e9t\u00e9 exclusive des Laboratoires AGAT, sauf indication contraire. Les trousses de radon doivent \u00eatre retourn\u00e9es \u00e0 AGAT pour fins d\u2019analyse.<\/p><\/div>\n\n\n\n<div class=\"wp-block-stackable-text stk-block-text stk-block stk-f935d4a\" id=\"1-ownership-of-testing-kits\" data-block-id=\"f935d4a\"><p class=\"stk-block-text__text\"><strong>2. Responsabilit\u00e9 du client<\/strong><\/p><\/div>\n\n\n\n<div class=\"wp-block-stackable-text stk-block-text stk-block stk-a2ace2d\" id=\"1-ownership-of-testing-kits\" data-block-id=\"a2ace2d\"><p class=\"stk-block-text__text\">Le client est responsable de :<\/p><\/div>\n\n\n\n<ul id=\"1-ownership-of-testing-kits\" class=\"wp-block-list\">\n<li>Retourner en toute s\u00e9curit\u00e9 tous les composants requis en bon \u00e9tat (trousses de radon seulement).<\/li>\n\n\n\n<li>Suivre toutes les instructions pour le pr\u00e9l\u00e8vement et le retour des \u00e9chantillons (radon et eau).<\/li>\n\n\n\n<li>Utiliser les trousses dans les d\u00e9lais recommand\u00e9s.<\/li>\n<\/ul>\n\n\n\n<div class=\"wp-block-stackable-text stk-block-text stk-block stk-b72fb18\" id=\"1-ownership-of-testing-kits\" data-block-id=\"b72fb18\"><p class=\"stk-block-text__text\"><strong>3. D\u00e9lais de retour pour les trousses de radon<\/strong><\/p><\/div>\n\n\n\n<ul id=\"1-ownership-of-testing-kits\" class=\"wp-block-list\">\n<li><strong>Les trousses de radon \u00e0 court terme doivent \u00eatre retourn\u00e9es dans un d\u00e9lai de 44 jours suivant la date d\u2019exp\u00e9dition par AGAT.<\/strong>&nbsp;doivent \u00eatre renvoy\u00e9s dans un d\u00e9lai de&nbsp;<strong>44 jours<\/strong>&nbsp;\u00e0 compter de la date d'exp\u00e9dition par AGAT.<\/li>\n\n\n\n<li><strong>Les trousses de radon \u00e0 long terme doivent \u00eatre retourn\u00e9es dans un d\u00e9lai de 121 jours suivant la date d\u2019exp\u00e9dition.<\/strong>&nbsp;doivent \u00eatre renvoy\u00e9s dans un d\u00e9lai de&nbsp;<strong>121 jours<\/strong>&nbsp;\u00e0 compter de la date d'exp\u00e9dition par AGAT.<\/li>\n\n\n\n<li>Une fois le d\u00e9ploiement termin\u00e9, les dispositifs E-Perm doivent \u00eatre re\u00e7us par AGAT dans un d\u00e9lai de&nbsp;<strong>30 jours<\/strong>.<\/li>\n<\/ul>\n\n\n\n<div class=\"wp-block-stackable-text stk-block-text stk-block stk-665a9ff\" id=\"1-ownership-of-testing-kits\" data-block-id=\"665a9ff\"><p class=\"stk-block-text__text\"><strong>4. Frais de remplacement pour les trousses de radon<\/strong><\/p><\/div>\n\n\n\n<div class=\"wp-block-stackable-text stk-block-text stk-block stk-268c6f6\" id=\"1-ownership-of-testing-kits\" data-block-id=\"268c6f6\"><p class=\"stk-block-text__text\">Une redevance de <strong>Des frais de 100,00 $ CA seront factur\u00e9s pour chaque dispositif E-Perm :<\/strong> sera factur\u00e9 au client pour chaque appareil E-Perm qui :<\/p><\/div>\n\n\n\n<ul id=\"1-ownership-of-testing-kits\" class=\"wp-block-list\">\n<li>Non retourn\u00e9,<\/li>\n\n\n\n<li>Endommag\u00e9,<\/li>\n\n\n\n<li>Ou retourn\u00e9 apr\u00e8s le d\u00e9lai indiqu\u00e9.<\/li>\n<\/ul>\n\n\n\n<div class=\"wp-block-stackable-text stk-block-text stk-block stk-e121dda\" id=\"1-ownership-of-testing-kits\" data-block-id=\"e121dda\"><p class=\"stk-block-text__text\"><strong>5. Trousse d\u2019analyse de l\u2019eau<\/strong><\/p><\/div>\n\n\n\n<div class=\"wp-block-stackable-text stk-block-text stk-block stk-85881b5\" id=\"1-ownership-of-testing-kits\" data-block-id=\"85881b5\"><p class=\"stk-block-text__text\">Tous les \u00e9chantillons d'eau doivent \u00eatre exp\u00e9di\u00e9s \u00e0 AGAT dans les d\u00e9lais et conditions indiqu\u00e9s dans les instructions du kit. Dans le cas contraire, le test pourrait \u00eatre invalid\u00e9.<\/p><\/div>\n\n\n\n<div class=\"wp-block-stackable-text stk-block-text stk-block stk-ec1551f\" id=\"1-ownership-of-testing-kits\" data-block-id=\"ec1551f\"><p class=\"stk-block-text__text\"><strong>6. Acceptation des modalit\u00e9s<\/strong><\/p><\/div>\n\n\n\n<div class=\"wp-block-stackable-text stk-block-text stk-block stk-d243d45\" id=\"1-ownership-of-testing-kits\" data-block-id=\"d243d45\"><p class=\"stk-block-text__text\">Ces modalit\u00e9s doivent \u00eatre lues et accept\u00e9es avant de finaliser votre achat. Le non-respect peut entra\u00eener des frais suppl\u00e9mentaires ou l\u2019invalidation des r\u00e9sultats.<\/p><\/div>\n\n\n\n<div class=\"wp-block-stackable-spacer stk-block-spacer stk--no-padding stk-block stk-ee5ee1a\" data-block-id=\"ee5ee1a\"><style>.stk-ee5ee1a {height:20px !important;}<\/style><\/div>","protected":false},"excerpt":{"rendered":"<p>Examinez les conditions d'achat des kits AGAT de mesure du radon et de l'eau, y compris la propri\u00e9t\u00e9, les d\u00e9lais de retour, les responsabilit\u00e9s du client et les frais de remplacement applicables.<\/p>","protected":false},"author":2,"featured_media":2361,"parent":1052,"menu_order":0,"comment_status":"closed","ping_status":"closed","template":"","meta":{"footnotes":""},"class_list":["post-2279","page","type-page","status-publish","has-post-thumbnail","hentry"],"blocksy_meta":{"page_title_panel":"","has_hero_section":"disabled","4c9fda44a86fd2db9b986554bd5adacc":"","hero_section":"type-1","hero_elements":[{"id":"custom_title","enabled":true,"heading_tag":"h1","title":"Accueil"},{"id":"custom_description","enabled":true,"description_visibility":{"desktop":true,"tablet":true,"mobile":false}},{"id":"custom_meta","enabled":false,"meta_elements":[{"id":"author","enabled":true,"label":"By","has_author_avatar":"yes","avatar_size":25},{"id":"post_date","enabled":true,"label":"On","date_format_source":"default","date_format":"M j, Y"},{"id":"updated_date","enabled":false,"label":"On","date_format_source":"default","date_format":"M j, Y"},{"id":"categories","enabled":false,"label":"In","style":"simple"},{"id":"comments","enabled":true}],"page_meta_elements":{"joined":true,"articles_count":true,"comments":true}},{"id":"breadcrumbs","enabled":false}],"66042b754988433a4cbe987eedc3ae87":"","hero_alignment1":"CT_CSS_SKIP_RULE","hero_margin":40,"hero_alignment2":"center","hero_vertical_alignment":"center","66b1c9575babd2492d521cdab8aeeeb8":"","hero_structure":"narrow","a4866dd9086b283ac9c9ed661667191f":"","page_title_bg_type":"featured_image","custom_hero_background":{"attachment_id":null},"parallax":{"desktop":false,"tablet":false,"mobile":false},"00191fa96e3391c316bf3a007888aea4":"","hero_height":"250px","pageTitleFont":{"family":"Default","variation":"Default","size":"30px","line-height":"CT_CSS_SKIP_RULE","letter-spacing":"CT_CSS_SKIP_RULE","text-transform":"CT_CSS_SKIP_RULE","text-decoration":"CT_CSS_SKIP_RULE"},"pageTitleFontColor":{"default":{"color":"CT_CSS_SKIP_RULEDEFAULT"}},"pageMetaFont":{"family":"Default","variation":"n6","size":"12px","line-height":"1.3","letter-spacing":"CT_CSS_SKIP_RULE","text-transform":"uppercase","text-decoration":"CT_CSS_SKIP_RULE"},"pageMetaFontColor":{"default":{"color":"CT_CSS_SKIP_RULEDEFAULT"},"hover":{"color":"CT_CSS_SKIP_RULEDEFAULT"}},"page_meta_button_type_font_colors":{"default":{"color":"CT_CSS_SKIP_RULEDEFAULT"},"hover":{"color":"CT_CSS_SKIP_RULEDEFAULT"}},"page_meta_button_type_background_colors":{"default":{"color":"CT_CSS_SKIP_RULEDEFAULT"},"hover":{"color":"CT_CSS_SKIP_RULEDEFAULT"}},"pageExcerptFont":{"family":"Default","variation":"Default","size":"CT_CSS_SKIP_RULE","line-height":"CT_CSS_SKIP_RULE","letter-spacing":"CT_CSS_SKIP_RULE","text-transform":"CT_CSS_SKIP_RULE","text-decoration":"CT_CSS_SKIP_RULE"},"pageExcerptColor":{"default":{"color":"CT_CSS_SKIP_RULEDEFAULT"}},"breadcrumbsFont":{"family":"Default","variation":"Default","size":"CT_CSS_SKIP_RULE","line-height":"CT_CSS_SKIP_RULE","letter-spacing":"CT_CSS_SKIP_RULE","text-transform":"CT_CSS_SKIP_RULE","text-decoration":"CT_CSS_SKIP_RULE"},"breadcrumbsFontColor":{"default":{"color":"CT_CSS_SKIP_RULEDEFAULT"},"initial":{"color":"CT_CSS_SKIP_RULEDEFAULT"},"hover":{"color":"CT_CSS_SKIP_RULEDEFAULT"}},"pageTitleOverlay":{"background_type":"color","background_pattern":"type-1","background_image":{"attachment_id":null,"x":0,"y":0},"gradient":"linear-gradient(135deg,rgba(6,147,227,1) 0%,rgb(155,81,224) 100%)","background_repeat":"repeat","background_size":"auto","background_attachment":"scroll","patternColor":{"default":{"color":"#e5e7ea"}},"overlayColor":{"default":{"color":"CT_CSS_SKIP_RULE"}},"backgroundColor":{"default":{"color":"CT_CSS_SKIP_RULE"}}},"pageTitleBackground":{"background_type":"color","background_pattern":"type-1","background_image":{"attachment_id":null,"x":0,"y":0},"gradient":"linear-gradient(135deg,rgba(6,147,227,1) 0%,rgb(155,81,224) 100%)","background_repeat":"repeat","background_size":"auto","background_attachment":"scroll","patternColor":{"default":{"color":"#e5e7ea"}},"overlayColor":{"default":{"color":"CT_CSS_SKIP_RULE"}},"backgroundColor":{"default":{"color":"var(--theme-palette-color-6)"}}},"pageTitlePadding":{"top":"50px","bottom":"50px","left":"auto","right":"auto","linked":true},"a3b0907b6ab61faa63e2bc8f813fc816":"","page_structure_type":"default","2812c2d977791092646ebe1ec21f2cc9":"","content_style_source":"inherit","content_style":"wide","vertical_spacing_source":"custom","content_area_spacing":"none","background":{"background_type":"color","background_pattern":"type-1","background_image":{"attachment_id":null,"x":0,"y":0},"gradient":"linear-gradient(135deg,rgba(6,147,227,1) 0%,rgb(155,81,224) 100%)","background_repeat":"repeat","background_size":"auto","background_attachment":"scroll","patternColor":{"default":{"color":"#e5e7ea"}},"overlayColor":{"default":{"color":"CT_CSS_SKIP_RULE"}},"backgroundColor":{"default":{"color":"CT_CSS_SKIP_RULE"}}},"content_background":{"background_type":"color","background_pattern":"type-1","background_image":{"attachment_id":null,"x":0,"y":0},"gradient":"linear-gradient(135deg,rgba(6,147,227,1) 0%,rgb(155,81,224) 100%)","background_repeat":"repeat","background_size":"auto","background_attachment":"scroll","patternColor":{"default":{"color":"#e5e7ea"}},"overlayColor":{"default":{"color":"CT_CSS_SKIP_RULE"}},"backgroundColor":{"default":{"color":"var(--theme-palette-color-8)"}}},"content_boxed_shadow":{"inherit":false,"blur":18,"spread":-6,"v_offset":12,"h_offset":0,"inset":false,"enable":true,"color":{"color":"rgba(34, 56, 101, 0.04)"}},"boxed_content_spacing":{"desktop":{"top":"40px","bottom":"40px","left":"40px","right":"40px","linked":true},"tablet":{"top":"35px","bottom":"35px","left":"35px","right":"35px","linked":true},"mobile":{"top":"20px","bottom":"20px","left":"20px","right":"20px","linked":true}},"content_boxed_radius":{"top":"3px","bottom":"3px","left":"3px","right":"3px","linked":true},"556d9b8bfe2e6d516b5f64f92b0da372":"","disable_featured_image":"no","disable_share_box":"no","disable_header":"no","disable_footer":"no","styles_descriptor":{"styles":{"desktop":"","tablet":"","mobile":""},"google_fonts":[],"version":6}},"aioseo_notices":[],"featured_image_src":"https:\/\/agatlabs.com\/wp-content\/uploads\/legal-documents-signing-meeting-600x400.jpg","featured_image_src_square":"https:\/\/agatlabs.com\/wp-content\/uploads\/legal-documents-signing-meeting-600x600.jpg","_links":{"self":[{"href":"https:\/\/agatlabs.com\/fr\/wp-json\/wp\/v2\/pages\/2279","targetHints":{"allow":["GET"]}}],"collection":[{"href":"https:\/\/agatlabs.com\/fr\/wp-json\/wp\/v2\/pages"}],"about":[{"href":"https:\/\/agatlabs.com\/fr\/wp-json\/wp\/v2\/types\/page"}],"author":[{"embeddable":true,"href":"https:\/\/agatlabs.com\/fr\/wp-json\/wp\/v2\/users\/2"}],"replies":[{"embeddable":true,"href":"https:\/\/agatlabs.com\/fr\/wp-json\/wp\/v2\/comments?post=2279"}],"version-history":[{"count":0,"href":"https:\/\/agatlabs.com\/fr\/wp-json\/wp\/v2\/pages\/2279\/revisions"}],"up":[{"embeddable":true,"href":"https:\/\/agatlabs.com\/fr\/wp-json\/wp\/v2\/pages\/1052"}],"wp:featuredmedia":[{"embeddable":true,"href":"https:\/\/agatlabs.com\/fr\/wp-json\/wp\/v2\/media\/2361"}],"wp:attachment":[{"href":"https:\/\/agatlabs.com\/fr\/wp-json\/wp\/v2\/media?parent=2279"}],"curies":[{"name":"wp","href":"https:\/\/api.w.org\/{rel}","templated":true}]}}