{"id":2939,"date":"2025-12-18T09:56:03","date_gmt":"2025-12-18T16:56:03","guid":{"rendered":"https:\/\/agatlabs.com\/?page_id=2939"},"modified":"2026-02-24T11:10:35","modified_gmt":"2026-02-24T18:10:35","slug":"desiree-hui","status":"publish","type":"page","link":"https:\/\/agatlabs.com\/fr\/subject-matter-experts\/desiree-hui\/","title":{"rendered":"Desiree Hui"},"content":{"rendered":"<div class=\"wp-block-stackable-columns alignfull stk-block-columns stk-block stk-f5554c3 stk-block-background\" data-block-id=\"f5554c3\"><style>.stk-f5554c3 {background-color:var(--theme-palette-color-3, #5a5a5a) !important;background-position:bottom center !important;background-repeat:no-repeat !important;background-size:cover !important;overflow:hidden !important;padding-top:90px !important;padding-right:80px !important;padding-bottom:60px !important;padding-left:80px !important;margin-bottom:0px !important;opacity:1 !important;}.stk-f5554c3:before{background-color:var(--theme-palette-color-3, #5a5a5a) !important;}@media screen and (max-width:689px){.stk-f5554c3 {padding-top:100px !important;padding-right:25px !important;padding-bottom:60px !important;padding-left:25px !important;}}<\/style><div class=\"stk-row stk-inner-blocks has-text-align-left-tablet has-text-align-left-mobile stk-block-content stk-content-align stk-f5554c3-column\">\n<div class=\"wp-block-stackable-column stk-block-column stk-column stk-block stk-3f739b8\" data-v=\"4\" data-block-id=\"3f739b8\"><style>.stk-3f739b8-container{margin-top:0px !important;margin-right:0px !important;margin-bottom:0px !important;margin-left:0px !important;}<\/style><div class=\"stk-column-wrapper stk-block-column__content stk-container stk-3f739b8-container stk--no-background stk--no-padding\"><div class=\"stk-block-content stk-inner-blocks stk-3f739b8-inner-blocks\">\n\n\n<div class=\"wp-block-stackable-heading stk-block-heading stk-block-heading--v2 stk-block stk-ba93f5b\" id=\"desiree-hui\" data-block-id=\"ba93f5b\"><style>.stk-ba93f5b {margin-bottom:0px !important;}.stk-ba93f5b .stk-block-heading__text{color:var(--theme-palette-color-8, #ffffff) !important;line-height:1.1em !important;}<\/style><h1 class=\"stk-block-heading__text has-text-color has-palette-color-8-color\">Desiree Hui<\/h1><\/div>\n<\/div><\/div><\/div>\n<\/div><\/div>\n\n\n\n<div class=\"wp-block-stackable-spacer stk-block-spacer stk--no-padding stk-block stk-351fd8a\" data-block-id=\"351fd8a\"><style>.stk-351fd8a {height:50px !important;}@media screen and (max-width:999px){.stk-351fd8a {height:70px !important;}}@media screen and (max-width:689px){.stk-351fd8a {height:20px !important;}}<\/style><\/div>\n\n\n\n<div class=\"wp-block-stackable-columns stk-block-columns stk-block stk-4ef92d3 stk-block-background\" data-block-id=\"4ef92d3\"><style>.stk-4ef92d3 {background-color:var(--theme-palette-color-6, #f9fafb) !important;border-top-left-radius:12px !important;border-top-right-radius:12px !important;border-bottom-right-radius:12px !important;border-bottom-left-radius:12px !important;overflow:hidden !important;}.stk-4ef92d3:before{background-color:var(--theme-palette-color-6, #f9fafb) !important;}<\/style><div class=\"stk-row stk-inner-blocks stk-block-content stk-content-align stk-4ef92d3-column\">\n<div class=\"wp-block-stackable-column stk-block-column stk-column stk-block stk-31fb3de\" data-v=\"4\" data-block-id=\"31fb3de\"><style>@media screen and (min-width:690px){.stk-31fb3de {flex:var(--stk-flex-grow, 1) 1 calc(70% - var(--stk-column-gap, 0px) * 1 \/ 2 ) !important;}}<\/style><div class=\"stk-column-wrapper stk-block-column__content stk-container stk-31fb3de-container stk--no-background stk--no-padding\"><div class=\"stk-block-content stk-inner-blocks stk-31fb3de-inner-blocks\">\n<div class=\"wp-block-stackable-text stk-block-text stk-block stk-245379f\" data-block-id=\"245379f\"><p class=\"stk-block-text__text\">Desiree Hui est une sp\u00e9cialiste hautement reconnue en spectrom\u00e9trie de masse \u00e0 haute r\u00e9solution et en analyse de contaminants organiques complexes. Comptant plus de 18 ans d\u2019exp\u00e9rience au sein de laboratoires environnementaux et p\u00e9troliers, elle est reconnue pour son expertise approfondie des m\u00e9thodes EPA 1613 et 1668 ainsi que pour sa capacit\u00e9 \u00e0 d\u00e9velopper, optimiser et valider des m\u00e9thodes avanc\u00e9es pour les dioxines, les BPC et d\u2019autres contaminants pr\u00e9sents \u00e0 l\u2019\u00e9tat de traces.<\/p><\/div>\n\n\n\n<div class=\"wp-block-stackable-text stk-block-text stk-block stk-4473f30\" data-block-id=\"4473f30\"><style>.stk-4473f30 {margin-bottom:24px !important;}<\/style><p class=\"stk-block-text__text\">Son parcours comprend la direction d\u2019installations sp\u00e9cialis\u00e9es de salles blanches, la gestion de programmes d\u2019instrumentation pour les carburants et les lubrifiants, ainsi que l\u2019accompagnement technique des clients, de la production jusqu\u2019aux produits raffin\u00e9s. Sa ma\u00eetrise de la maintenance des instruments, de la supervision de la qualit\u00e9 et des essais d\u2019aptitude, notamment l\u2019obtention de l\u2019accr\u00e9ditation ISO 17043 pour un programme de qualit\u00e9 des produits p\u00e9troliers, fait d\u2019elle une experte de confiance au sein de l\u2019\u00e9quipe de chimie sp\u00e9cialis\u00e9e d\u2019AGAT.<\/p><\/div>\n<\/div><\/div><\/div>\n\n\n\n<div class=\"wp-block-stackable-column stk-block-column stk-column stk-block stk-92cfe37\" data-v=\"4\" data-block-id=\"92cfe37\"><style>@media screen and (min-width:690px){.stk-92cfe37 {flex:var(--stk-flex-grow, 1) 1 calc(30% - var(--stk-column-gap, 0px) * 1 \/ 2 ) !important;}}<\/style><div class=\"stk-column-wrapper stk-block-column__content stk-container stk-92cfe37-container stk--no-background stk--no-padding\"><div class=\"stk-block-content stk-inner-blocks stk-92cfe37-inner-blocks\">\n<div class=\"wp-block-stackable-image stk-block-image stk-block stk-f7da382\" id=\"graham-spray-m-sc-p-geo\" data-block-id=\"f7da382\"><style>.stk-f7da382 .stk-img-figcaption{text-align:left !important;}.stk-f7da382 {border-top-left-radius:16px !important;border-top-right-radius:16px !important;border-bottom-right-radius:16px !important;border-bottom-left-radius:16px !important;overflow:hidden !important;border-color:var(--theme-palette-color-3, #5a5a5a) !important;border-top-width:1px !important;border-right-width:1px !important;border-bottom-width:1px !important;border-left-width:1px !important;margin-bottom:16px !important;}.stk-f7da382 .stk-img-wrapper img{border-radius:0px !important;object-position:62% 9% !important;}<\/style><figure><span class=\"stk-img-wrapper stk-image--shape-stretch\"><img loading=\"lazy\" decoding=\"async\" class=\"stk-img wp-image-3089\" src=\"https:\/\/agatlabs.com\/wp-content\/uploads\/sme-desiree-hui-v3.webp\" width=\"600\" height=\"700\" alt=\"Portrait de Gita Pokhrel, chef de laboratoire - Services d&#039;essais p\u00e9troliers chez AGAT Laboratories.\" srcset=\"https:\/\/agatlabs.com\/wp-content\/uploads\/sme-desiree-hui-v3.webp 600w, https:\/\/agatlabs.com\/wp-content\/uploads\/sme-desiree-hui-v3-257x300.webp 257w, https:\/\/agatlabs.com\/wp-content\/uploads\/sme-desiree-hui-v3-10x12.webp 10w\" sizes=\"auto, (max-width: 600px) 100vw, 600px\" \/><\/span><\/figure><\/div>\n\n\n\n<div class=\"wp-block-stackable-heading stk-block-heading stk-block-heading--v2 stk-block stk-993d5e2\" id=\"desiree-hui-b-sc\" data-block-id=\"993d5e2\"><style>.stk-993d5e2 {margin-right:16px !important;margin-bottom:0px !important;margin-left:16px !important;}.stk-993d5e2 .stk-block-heading__text{font-size:22px !important;}@media screen and (max-width:999px){.stk-993d5e2 .stk-block-heading__text{font-size:22px !important;}}<\/style><h2 class=\"stk-block-heading__text\">Desiree Hui, B. Sc.<\/h2><\/div>\n\n\n\n<div class=\"wp-block-stackable-text stk-block-text stk-block stk-cfa19c3\" id=\"graham-spray-m-sc-p-geo\" data-block-id=\"cfa19c3\"><style>.stk-cfa19c3 {margin-right:16px !important;margin-left:16px !important;}<\/style><p class=\"stk-block-text__text\"><strong>Directrice des services de chimie sp\u00e9cialis\u00e9e<\/strong><br>AGAT Laboratoires<\/p><\/div>\n<\/div><\/div><\/div>\n<\/div><\/div>\n\n\n\n<div class=\"wp-block-stackable-spacer stk-block-spacer stk--no-padding stk-block stk-dff49dc\" data-block-id=\"dff49dc\"><style>.stk-dff49dc {height:50px !important;}@media screen and (max-width:999px){.stk-dff49dc {height:70px !important;}}@media screen and (max-width:689px){.stk-dff49dc {height:20px !important;}}<\/style><\/div>","protected":false},"excerpt":{"rendered":"<p>Desiree Hui est sp\u00e9cialis\u00e9e dans la spectrom\u00e9trie de masse \u00e0 haute r\u00e9solution et l'analyse des contaminants \u00e0 l'\u00e9tat de traces. Elle dirige le d\u00e9veloppement de m\u00e9thodes sophistiqu\u00e9es et la supervision de la qualit\u00e9 dans le cadre des programmes de chimie de sp\u00e9cialit\u00e9 d'AGAT.<\/p>","protected":false},"author":2,"featured_media":2920,"parent":2909,"menu_order":0,"comment_status":"closed","ping_status":"closed","template":"","meta":{"footnotes":""},"class_list":["post-2939","page","type-page","status-publish","has-post-thumbnail","hentry"],"blocksy_meta":{"page_title_panel":"","has_hero_section":"disabled","4c9fda44a86fd2db9b986554bd5adacc":"","hero_section":"type-1","hero_elements":[{"id":"custom_title","enabled":true,"heading_tag":"h1","title":"Accueil"},{"id":"custom_description","enabled":true,"description_visibility":{"desktop":true,"tablet":true,"mobile":false}},{"id":"custom_meta","enabled":false,"meta_elements":[{"id":"author","enabled":true,"label":"By","has_author_avatar":"yes","avatar_size":25},{"id":"post_date","enabled":true,"label":"On","date_format_source":"default","date_format":"M j, Y"},{"id":"updated_date","enabled":false,"label":"On","date_format_source":"default","date_format":"M j, Y"},{"id":"categories","enabled":false,"label":"In","style":"simple"},{"id":"comments","enabled":true}],"page_meta_elements":{"joined":true,"articles_count":true,"comments":true}},{"id":"breadcrumbs","enabled":false}],"66042b754988433a4cbe987eedc3ae87":"","hero_alignment1":"CT_CSS_SKIP_RULE","hero_margin":40,"hero_alignment2":"center","hero_vertical_alignment":"center","66b1c9575babd2492d521cdab8aeeeb8":"","hero_structure":"narrow","a4866dd9086b283ac9c9ed661667191f":"","page_title_bg_type":"featured_image","custom_hero_background":{"attachment_id":null},"parallax":{"desktop":false,"tablet":false,"mobile":false},"00191fa96e3391c316bf3a007888aea4":"","hero_height":"250px","pageTitleFont":{"family":"Default","variation":"Default","size":"30px","line-height":"CT_CSS_SKIP_RULE","letter-spacing":"CT_CSS_SKIP_RULE","text-transform":"CT_CSS_SKIP_RULE","text-decoration":"CT_CSS_SKIP_RULE"},"pageTitleFontColor":{"default":{"color":"CT_CSS_SKIP_RULEDEFAULT"}},"pageMetaFont":{"family":"Default","variation":"n6","size":"12px","line-height":"1.3","letter-spacing":"CT_CSS_SKIP_RULE","text-transform":"uppercase","text-decoration":"CT_CSS_SKIP_RULE"},"pageMetaFontColor":{"default":{"color":"CT_CSS_SKIP_RULEDEFAULT"},"hover":{"color":"CT_CSS_SKIP_RULEDEFAULT"}},"page_meta_button_type_font_colors":{"default":{"color":"CT_CSS_SKIP_RULEDEFAULT"},"hover":{"color":"CT_CSS_SKIP_RULEDEFAULT"}},"page_meta_button_type_background_colors":{"default":{"color":"CT_CSS_SKIP_RULEDEFAULT"},"hover":{"color":"CT_CSS_SKIP_RULEDEFAULT"}},"pageExcerptFont":{"family":"Default","variation":"Default","size":"CT_CSS_SKIP_RULE","line-height":"CT_CSS_SKIP_RULE","letter-spacing":"CT_CSS_SKIP_RULE","text-transform":"CT_CSS_SKIP_RULE","text-decoration":"CT_CSS_SKIP_RULE"},"pageExcerptColor":{"default":{"color":"CT_CSS_SKIP_RULEDEFAULT"}},"breadcrumbsFont":{"family":"Default","variation":"Default","size":"CT_CSS_SKIP_RULE","line-height":"CT_CSS_SKIP_RULE","letter-spacing":"CT_CSS_SKIP_RULE","text-transform":"CT_CSS_SKIP_RULE","text-decoration":"CT_CSS_SKIP_RULE"},"breadcrumbsFontColor":{"default":{"color":"CT_CSS_SKIP_RULEDEFAULT"},"initial":{"color":"CT_CSS_SKIP_RULEDEFAULT"},"hover":{"color":"CT_CSS_SKIP_RULEDEFAULT"}},"pageTitleOverlay":{"background_type":"color","background_pattern":"type-1","background_image":{"attachment_id":null,"x":0,"y":0},"gradient":"linear-gradient(135deg,rgba(6,147,227,1) 0%,rgb(155,81,224) 100%)","background_repeat":"repeat","background_size":"auto","background_attachment":"scroll","patternColor":{"default":{"color":"#e5e7ea"}},"overlayColor":{"default":{"color":"CT_CSS_SKIP_RULE"}},"backgroundColor":{"default":{"color":"CT_CSS_SKIP_RULE"}}},"pageTitleBackground":{"background_type":"color","background_pattern":"type-1","background_image":{"attachment_id":null,"x":0,"y":0},"gradient":"linear-gradient(135deg,rgba(6,147,227,1) 0%,rgb(155,81,224) 100%)","background_repeat":"repeat","background_size":"auto","background_attachment":"scroll","patternColor":{"default":{"color":"#e5e7ea"}},"overlayColor":{"default":{"color":"CT_CSS_SKIP_RULE"}},"backgroundColor":{"default":{"color":"var(--theme-palette-color-6)"}}},"pageTitlePadding":{"top":"50px","bottom":"50px","left":"auto","right":"auto","linked":true},"a3b0907b6ab61faa63e2bc8f813fc816":"","page_structure_type":"default","2812c2d977791092646ebe1ec21f2cc9":"","content_style_source":"inherit","content_style":"wide","vertical_spacing_source":"custom","content_area_spacing":"none","background":{"background_type":"color","background_pattern":"type-1","background_image":{"attachment_id":null,"x":0,"y":0},"gradient":"linear-gradient(135deg,rgba(6,147,227,1) 0%,rgb(155,81,224) 100%)","background_repeat":"repeat","background_size":"auto","background_attachment":"scroll","patternColor":{"default":{"color":"#e5e7ea"}},"overlayColor":{"default":{"color":"CT_CSS_SKIP_RULE"}},"backgroundColor":{"default":{"color":"CT_CSS_SKIP_RULE"}}},"content_background":{"background_type":"color","background_pattern":"type-1","background_image":{"attachment_id":null,"x":0,"y":0},"gradient":"linear-gradient(135deg,rgba(6,147,227,1) 0%,rgb(155,81,224) 100%)","background_repeat":"repeat","background_size":"auto","background_attachment":"scroll","patternColor":{"default":{"color":"#e5e7ea"}},"overlayColor":{"default":{"color":"CT_CSS_SKIP_RULE"}},"backgroundColor":{"default":{"color":"var(--theme-palette-color-8)"}}},"content_boxed_shadow":{"inherit":false,"blur":18,"spread":-6,"v_offset":12,"h_offset":0,"inset":false,"enable":true,"color":{"color":"rgba(34, 56, 101, 0.04)"}},"boxed_content_spacing":{"desktop":{"top":"40px","bottom":"40px","left":"40px","right":"40px","linked":true},"tablet":{"top":"35px","bottom":"35px","left":"35px","right":"35px","linked":true},"mobile":{"top":"20px","bottom":"20px","left":"20px","right":"20px","linked":true}},"content_boxed_radius":{"top":"3px","bottom":"3px","left":"3px","right":"3px","linked":true},"556d9b8bfe2e6d516b5f64f92b0da372":"","disable_featured_image":"no","disable_share_box":"no","disable_header":"no","disable_footer":"no","styles_descriptor":{"styles":{"desktop":"","tablet":"","mobile":""},"google_fonts":[],"version":6}},"aioseo_notices":[],"featured_image_src":"https:\/\/agatlabs.com\/wp-content\/uploads\/sme-desiree-hui-600x400.webp","featured_image_src_square":"https:\/\/agatlabs.com\/wp-content\/uploads\/sme-desiree-hui-600x600.webp","_links":{"self":[{"href":"https:\/\/agatlabs.com\/fr\/wp-json\/wp\/v2\/pages\/2939","targetHints":{"allow":["GET"]}}],"collection":[{"href":"https:\/\/agatlabs.com\/fr\/wp-json\/wp\/v2\/pages"}],"about":[{"href":"https:\/\/agatlabs.com\/fr\/wp-json\/wp\/v2\/types\/page"}],"author":[{"embeddable":true,"href":"https:\/\/agatlabs.com\/fr\/wp-json\/wp\/v2\/users\/2"}],"replies":[{"embeddable":true,"href":"https:\/\/agatlabs.com\/fr\/wp-json\/wp\/v2\/comments?post=2939"}],"version-history":[{"count":0,"href":"https:\/\/agatlabs.com\/fr\/wp-json\/wp\/v2\/pages\/2939\/revisions"}],"up":[{"embeddable":true,"href":"https:\/\/agatlabs.com\/fr\/wp-json\/wp\/v2\/pages\/2909"}],"wp:featuredmedia":[{"embeddable":true,"href":"https:\/\/agatlabs.com\/fr\/wp-json\/wp\/v2\/media\/2920"}],"wp:attachment":[{"href":"https:\/\/agatlabs.com\/fr\/wp-json\/wp\/v2\/media?parent=2939"}],"curies":[{"name":"wp","href":"https:\/\/api.w.org\/{rel}","templated":true}]}}